{"id":9893,"date":"2025-05-14T21:45:55","date_gmt":"2025-05-14T19:45:55","guid":{"rendered":"https:\/\/sailiz.fr\/product\/la-t-shirt-bianca-sailiz-x-the-lost-fin\/"},"modified":"2026-04-03T05:48:33","modified_gmt":"2026-04-03T03:48:33","slug":"la-t-shirt-bianca-sailiz-x-the-lost-fin","status":"publish","type":"product","link":"https:\/\/sailiz.fr\/it\/prodotto\/la-t-shirt-bianca-sailiz-x-the-lost-fin\/","title":{"rendered":"La t-shirt bianca Sailiz X The Lost Fin"},"content":{"rendered":"<h3 class=\"\" data-start=\"135\" data-end=\"196\">T-shirt bianca a maniche corte \u2013 Sailiz x The Lost Fin<\/h3>\n<p class=\"\" data-start=\"197\" data-end=\"250\"><strong data-start=\"197\" data-end=\"250\">Made in France \u2013 Minimalismo impegnato, spirito marino<\/strong><\/p>\n<p class=\"\" data-start=\"252\" data-end=\"463\">Semplicit\u00e0, autenticit\u00e0 e responsabilit\u00e0. Questa t-shirt bianca a maniche corte \u00e8 molto pi\u00f9 di un capo base: \u00e8 un pezzo forte, prodotto in Francia, che porta avanti i valori di Sailiz e The Lost Fin. <\/p>\n<p class=\"\" data-start=\"465\" data-end=\"495\">\ud83c\uddeb\ud83c\uddf7 <strong data-start=\"470\" data-end=\"493\">100% Made in France<\/strong><\/p>\n<ul data-start=\"496\" data-end=\"696\">\n<li class=\"\" data-start=\"496\" data-end=\"540\">\n<p class=\"\" data-start=\"498\" data-end=\"540\">Tessuta, tinta e confezionata in Francia<\/p>\n<\/li>\n<li class=\"\" data-start=\"541\" data-end=\"638\">\n<p class=\"\" data-start=\"543\" data-end=\"638\"><strong data-start=\"543\" data-end=\"568\">100% cotone biologico<\/strong>: morbido, resistente e rispettoso della tua pelle e del pianeta<\/p>\n<\/li>\n<li class=\"\" data-start=\"639\" data-end=\"696\">\n<p class=\"\" data-start=\"641\" data-end=\"696\">Taglio dritto, facile da indossare ogni giorno<\/p>\n<\/li>\n<\/ul>\n<p class=\"\" data-start=\"698\" data-end=\"732\">\ud83c\udfa8 <strong data-start=\"701\" data-end=\"730\">Creazione originale Sailiz<\/strong><\/p>\n<ul data-start=\"733\" data-end=\"920\">\n<li class=\"\" data-start=\"733\" data-end=\"786\">\n<p class=\"\" data-start=\"735\" data-end=\"786\"><strong data-start=\"735\" data-end=\"753\">Motivo esclusivo<\/strong> ispirato all&#8217;universo nautico The Lost Fin per SAILIZ<\/p>\n<\/li>\n<li class=\"\" data-start=\"787\" data-end=\"875\">\n<p class=\"\" data-start=\"789\" data-end=\"875\"><strong data-start=\"789\" data-end=\"815\">Serigrafia artigianale<\/strong> realizzata a <strong data-start=\"827\" data-end=\"849\">Lorient (Bretagna)<\/strong><\/p>\n<\/li>\n<li class=\"\" data-start=\"876\" data-end=\"920\">\n<p class=\"\" data-start=\"878\" data-end=\"920\">Finiture accurate e scollatura rinforzata<\/p>\n<\/li>\n<\/ul>\n<p class=\"\" data-start=\"922\" data-end=\"1157\">\ud83c\udf3f <strong data-start=\"925\" data-end=\"974\">Una t-shirt a basso impatto, dal forte carattere<\/strong><br data-start=\"974\" data-end=\"977\">Indossare questa t-shirt significa scegliere un capo sostenibile, ideato e prodotto in filiera corta. Ideale in mare come in citt\u00e0. <\/p>\n","protected":false},"excerpt":{"rendered":"<h3 class=\"\" data-start=\"135\" data-end=\"196\">T-shirt bianca a maniche corte \u2013 Sailiz x The Lost Fin<\/h3>\n<p class=\"\" data-start=\"197\" data-end=\"250\"><strong data-start=\"197\" data-end=\"250\">Made in France \u2013 Minimalismo impegnato, spirito marino<\/strong><\/p>\n<p class=\"\" data-start=\"252\" data-end=\"463\">Semplicit\u00e0, autenticit\u00e0 e responsabilit\u00e0. Questa t-shirt bianca a maniche corte \u00e8 molto pi\u00f9 di un capo base: \u00e8 un pezzo forte, prodotto in Francia, che porta avanti i valori di Sailiz e The Lost Fin. <\/p>\n<p class=\"\" data-start=\"465\" data-end=\"495\">\ud83c\uddeb\ud83c\uddf7 <strong data-start=\"470\" data-end=\"493\">100% Made in France<\/strong><\/p>\n<ul data-start=\"496\" data-end=\"696\">\n<li class=\"\" data-start=\"496\" data-end=\"540\">\n<p class=\"\" data-start=\"498\" data-end=\"540\">Tessuta, tinta e confezionata in Francia<\/p>\n<\/li>\n<li class=\"\" data-start=\"541\" data-end=\"638\">\n<p class=\"\" data-start=\"543\" data-end=\"638\"><strong data-start=\"543\" data-end=\"568\">100% cotone biologico<\/strong>: morbido, resistente e rispettoso della tua pelle e del pianeta<\/p>\n<\/li>\n<li class=\"\" data-start=\"639\" data-end=\"696\">\n<p class=\"\" data-start=\"641\" data-end=\"696\">Taglio dritto, facile da indossare ogni giorno<\/p>\n<\/li>\n<\/ul>\n<p class=\"\" data-start=\"698\" data-end=\"732\">\ud83c\udfa8 <strong data-start=\"701\" data-end=\"730\">Creazione originale Sailiz<\/strong><\/p>\n<ul data-start=\"733\" data-end=\"920\">\n<li class=\"\" data-start=\"733\" data-end=\"786\">\n<p class=\"\" data-start=\"735\" data-end=\"786\"><strong data-start=\"735\" data-end=\"753\">Motivo esclusivo<\/strong> ispirato all&#8217;universo nautico The Lost Fin per SAILIZ<\/p>\n<\/li>\n<li class=\"\" data-start=\"787\" data-end=\"875\">\n<p class=\"\" data-start=\"789\" data-end=\"875\"><strong data-start=\"789\" data-end=\"815\">Serigrafia artigianale<\/strong> realizzata a <strong data-start=\"827\" data-end=\"849\">Lorient (Bretagna)<\/strong><\/p>\n<\/li>\n<li class=\"\" data-start=\"876\" data-end=\"920\">\n<p class=\"\" data-start=\"878\" data-end=\"920\">Finiture accurate e scollatura rinforzata<\/p>\n<\/li>\n<\/ul>\n<p class=\"\" data-start=\"922\" data-end=\"1157\">\ud83c\udf3f <strong data-start=\"925\" data-end=\"974\">Una t-shirt a basso impatto, dal forte carattere<\/strong><br data-start=\"974\" data-end=\"977\">Indossare questa t-shirt significa scegliere un capo sostenibile, ideato e prodotto in filiera corta. Ideale in mare come in citt\u00e0. <\/p>\n","protected":false},"featured_media":9908,"comment_status":"open","ping_status":"closed","template":"","meta":{"_acf_changed":false},"product_brand":[],"product_cat":[96],"product_tag":[],"class_list":{"0":"post-9893","1":"product","2":"type-product","3":"status-publish","4":"has-post-thumbnail","6":"product_cat-t-shirt","8":"first","9":"instock","10":"sale","11":"taxable","12":"shipping-taxable","13":"purchasable","14":"product-type-variable","15":"add-to-wishlist-after_add_to_cart"},"acf":[],"_links":{"self":[{"href":"https:\/\/sailiz.fr\/it\/wp-json\/wp\/v2\/product\/9893","targetHints":{"allow":["GET"]}}],"collection":[{"href":"https:\/\/sailiz.fr\/it\/wp-json\/wp\/v2\/product"}],"about":[{"href":"https:\/\/sailiz.fr\/it\/wp-json\/wp\/v2\/types\/product"}],"replies":[{"embeddable":true,"href":"https:\/\/sailiz.fr\/it\/wp-json\/wp\/v2\/comments?post=9893"}],"wp:featuredmedia":[{"embeddable":true,"href":"https:\/\/sailiz.fr\/it\/wp-json\/wp\/v2\/media\/9908"}],"wp:attachment":[{"href":"https:\/\/sailiz.fr\/it\/wp-json\/wp\/v2\/media?parent=9893"}],"wp:term":[{"taxonomy":"product_brand","embeddable":true,"href":"https:\/\/sailiz.fr\/it\/wp-json\/wp\/v2\/product_brand?post=9893"},{"taxonomy":"product_cat","embeddable":true,"href":"https:\/\/sailiz.fr\/it\/wp-json\/wp\/v2\/product_cat?post=9893"},{"taxonomy":"product_tag","embeddable":true,"href":"https:\/\/sailiz.fr\/it\/wp-json\/wp\/v2\/product_tag?post=9893"}],"curies":[{"name":"wp","href":"https:\/\/api.w.org\/{rel}","templated":true}]}}