{"id":10348,"date":"2026-01-07T21:24:04","date_gmt":"2026-01-07T20:24:04","guid":{"rendered":"https:\/\/sailiz.fr\/product\/le-giacche-imperfette\/"},"modified":"2026-01-07T21:24:04","modified_gmt":"2026-01-07T20:24:04","slug":"le-giacche-imperfette","status":"publish","type":"product","link":"https:\/\/sailiz.fr\/it\/prodotto\/le-giacche-imperfette\/","title":{"rendered":"Le giacche imperfette"},"content":{"rendered":"<p><span dir=\"auto\" style=\"vertical-align: inherit;\"><span dir=\"auto\" style=\"vertical-align: inherit;\">Perch\u00e9 l&#8217;eco-responsabilit\u00e0 \u00e8 al centro delle nostre preoccupazioni. Ti offriamo giacche imperfette, di seconda scelta con difetti minori, puramente estetici. <\/span><\/span><\/p>\n<p><strong><span dir=\"auto\" style=\"vertical-align: inherit;\"><span dir=\"auto\" style=\"vertical-align: inherit;\">Perch\u00e9 scegliere una giacca tra le nostre imperfette?<\/span><\/span><\/strong><\/p>\n<p><strong><span dir=\"auto\" style=\"vertical-align: inherit;\"><span dir=\"auto\" style=\"vertical-align: inherit;\">Risparmio<\/span><\/span><\/strong><span dir=\"auto\" style=\"vertical-align: inherit;\"><span dir=\"auto\" style=\"vertical-align: inherit;\">: Le nostre giacche di seconda scelta sono vendute a prezzo ridotto rispetto ai modelli impeccabili. Benefici di una qualit\u00e0 eccezionale a un costo inferiore.<\/span><\/span><\/p>\n<p><strong><span dir=\"auto\" style=\"vertical-align: inherit;\"><span dir=\"auto\" style=\"vertical-align: inherit;\">Riduzione degli sprechi<\/span><\/span><\/strong><span dir=\"auto\" style=\"vertical-align: inherit;\"><span dir=\"auto\" style=\"vertical-align: inherit;\">: Scegliendo un prodotto di seconda scelta, partecipi attivamente alla riduzione degli sprechi. Queste giacche presentano difetti minori (come lievi imperfezioni nelle cuciture\/assemblaggio), ma sono comunque funzionali e durevoli.<\/span><\/span><\/p>\n<p><strong><span dir=\"auto\" style=\"vertical-align: inherit;\"><span dir=\"auto\" style=\"vertical-align: inherit;\">Comfort e prestazioni<\/span><\/span><\/strong><span dir=\"auto\" style=\"vertical-align: inherit;\"><span dir=\"auto\" style=\"vertical-align: inherit;\">: Le nostre giacche sono progettate per offrire un comfort ottimale in mare. Il loro design unico si adatta alla forma femminile e i materiali traspiranti e durevoli garantiscono prestazioni eccezionali.<\/span><\/span><\/p>\n<p><strong><span dir=\"auto\" style=\"vertical-align: inherit;\"><span dir=\"auto\" style=\"vertical-align: inherit;\">Descrizione dei difetti: <\/span><\/span><\/strong><\/p>\n<p><span dir=\"auto\" style=\"vertical-align: inherit;\"><span dir=\"auto\" style=\"vertical-align: inherit;\">Difetto di assemblaggio tasca anteriore: modifica estetica visibile solo all&#8217;interno. <\/span><\/span><br \/>\n<span dir=\"auto\" style=\"vertical-align: inherit;\"><span dir=\"auto\" style=\"vertical-align: inherit;\">Piccole macchie di colla in eccesso all&#8217;interno e zone delle cerniere anteriori = estetico. <\/span><\/span><br \/>\n<span dir=\"auto\" style=\"vertical-align: inherit;\"><span dir=\"auto\" style=\"vertical-align: inherit;\">Leggera sfilacciatura visibile in alcune cuciture = estetico. <\/span><\/span><br \/>\n<span dir=\"auto\" style=\"vertical-align: inherit;\"><span dir=\"auto\" style=\"vertical-align: inherit;\">Foto disponibili su richiesta.<\/span><\/span><\/p>\n<h6><em><span dir=\"auto\" style=\"vertical-align: inherit;\"><span dir=\"auto\" style=\"vertical-align: inherit;\">Questo prodotto non \u00e8 coperto dalla garanzia SAILIZ. Nessun reso o cambio. <\/span><\/span><\/em><\/h6>\n","protected":false},"excerpt":{"rendered":"<p><span dir=\"auto\" style=\"vertical-align: inherit;\"><span dir=\"auto\" style=\"vertical-align: inherit;\">Perch\u00e9 l&#8217;eco-responsabilit\u00e0 \u00e8 al centro delle nostre preoccupazioni. Ti offriamo giacche imperfette, di seconda scelta con difetti minori, puramente estetici. <\/span><\/span><\/p>\n<p><strong><span dir=\"auto\" style=\"vertical-align: inherit;\"><span dir=\"auto\" style=\"vertical-align: inherit;\">Perch\u00e9 scegliere una giacca tra le nostre imperfette?<\/span><\/span><\/strong><\/p>\n<p><strong><span dir=\"auto\" style=\"vertical-align: inherit;\"><span dir=\"auto\" style=\"vertical-align: inherit;\">Risparmio<\/span><\/span><\/strong><span dir=\"auto\" style=\"vertical-align: inherit;\"><span dir=\"auto\" style=\"vertical-align: inherit;\">: Le nostre giacche di seconda scelta sono vendute a prezzo ridotto rispetto ai modelli impeccabili. Benefici di una qualit\u00e0 eccezionale a un costo inferiore.<\/span><\/span><\/p>\n<p><strong><span dir=\"auto\" style=\"vertical-align: inherit;\"><span dir=\"auto\" style=\"vertical-align: inherit;\">Riduzione degli sprechi<\/span><\/span><\/strong><span dir=\"auto\" style=\"vertical-align: inherit;\"><span dir=\"auto\" style=\"vertical-align: inherit;\">: Scegliendo un prodotto di seconda scelta, partecipi attivamente alla riduzione degli sprechi. Queste giacche presentano difetti minori (come lievi imperfezioni nelle cuciture\/assemblaggio), ma sono comunque funzionali e durevoli.<\/span><\/span><\/p>\n<p><strong><span dir=\"auto\" style=\"vertical-align: inherit;\"><span dir=\"auto\" style=\"vertical-align: inherit;\">Comfort e prestazioni<\/span><\/span><\/strong><span dir=\"auto\" style=\"vertical-align: inherit;\"><span dir=\"auto\" style=\"vertical-align: inherit;\">: Le nostre giacche sono progettate per offrire un comfort ottimale in mare. Il loro design unico si adatta alla forma femminile e i materiali traspiranti e durevoli garantiscono prestazioni eccezionali.<\/span><\/span><\/p>\n<p><strong><span dir=\"auto\" style=\"vertical-align: inherit;\"><span dir=\"auto\" style=\"vertical-align: inherit;\">Descrizione dei difetti: <\/span><\/span><\/strong><\/p>\n<p><span dir=\"auto\" style=\"vertical-align: inherit;\"><span dir=\"auto\" style=\"vertical-align: inherit;\">Difetto di assemblaggio tasca anteriore: modifica estetica visibile solo all&#8217;interno. <\/span><\/span><br \/>\n<span dir=\"auto\" style=\"vertical-align: inherit;\"><span dir=\"auto\" style=\"vertical-align: inherit;\">Piccole macchie di colla in eccesso all&#8217;interno e zone delle cerniere anteriori = estetico. <\/span><\/span><br \/>\n<span dir=\"auto\" style=\"vertical-align: inherit;\"><span dir=\"auto\" style=\"vertical-align: inherit;\">Leggera sfilacciatura visibile in alcune cuciture = estetico. <\/span><\/span><br \/>\n<span dir=\"auto\" style=\"vertical-align: inherit;\"><span dir=\"auto\" style=\"vertical-align: inherit;\">Foto disponibili su richiesta.<\/span><\/span><\/p>\n<h6><em><span dir=\"auto\" style=\"vertical-align: inherit;\"><span dir=\"auto\" style=\"vertical-align: inherit;\">Questo prodotto non \u00e8 coperto dalla garanzia SAILIZ. <\/span><\/span><\/em><\/h6>\n","protected":false},"featured_media":10349,"comment_status":"open","ping_status":"closed","template":"","meta":{"_acf_changed":false},"product_brand":[],"product_cat":[51],"product_tag":[],"class_list":{"0":"post-10348","1":"product","2":"type-product","3":"status-publish","4":"has-post-thumbnail","6":"product_cat-veste","8":"first","9":"instock","10":"sale","11":"taxable","12":"shipping-taxable","13":"purchasable","14":"product-type-variable","15":"add-to-wishlist-after_add_to_cart"},"acf":[],"_links":{"self":[{"href":"https:\/\/sailiz.fr\/it\/wp-json\/wp\/v2\/product\/10348","targetHints":{"allow":["GET"]}}],"collection":[{"href":"https:\/\/sailiz.fr\/it\/wp-json\/wp\/v2\/product"}],"about":[{"href":"https:\/\/sailiz.fr\/it\/wp-json\/wp\/v2\/types\/product"}],"replies":[{"embeddable":true,"href":"https:\/\/sailiz.fr\/it\/wp-json\/wp\/v2\/comments?post=10348"}],"wp:featuredmedia":[{"embeddable":true,"href":"https:\/\/sailiz.fr\/it\/wp-json\/wp\/v2\/media\/10349"}],"wp:attachment":[{"href":"https:\/\/sailiz.fr\/it\/wp-json\/wp\/v2\/media?parent=10348"}],"wp:term":[{"taxonomy":"product_brand","embeddable":true,"href":"https:\/\/sailiz.fr\/it\/wp-json\/wp\/v2\/product_brand?post=10348"},{"taxonomy":"product_cat","embeddable":true,"href":"https:\/\/sailiz.fr\/it\/wp-json\/wp\/v2\/product_cat?post=10348"},{"taxonomy":"product_tag","embeddable":true,"href":"https:\/\/sailiz.fr\/it\/wp-json\/wp\/v2\/product_tag?post=10348"}],"curies":[{"name":"wp","href":"https:\/\/api.w.org\/{rel}","templated":true}]}}