{"id":10218,"date":"2025-06-15T23:26:37","date_gmt":"2025-06-15T21:26:37","guid":{"rendered":"https:\/\/sailiz.fr\/product\/giacca-element-offshore\/"},"modified":"2025-06-15T23:26:37","modified_gmt":"2025-06-15T21:26:37","slug":"giacca-element-offshore","status":"publish","type":"product","link":"https:\/\/sailiz.fr\/it\/prodotto\/giacca-element-offshore\/","title":{"rendered":"Giacca Element Offshore"},"content":{"rendered":"<p>Preparati per le tue prossime avventure in mare con la nuova giacca offshore da donna Sailiz. Unendo innovazione, durabilit\u00e0 e comfort, questa giacca \u00e8 l&#8217;equipaggiamento ideale per affrontare le condizioni meteo pi\u00f9 estreme. <\/p>\n<p><strong>Caratteristiche della giacca offshore Sailiz:<\/strong><br \/>\n&#8211; <strong>Tecnologia a 3 strati<\/strong>: Impermeabilit\u00e0 e traspirabilit\u00e0 eccezionali per restare asciutte e comode.<br \/>\n&#8211;<strong> Eco-responsabile<\/strong>: la giacca \u00e8 interamente riciclabile, riparabile a vita e garantita senza PFC.<br \/>\n&#8211; <strong>Taglio aderente e femminile<\/strong>: Progettata per adattarsi perfettamente alle morfologie femminili, resistente e confortevole. Un mix ideale tra cerata e giacca da guardia. <\/p>\n<p>&nbsp;<\/p>\n<p><strong>Dettagli:<\/strong><br \/>\n&#8211; <strong>Cappuccio ergonomico:<\/strong> Protezione ottimale contro vento e pioggia, con visione libera per una navigazione in tutta sicurezza.<br \/>\n&#8211; <strong>Dettagli riflettenti<\/strong>: Per una visibilit\u00e0 aumentata in condizioni di scarsa luminosit\u00e0.<br \/>\n&#8211; <strong>Polsi regolabili<\/strong>: Per una vestibilit\u00e0 personalizzata e una protezione massima contro le intemperie.<br \/>\n&#8211; <strong>Tasche multifunzione<\/strong>: Spazi pratici per tenere i tuoi essenziali a portata di mano.<\/p>\n<p>&nbsp;<\/p>\n<p><em><strong>Perch\u00e9 scegliere la giacca offshore Sailiz?<\/strong><\/em><\/p>\n<p>Perch\u00e9 \u00e8 il frutto di un&#8217;esperienza e di una passione per la navigazione, testata e approvata da veliste professioniste. Scegliendo Sailiz, sostieni un marchio che pone l&#8217;inclusione e la sostenibilit\u00e0 al centro del suo sviluppo. <\/p>\n<h5><\/h5>\n","protected":false},"excerpt":{"rendered":"<p>Preparati per le tue prossime avventure in mare con la nuova giacca offshore Sailiz. Unendo innovazione, durabilit\u00e0 e comfort, questa giacca \u00e8 l&#8217;equipaggiamento ideale per affrontare le condizioni meteo pi\u00f9 estreme. <\/p>\n<p><strong>Caratteristiche della giacca offshore Sailiz:<\/strong><br \/>\n&#8211; <strong>Tecnologia a 3 strati Sympatex\u00ae<\/strong>: Impermeabilit\u00e0 e traspirabilit\u00e0 eccezionali per restare asciutte e comode.<br \/>\n&#8211;<strong> Eco-responsabile<\/strong>: Realizzata con un laminato monomateriale, la giacca \u00e8 interamente riciclabile, riparabile a vita e garantita senza PFC.<br \/>\n&#8211; <strong>Taglio aderente ed ergonomico:<\/strong> Progettata per adattarsi perfettamente alle morfologie femminili, resistente e confortevole. Un mix ideale tra cerata e giacca da guardia. <\/p>\n<p><em><strong>Perch\u00e9 scegliere la giacca offshore Sailiz?<\/strong><\/em><\/p>\n<p>Perch\u00e9 \u00e8 il frutto di un&#8217;esperienza e di una passione per la navigazione, testata e approvata da veliste professioniste. Scegliendo Sailiz, sostieni un marchio che pone l&#8217;inclusione e la sostenibilit\u00e0 al centro del suo sviluppo. <\/p>\n<p><strong>Pack Salopette + Giacca Offshore, se desideri taglie diverse <a href=\"https:\/\/sailiz.fr\/it\/contatto\/\">contattaci<\/a><\/strong><\/p>\n<pre>Disponibile dalla S alla XXL Guida alle taglie  <a href=\"https:\/\/sailiz.fr\/it\/aiuto\/\">qui  <\/a><\/pre>\n<p><em>*colori dei motivi non contrattuali.<\/em><\/p>\n","protected":false},"featured_media":11102,"comment_status":"open","ping_status":"closed","template":"","meta":{"_acf_changed":false},"product_brand":[],"product_cat":[110],"product_tag":[],"class_list":{"0":"post-10218","1":"product","2":"type-product","3":"status-publish","4":"has-post-thumbnail","6":"product_cat-giacca","8":"first","9":"instock","10":"taxable","11":"shipping-taxable","12":"purchasable","13":"product-type-variable","14":"add-to-wishlist-after_add_to_cart"},"acf":[],"_links":{"self":[{"href":"https:\/\/sailiz.fr\/it\/wp-json\/wp\/v2\/product\/10218","targetHints":{"allow":["GET"]}}],"collection":[{"href":"https:\/\/sailiz.fr\/it\/wp-json\/wp\/v2\/product"}],"about":[{"href":"https:\/\/sailiz.fr\/it\/wp-json\/wp\/v2\/types\/product"}],"replies":[{"embeddable":true,"href":"https:\/\/sailiz.fr\/it\/wp-json\/wp\/v2\/comments?post=10218"}],"wp:featuredmedia":[{"embeddable":true,"href":"https:\/\/sailiz.fr\/it\/wp-json\/wp\/v2\/media\/11102"}],"wp:attachment":[{"href":"https:\/\/sailiz.fr\/it\/wp-json\/wp\/v2\/media?parent=10218"}],"wp:term":[{"taxonomy":"product_brand","embeddable":true,"href":"https:\/\/sailiz.fr\/it\/wp-json\/wp\/v2\/product_brand?post=10218"},{"taxonomy":"product_cat","embeddable":true,"href":"https:\/\/sailiz.fr\/it\/wp-json\/wp\/v2\/product_cat?post=10218"},{"taxonomy":"product_tag","embeddable":true,"href":"https:\/\/sailiz.fr\/it\/wp-json\/wp\/v2\/product_tag?post=10218"}],"curies":[{"name":"wp","href":"https:\/\/api.w.org\/{rel}","templated":true}]}}