{"id":10568,"date":"2023-08-23T17:37:21","date_gmt":"2023-08-23T15:37:21","guid":{"rendered":"https:\/\/sailiz.fr\/informativa-sulla-privacy\/"},"modified":"2026-03-10T06:25:51","modified_gmt":"2026-03-10T05:25:51","slug":"informativa-sulla-privacy","status":"publish","type":"page","link":"https:\/\/sailiz.fr\/it\/informativa-sulla-privacy\/","title":{"rendered":"Informativa sulla privacy"},"content":{"rendered":"\t\t<div data-elementor-type=\"wp-page\" data-elementor-id=\"10568\" class=\"elementor elementor-10568 elementor-827\" data-elementor-post-type=\"page\">\n\t\t\t\t<section class=\"elementor-element elementor-element-1329de6 e-flex e-con-boxed e-con e-parent\" data-id=\"1329de6\" data-element_type=\"container\" data-e-type=\"container\">\n\t\t\t\t\t<div class=\"e-con-inner\">\n\t\t\t\t<div class=\"elementor-element elementor-element-4f29133 elementor-widget elementor-widget-heading\" data-id=\"4f29133\" data-element_type=\"widget\" data-e-type=\"widget\" data-widget_type=\"heading.default\">\n\t\t\t\t\t<h1 class=\"elementor-heading-title elementor-size-default\">Informativa sulla privacy<\/h1>\t\t\t\t<\/div>\n\t\t<div class=\"elementor-element elementor-element-ed8eacc e-con-full e-flex e-con e-child\" data-id=\"ed8eacc\" data-element_type=\"container\" data-e-type=\"container\">\n\t\t\t\t<div class=\"elementor-element elementor-element-a0ea982 elementor-widget elementor-widget-heading\" data-id=\"a0ea982\" data-element_type=\"widget\" data-e-type=\"widget\" data-widget_type=\"heading.default\">\n\t\t\t\t\t<h2 class=\"elementor-heading-title elementor-size-default\">1 - Politica di protezione dei dati personali<\/h2>\t\t\t\t<\/div>\n\t\t\t\t<div class=\"elementor-element elementor-element-dae5771 elementor-widget elementor-widget-text-editor\" data-id=\"dae5771\" data-element_type=\"widget\" data-e-type=\"widget\" data-widget_type=\"text-editor.default\">\n\t\t\t\t\t\t\t\t\t<p>Ti invitiamo a consultare la nostra Informativa sulla privacy (\u201cInformativa\u201d). Questa Informativa si applica ai dati personali raccolti sul sito web collegato a Sailiz SAS (la \u201cSociet\u00e0\u201d, \u201cNoi\u201d). Questa Informativa presenta inoltre le opzioni a tua disposizione riguardanti le modalit\u00e0 di raccolta e di utilizzo di tali informazioni.  <br><br>Inoltre, l&#8217;accesso al sito implica espressamente l&#8217;accettazione delle nostre Condizioni d&#8217;uso. La presente Informativa sulla privacy \u00e8 inclusa attraverso questo riferimento alle Condizioni d&#8217;uso. <br><br>Ti raccomandiamo di consultare regolarmente questa Informativa sulla privacy per restare informato sulle modalit\u00e0 di trattamento dei tuoi dati personali da parte della nostra Societ\u00e0.<br><br>Ti invitiamo a leggere attentamente la presente informativa sulla privacy poich\u00e9, accedendo al sito e\/o creando un account presso di noi o permettendo a terzi di utilizzare i siti a tuo nome, accetti i termini di questa informativa sulla privacy e ci autorizzi a raccogliere, utilizzare, divulgare, trasferire e conservare i tuoi dati personali o altre informazioni che ci vengono comunicate a seguito di tale utilizzo, in conformit\u00e0 con la presente informativa sulla privacy. Se rifiuti i termini di questa informativa sulla privacy, ti chiediamo di non utilizzare i siti. <\/p>\t\t\t\t\t\t\t\t<\/div>\n\t\t\t\t<\/div>\n\t\t<div class=\"elementor-element elementor-element-50f05a9 e-con-full e-flex e-con e-child\" data-id=\"50f05a9\" data-element_type=\"container\" data-e-type=\"container\">\n\t\t\t\t<div class=\"elementor-element elementor-element-4389601 elementor-widget elementor-widget-heading\" data-id=\"4389601\" data-element_type=\"widget\" data-e-type=\"widget\" data-widget_type=\"heading.default\">\n\t\t\t\t\t<h2 class=\"elementor-heading-title elementor-size-default\">2- Quali sono le informazioni raccolte?\n<\/h2>\t\t\t\t<\/div>\n\t\t\t\t<div class=\"elementor-element elementor-element-1628d8e elementor-widget elementor-widget-text-editor\" data-id=\"1628d8e\" data-element_type=\"widget\" data-e-type=\"widget\" data-widget_type=\"text-editor.default\">\n\t\t\t\t\t\t\t\t\t<p><span style=\"font-weight: 400;\">Quando utilizzi il nostro sito, raccogliamo i tuoi dati personali. I tipi di dati personali raccolti variano a seconda delle funzionalit\u00e0 che utilizzi su di essi. I dati personali si riferiscono alle informazioni che permettono di identificare direttamente una persona o che possono essere utilizzate per determinarne l&#8217;identit\u00e0. Possono includere:   <\/span><\/p><p><span style=\"font-weight: 400;\"> <\/span><\/p><ul><li style=\"font-weight: 400;\" aria-level=\"1\"><span style=\"font-weight: 400;\">Informazioni sull&#8217;acquisto: quando effettui un acquisto, potremmo raccogliere il tuo nome, il tuo indirizzo di fatturazione, il tuo indirizzo di spedizione, il tuo indirizzo e-mail, il tuo numero di telefono, il numero della tua carta di credito e la sua data di scadenza. Queste informazioni ci permettono di fornirti i prodotti e i servizi che hai ordinato o richiesto, di elaborare e spedire gli ordini, di inviare conferme d&#8217;ordine e di spedizione (o qualsiasi altra informazione legata a una transazione) e\/o di garantire il servizio clienti. <\/span><span style=\"font-weight: 400;\"><br><\/span><span style=\"font-weight: 400;\">  <\/span><\/li><li style=\"font-weight: 400;\" aria-level=\"1\"><span style=\"font-weight: 400;\">Informazioni sull&#8217;account: se crei un account presso di noi, potremmo raccogliere il tuo nome, il tuo indirizzo e-mail, il tuo indirizzo postale, il tuo codice postale, la tua data di nascita e il tuo sesso. Queste informazioni ci permetteranno di monitorare i tuoi ordini, di tenerti informato sulle offerte speciali e sugli aggiornamenti dei Siti e di facilitare il processo d&#8217;acquisto. <\/span><span style=\"font-weight: 400;\"><br><\/span><span style=\"font-weight: 400;\"> <\/span><\/li><li style=\"font-weight: 400;\" aria-level=\"1\"><span style=\"font-weight: 400;\">Informazioni destinate alle comunicazioni commerciali: se accetti di ricevere messaggi promozionali da parte nostra, potremmo raccogliere il tuo nome, il tuo indirizzo e-mail, il tuo indirizzo postale, il tuo sesso e la tua data di nascita. Queste informazioni ci permetteranno di informarti sui saldi, sulle offerte speciali e sulle nuove funzionalit\u00e0 disponibili sui nostri Siti. <\/span><span style=\"font-weight: 400;\"><br><\/span><span style=\"font-weight: 400;\"> <\/span><\/li><li style=\"font-weight: 400;\" aria-level=\"1\"><span style=\"font-weight: 400;\">Informazioni legate alle richieste di informazioni: se ci rivolgi una domanda o se ci chiedi di comunicare via mail, potremmo raccogliere il tuo nome e il tuo indirizzo e-mail. Queste informazioni ci permetteranno di rispondere alla tua domanda o di ricontattarti. <\/span><span style=\"font-weight: 400;\"><br><\/span><span style=\"font-weight: 400;\"> <\/span><\/li><li style=\"font-weight: 400;\" aria-level=\"1\"><span style=\"font-weight: 400;\">Informazioni legate agli eventi promozionali: se partecipi a un evento promozionali (ad esempio, un concorso o una lotteria) da noi sponsorizzato, potremmo raccogliere il tuo nome, il tuo indirizzo e-mail e altri recapiti. Queste informazioni ci permetteranno di rispettare le modalit\u00e0 dell&#8217;evento promozionale e di informarti sulle offerte promozionali e sulle offerte speciali, sui saldi e sulle nuove funzionalit\u00e0 disponibili sui nostri Siti. Saranno inoltre soggette alle disposizioni applicabili all&#8217;evento promozionale.  <\/span><span style=\"font-weight: 400;\"><br><\/span><span style=\"font-weight: 400;\"> <\/span><\/li><li style=\"font-weight: 400;\" aria-level=\"1\"><span style=\"font-weight: 400;\">Informazioni legate ai sondaggi: se accetti di partecipare a uno dei nostri sondaggi online, potremmo raccogliere il tuo nome, la tua et\u00e0, il tuo codice postale, le tue abitudini d&#8217;acquisto e il tuo indirizzo e-mail e\/o postale. Queste informazioni ci permetteranno di conoscere meglio i nostri clienti. <\/span><span style=\"font-weight: 400;\"><br><\/span> <span style=\"font-weight: 400;\"><br><\/span><span style=\"font-weight: 400;\"> <\/span><\/li><li style=\"font-weight: 400;\" aria-level=\"1\"><span style=\"font-weight: 400;\">Dati relativi al tuo utilizzo dei nostri servizi online: i nostri servizi online raccolgono dati di navigazione che possono permettere di identificare il tuo terminale quando accedi al nostro Sito o lo consulti. In questo contesto, potremmo raccogliere l&#8217;indirizzo IP del terminale connesso a Internet, il tipo di browser e il sistema operativo utilizzati, nonch\u00e9 altri dati trattati automaticamente, come il tuo fornitore di servizi Internet, il sito web dal quale hai effettuato l&#8217;accesso al nostro Sito, il numero di pagine consultate sul nostro Sito, l&#8217;utilizzo del nostro Sito, il tempo trascorso su ogni pagina, ecc. Questi dati possono essere utilizzati per garantire il funzionamento del nostro Sito, l&#8217;implementazione dei nostri servizi e il monitoraggio e l&#8217;analisi delle visite al nostro Sito.  <\/span><span style=\"font-weight: 400;\"><br><\/span><span style=\"font-weight: 400;\"> <\/span><\/li><\/ul><p><span style=\"font-weight: 400;\">La sezione precedente fornisce esempi dei dati personali che potremmo raccogliere sui nostri Siti e del possibile utilizzo di tali dati personali. Se non desideri che raccogliamo i tuoi dati personali, ti chiediamo di non comunicarceli, di non utilizzare i nostri servizi e di non accedere ai nostri Siti. <\/span><\/p>\t\t\t\t\t\t\t\t<\/div>\n\t\t\t\t<\/div>\n\t\t<div class=\"elementor-element elementor-element-e711108 e-con-full e-flex e-con e-child\" data-id=\"e711108\" data-element_type=\"container\" data-e-type=\"container\">\n\t\t\t\t<div class=\"elementor-element elementor-element-cdb6fb9 elementor-widget elementor-widget-heading\" data-id=\"cdb6fb9\" data-element_type=\"widget\" data-e-type=\"widget\" data-widget_type=\"heading.default\">\n\t\t\t\t\t<h2 class=\"elementor-heading-title elementor-size-default\">3 - Chi \u00e8 il responsabile del trattamento dei dati?\n\n<\/h2>\t\t\t\t<\/div>\n\t\t\t\t<div class=\"elementor-element elementor-element-fc023bf elementor-widget elementor-widget-text-editor\" data-id=\"fc023bf\" data-element_type=\"widget\" data-e-type=\"widget\" data-widget_type=\"text-editor.default\">\n\t\t\t\t\t\t\t\t\t<p>Il responsabile del trattamento dei tuoi dati personali \u00e8: la societ\u00e0 Sailiz SAS, con capitale di 2.000 euro, la cui sede si trova in Francia, al 42 avenue de la Perri\u00e8re 56100 Lorient, iscritta al Registro del commercio e delle societ\u00e0 di Lorient, Francia, con il numero 952 461 689, il cui numero di partita IVA intracomunitaria \u00e8 FR13952461689, il cui indirizzo e-mail \u00e8: contact@sailiz.com (\u201cnoi\u201d, \u201cnostri\u201d, \u201cnostro\u201d).<\/p><p>Quando comunichi dati personali a un Marchio, quest&#8217;ultimo si impegna a rispettare la normativa locale applicabile. Successivamente, il trattamento dei tuoi dati personali per fini di gestione della nostra relazione commerciale o contrattuale legata ai nostri prodotti e servizi, o per fini di attuazione della nostra politica commerciale, \u00e8 realizzato sotto il controllo e in conformit\u00e0 con la politica commerciale di Sailiz SAS, responsabile del trattamento dei dati. <\/p>\t\t\t\t\t\t\t\t<\/div>\n\t\t\t\t<\/div>\n\t\t<div class=\"elementor-element elementor-element-621cae2 e-con-full e-flex e-con e-child\" data-id=\"621cae2\" data-element_type=\"container\" data-e-type=\"container\">\n\t\t\t\t<div class=\"elementor-element elementor-element-fb0bc91 elementor-widget elementor-widget-heading\" data-id=\"fb0bc91\" data-element_type=\"widget\" data-e-type=\"widget\" data-widget_type=\"heading.default\">\n\t\t\t\t\t<h2 class=\"elementor-heading-title elementor-size-default\">4 - Modalit\u00e0 di raccolta dei dati personali<\/h2>\t\t\t\t<\/div>\n\t\t\t\t<div class=\"elementor-element elementor-element-2460f50 elementor-widget elementor-widget-text-editor\" data-id=\"2460f50\" data-element_type=\"widget\" data-e-type=\"widget\" data-widget_type=\"text-editor.default\">\n\t\t\t\t\t\t\t\t\t<p>Raccolta passiva<\/p><p>La raccolta dei dati pu\u00f2 avvenire in modo passivo, quando consulti i nostri Siti o interagisci con essi. Parliamo di raccolta \u201cpassiva\u201d perch\u00e9 non sai necessariamente che i dati in questione vengono raccolti durante queste visite o interazioni. Le informazioni raccolte possono includere i seguenti elementi: indirizzo IP dei visitatori dei siti web, informazioni legate all&#8217;indirizzo IP, indirizzo MAC (Media Access Control) del sistema, informazioni sulla configurazione della rete, informazioni sul dispositivo di rete, tipo di plug-in e versione del browser, e sistema operativo.  <\/p><p>Cookie e altri identificatori di sessione:<\/p><p>Come molti siti, utilizziamo la tecnologia cosiddetta dei \u201ccookie\u201d. Un cookie \u00e8 un insieme di dati depositato sul tuo browser quando accedi ai Siti. La legislazione ci obbliga a fornirti alcune informazioni riguardanti questi cookie.   <br>Quando accedi ai nostri Servizi, diversi tipi di cookie possono essere depositati sul tuo Dispositivo. Possono essere classificati in base alla loro origine, alle loro caratteristiche tecniche e allo scopo perseguito. Queste categorie non sono incompatibili tra loro e un cookie pu\u00f2 appartenere a pi\u00f9 di una delle seguenti categorie.  <\/p><p>I cookie interni sono depositati sul tuo Dispositivo direttamente da noi e sono leggibili solo dai nostri Servizi. Pu\u00f2 trattarsi di cookie di sessione o di cookie persistenti. Utilizziamo in particolare i cookie interni per accelerare il processo di connessione, arricchire l&#8217;esperienza fornita dai nostri Servizi, realizzare analisi interne e misurazioni dell&#8217;audience, e adattare i nostri Servizi o le nostre offerte in base ai tuoi interessi.  <\/p><p>I cookie di terze parti sono inseriti sul tuo Dispositivo da terze parti che forniscono i servizi integrati nei nostri Servizi. Sono utilizzati in particolare per le misurazioni dell&#8217;audience e per migliorare la pertinenza del contenuto dei nostri Servizi. <\/p><p>I cookie di sessione sono cookie depositati sul tuo Dispositivo durante una sessione di navigazione e che cessano di essere applicati alla chiusura del browser. Noi e i nostri partner utilizziamo i cookie di sessione per diverse ragioni, e in particolare per gestire e misurare il tuo accesso ai nostri Servizi e l&#8217;uso che ne fai durante una stessa sessione di navigazione, e per aiutarti a utilizzare pi\u00f9 efficacemente tali Servizi. Ad esempio, i cookie di sessione permettono di ricordare ai nostri Servizi che il tuo Dispositivo \u00e8 connesso.  <\/p><p>I cookie persistenti sono depositati sul tuo Dispositivo durante una sessione di navigazione e vi sono conservati per una durata stabilita. I cookie persistenti permettono in particolare ai nostri Servizi di riconoscere il tuo Dispositivo quando apri una nuova sessione di navigazione per accedere a tali Servizi, e assicurare cos\u00ec una connessione pi\u00f9 rapida. Noi e i nostri partner utilizziamo inoltre i cookie persistanti a fini di analisi.  <\/p><p>I cookie tecnici ci permettono di identificare il tuo Dispositivo e di sapere che sei un utente ricorrente; permettono inoltre di salvare le preferenze che hai definito durante i precedenti accessi ai nostri Servizi. I cookie tecnici ci danno la possibilit\u00e0 di proporti contenuti adatti ai tuoi interessi ed evitano di dover inserire le stesse informazioni ogni volta che utilizzi i nostri Servizi. <\/p><p>Le nostre raccomandazioni personalizzate derivanti dall&#8217;utilizzo di questi cookie tecnici fanno parte integrante del nostro dovere di consulenza. Sono essenziali per la vendita dei nostri prodotti e per i nostri Servizi e ci permettono di consigliarti al meglio. <\/p><p>I cookie pubblicitari ci permettono di personalizzare il contenuto e le pubblicit\u00e0 visibili quando accedi ai Servizi, o che vengono visualizzate nei servizi di terze parti per promuovere i nostri Servizi.<\/p><p>I cookie dei social network permettono di verificare se sei connesso ai servizi di social network di tali terze parti (Facebook, Twitter, Google+\u2026).<\/p><p>I cookie di profilazione ci permettono di mirare (per campagne via e-mail, per l&#8217;arricchimento del nostro database) il Dispositivo dell&#8217;utente, a posteriori o in tempo reale.<\/p><p>I cookie di analisi ci permettono di monitorare il traffico sui nostri Servizi (sia per conoscere l&#8217;utilizzo dei Servizi che per migliorare le funzionalit\u00e0 offerte da tali Servizi) e di misurare e verificare l&#8217;efficacia del nostro contenuto interattivo online, delle sue caratteristiche, della pubblicit\u00e0 e di altri elementi di comunicazione.<\/p><p>Raccolta diretta<\/p><p>Possiamo inoltre raccogliere direttamente dati presso di te, quando ci fornisci informazioni tramite il Sito. Ad esempio, se ci contatti per aderire al nostro programma, beneficiare di prodotti e servizi, porre domande o comunicarci le tue osservazioni o i tuoi commenti (che siano pubblicati o meno) riguardo al Sito o ai nostri prodotti e servizi, potremmo registrare le informazioni comunicate, incluse eventuali dati personali, al fine di gestire efficacemente la tua richiesta. Se non desideri che i tuoi dati personali siano raccolti direttamente, ti chiediamo di non comunicarceli.  <\/p>\t\t\t\t\t\t\t\t<\/div>\n\t\t\t\t<\/div>\n\t\t<div class=\"elementor-element elementor-element-fc979fa e-con-full e-flex e-con e-child\" data-id=\"fc979fa\" data-element_type=\"container\" data-e-type=\"container\">\n\t\t\t\t<div class=\"elementor-element elementor-element-203f0e8 elementor-widget elementor-widget-heading\" data-id=\"203f0e8\" data-element_type=\"widget\" data-e-type=\"widget\" data-widget_type=\"heading.default\">\n\t\t\t\t\t<h2 class=\"elementor-heading-title elementor-size-default\">5 - Diritti degli utenti <\/h2>\t\t\t\t<\/div>\n\t\t\t\t<div class=\"elementor-element elementor-element-b3b0dd4 elementor-widget elementor-widget-text-editor\" data-id=\"b3b0dd4\" data-element_type=\"widget\" data-e-type=\"widget\" data-widget_type=\"text-editor.default\">\n\t\t\t\t\t\t\t\t\t<p>Ogni utente interessato dal trattamento dei propri dati personali pu\u00f2 avvalersi dei seguenti diritti, in applicazione del regolamento europeo 2016\/679 e della Legge Informatica e Libert\u00e0 (Legge 78-17 del 6 gennaio 1978): <br>Diritto di accesso, di rettifica e diritto alla cancellazione dei dati (stabiliti rispettivamente agli articoli 15, 16 e 17 del GDPR); <br>Diritto alla portabilit\u00e0 dei dati (articolo 20 del GDPR);<br>Diritto alla limitazione (articolo 18 del GDPR) e all&#8217;opposizione al trattamento dei dati (articolo 21 del GDPR); <br>Diritto di non essere oggetto di una decisione basata esclusivamente su un processo automatizzato; <br>Diritto di determinare il destino dei dati dopo la morte; <br>Diritto di rivolgersi all&#8217;autorit\u00e0 di controllo competente (articolo 77 del GDPR).<\/p><p>Per esercitare i tuoi diritti, invia la tua e-mail a Sailiz all&#8217;indirizzo contact@sailiz.com affinch\u00e9 il responsabile del trattamento dei dati possa dare seguito alla richiesta; l&#8217;utente pu\u00f2 essere tenuto a comunicargli alcune informazioni quali: nome e cognome, indirizzo e-mail nonch\u00e9 il numero di account, di spazio personale o di abbonato. <br>Consulta il sito cnil.fr per maggiori informazioni sui tuoi diritti.<\/p><p>L&#8217;editore del sito sailiz.com si riserva il diritto di poter modificare la presente Informativa in qualsiasi momento al fine di garantire agli utenti del sito la conformit\u00e0 con il diritto vigente. <br>Le eventuali modifiche non potranno avere incidenza sugli acquisti precedentemente effettuati sul sito, i quali restano soggetti all&#8217;Informativa in vigore al momento dell&#8217;acquisto e cos\u00ec come accettata dall&#8217;utente al momento della convalida dell&#8217;acquisto. <br>L&#8217;utente \u00e8 invitato a prendere visione di questa Informativa ogni volta che utilizza i nostri servizi, senza che sia necessario avvisarlo formalmente. <br>La presente informativa, redatta il 24 agosto 2023, \u00e8 stata aggiornata il 24 agosto 2023.<\/p>\t\t\t\t\t\t\t\t<\/div>\n\t\t\t\t<\/div>\n\t\t\t\t\t<\/div>\n\t\t\t\t<\/section>\n\t\t\t\t<\/div>\n\t\t","protected":false},"excerpt":{"rendered":"<p>Informativa sulla privacy 1 &#8211; Politica di protezione dei dati personali Ti invitiamo a consultare la nostra Informativa sulla privacy (\u201cInformativa\u201d). Questa Informativa si applica ai dati personali raccolti sul sito web collegato a Sailiz SAS (la \u201cSociet\u00e0\u201d, \u201cNoi\u201d). Questa Informativa presenta inoltre le opzioni a tua disposizione riguardanti le modalit\u00e0 di raccolta e di [&hellip;]<\/p>\n","protected":false},"author":1,"featured_media":0,"parent":0,"menu_order":0,"comment_status":"closed","ping_status":"closed","template":"","meta":{"_acf_changed":false,"footnotes":""},"class_list":["post-10568","page","type-page","status-publish","hentry"],"acf":[],"_links":{"self":[{"href":"https:\/\/sailiz.fr\/it\/wp-json\/wp\/v2\/pages\/10568","targetHints":{"allow":["GET"]}}],"collection":[{"href":"https:\/\/sailiz.fr\/it\/wp-json\/wp\/v2\/pages"}],"about":[{"href":"https:\/\/sailiz.fr\/it\/wp-json\/wp\/v2\/types\/page"}],"author":[{"embeddable":true,"href":"https:\/\/sailiz.fr\/it\/wp-json\/wp\/v2\/users\/1"}],"replies":[{"embeddable":true,"href":"https:\/\/sailiz.fr\/it\/wp-json\/wp\/v2\/comments?post=10568"}],"version-history":[{"count":0,"href":"https:\/\/sailiz.fr\/it\/wp-json\/wp\/v2\/pages\/10568\/revisions"}],"wp:attachment":[{"href":"https:\/\/sailiz.fr\/it\/wp-json\/wp\/v2\/media?parent=10568"}],"curies":[{"name":"wp","href":"https:\/\/api.w.org\/{rel}","templated":true}]}}