{"id":10185,"date":"2026-02-26T19:52:10","date_gmt":"2026-02-26T18:52:10","guid":{"rendered":"https:\/\/sailiz.fr\/benvenuta-in-sailiz\/"},"modified":"2026-03-17T16:03:01","modified_gmt":"2026-03-17T15:03:01","slug":"benvenuta-in-sailiz","status":"publish","type":"page","link":"https:\/\/sailiz.fr\/it\/benvenuta-in-sailiz\/","title":{"rendered":"Benvenuta in Sailiz"},"content":{"rendered":"\t\t<div data-elementor-type=\"wp-page\" data-elementor-id=\"10185\" class=\"elementor elementor-10185 elementor-9202\" data-elementor-post-type=\"page\">\n\t\t\t\t<section class=\"elementor-element elementor-element-4b7c195 e-flex e-con-boxed e-con e-parent\" data-id=\"4b7c195\" data-element_type=\"container\" data-e-type=\"container\">\n\t\t\t\t\t<div class=\"e-con-inner\">\n\t\t\t\t<div class=\"elementor-element elementor-element-1d46a72 elementor-widget elementor-widget-heading\" data-id=\"1d46a72\" data-element_type=\"widget\" data-e-type=\"widget\" data-widget_type=\"heading.default\">\n\t\t\t\t\t<h1 class=\"elementor-heading-title elementor-size-default\">Benvenuta in Sailiz<\/h1>\t\t\t\t<\/div>\n\t\t\t\t<div class=\"elementor-element elementor-element-dea9ccd elementor-widget elementor-widget-text-editor\" data-id=\"dea9ccd\" data-element_type=\"widget\" data-e-type=\"widget\" data-widget_type=\"text-editor.default\">\n\t\t\t\t\t\t\t\t\t<p>Sono migliaia a navigare con una salopette troppo larga sulle spalle, bretelle che scivolano, una chiusura che in mare non si riesce ad aprire da sole. Ci si arrangia. Ci si \u00e8 sempre arrangiate.  <\/p><p>Eppure, \u201carrangiarsi\u201d in navigazione non \u00e8 solo una questione di comfort. Un equipaggiamento che non veste bene \u00e8 un rischio reale: un gesto sbagliato, un capo che risale nel momento sbagliato, una protezione che non protegge davvero. E, col tempo, significa anche dolori, stanchezza inutile e quella sensazione vaga di non essere del tutto al proprio posto.  <\/p><p>Il settore nautico \u00e8 stato costruito a lungo per un solo tipo di corpo. Le donne sono arrivate, in numero, e l\u2019equipaggiamento non ha tenuto il passo. <\/p>\t\t\t\t\t\t\t\t<\/div>\n\t\t\t\t<div class=\"elementor-element elementor-element-d70c76b elementor-widget elementor-widget-video\" data-id=\"d70c76b\" data-element_type=\"widget\" data-e-type=\"widget\" data-settings=\"{&quot;video_type&quot;:&quot;hosted&quot;,&quot;show_image_overlay&quot;:&quot;yes&quot;,&quot;image_overlay&quot;:{&quot;url&quot;:&quot;https:\\\/\\\/sailiz.fr\\\/wp-content\\\/uploads\\\/2026\\\/03\\\/SAILIZ-1-232.jpg&quot;,&quot;id&quot;:11123,&quot;size&quot;:&quot;&quot;,&quot;alt&quot;:&quot;Sol\\u00e8ne Saclier fondatrice de Sailiz&quot;,&quot;source&quot;:&quot;library&quot;},&quot;controls&quot;:&quot;yes&quot;}\" data-widget_type=\"video.default\">\n\t\t\t\t\t\t\t<div class=\"e-hosted-video elementor-wrapper elementor-open-inline\">\n\t\t\t\t\t<video class=\"elementor-video\" src=\"&lt;iframe src=&quot;https:\/\/www.linkedin.com\/embed\/feed\/update\/urn:li:ugcPost:7354066263414833152?compact=1&quot; height=&quot;399&quot; width=&quot;504&quot; frameborder=&quot;0&quot; allowfullscreen=&quot;&quot; title=&quot;Articolo incorporato&quot;&gt;&lt;\/iframe&gt;\" controls=\"\" preload=\"auto\" controlsList=\"nodownload\" poster=\"https:\/\/sailiz.fr\/wp-content\/uploads\/2026\/03\/SAILIZ-1-232.jpg\"><\/video>\n\t\t\t\t\t\t<div class=\"elementor-custom-embed-image-overlay\" style=\"background-image: url(https:\/\/sailiz.fr\/wp-content\/uploads\/2026\/03\/SAILIZ-1-232.jpg);\">\n\t\t\t\t\t\t\t\t\t\t\t\t\t\t\t\t<div class=\"elementor-custom-embed-play\" role=\"button\" aria-label=\"Riproduci video su Sol\u00e8ne Saclier fondatrice de Sailiz\" tabindex=\"0\">\n\t\t\t\t\t\t\t<svg aria-hidden=\"true\" class=\"e-font-icon-svg e-eicon-play\" viewBox=\"0 0 1000 1000\" xmlns=\"http:\/\/www.w3.org\/2000\/svg\"><path d=\"M838 162C746 71 633 25 500 25 371 25 258 71 163 162 71 254 25 367 25 500 25 633 71 746 163 837 254 929 367 979 500 979 633 979 746 933 838 837 929 746 975 633 975 500 975 367 929 254 838 162M808 192C892 279 933 379 933 500 933 621 892 725 808 808 725 892 621 938 500 938 379 938 279 896 196 808 113 725 67 621 67 500 67 379 108 279 196 192 279 108 383 62 500 62 621 62 721 108 808 192M438 392V642L642 517 438 392Z\"><\/path><\/svg>\t\t\t\t\t\t<\/div>\n\t\t\t\t\t\t\t\t\t<\/div>\n\t\t\t\t\t<\/div>\n\t\t\t\t\t\t<\/div>\n\t\t\t\t\t<\/div>\n\t\t\t\t<\/section>\n\t\t<section class=\"elementor-element elementor-element-d37530a e-flex e-con-boxed e-con e-parent\" data-id=\"d37530a\" data-element_type=\"container\" data-e-type=\"container\" data-settings=\"{&quot;background_background&quot;:&quot;classic&quot;}\">\n\t\t\t\t\t<div class=\"e-con-inner\">\n\t\t\t\t<div class=\"elementor-element elementor-element-f95c73d elementor-widget elementor-widget-heading\" data-id=\"f95c73d\" data-element_type=\"widget\" data-e-type=\"widget\" data-widget_type=\"heading.default\">\n\t\t\t\t\t<h2 class=\"elementor-heading-title elementor-size-default\">La fondatrice<\/h2>\t\t\t\t<\/div>\n\t\t\t\t<div class=\"elementor-element elementor-element-621eb67 elementor-widget elementor-widget-image\" data-id=\"621eb67\" data-element_type=\"widget\" data-e-type=\"widget\" data-widget_type=\"image.default\">\n\t\t\t\t\t\t\t\t\t\t\t\t\t\t\t<img loading=\"lazy\" decoding=\"async\" width=\"2000\" height=\"1300\" src=\"https:\/\/sailiz.fr\/wp-content\/uploads\/2026\/02\/Frame-4-1.jpg\" class=\"attachment-full size-full wp-image-10187\" alt=\"\" srcset=\"https:\/\/sailiz.fr\/wp-content\/uploads\/2026\/02\/Frame-4-1.jpg 2000w, https:\/\/sailiz.fr\/wp-content\/uploads\/2026\/02\/Frame-4-1-300x195.jpg 300w, https:\/\/sailiz.fr\/wp-content\/uploads\/2026\/02\/Frame-4-1-1024x666.jpg 1024w, https:\/\/sailiz.fr\/wp-content\/uploads\/2026\/02\/Frame-4-1-768x499.jpg 768w, https:\/\/sailiz.fr\/wp-content\/uploads\/2026\/02\/Frame-4-1-1536x998.jpg 1536w, https:\/\/sailiz.fr\/wp-content\/uploads\/2026\/02\/Frame-4-1-595xh.jpg 595w, https:\/\/sailiz.fr\/wp-content\/uploads\/2026\/02\/Frame-4-1-600x390.jpg 600w\" sizes=\"auto, (max-width: 2000px) 100vw, 2000px\" \/>\t\t\t\t\t\t\t\t\t\t\t\t\t\t\t<\/div>\n\t\t\t\t<div class=\"elementor-element elementor-element-09c43ed elementor-widget elementor-widget-text-editor\" data-id=\"09c43ed\" data-element_type=\"widget\" data-e-type=\"widget\" data-widget_type=\"text-editor.default\">\n\t\t\t\t\t\t\t\t\t<p>\u00c8 questa realt\u00e0 che Sol\u00e8ne Saclier ha voluto cambiare. Anche lei navigatrice, per molto tempo ha cercato \u2014 senza trovarlo \u2014 un equipaggiamento davvero adatto alla sua morfologia. Nel 2023 lancia Sailiz a Lorient e inizia ponendo la domanda dove andava posta: alle donne direttamente interessate.  <\/p><p>In meno di quindici giorni, oltre 200 navigatrici rispondono al suo questionario. Parlano di tagli pensati per altre, di taglie che per loro non esistono, di dettagli tecnici che sembrano insignificanti ma che rendono ogni uscita un po\u2019 pi\u00f9 complicata di quanto dovrebbe. <\/p><p><strong>\u00ab Non volevo adattare capi maschili. Volevo ripartire da zero, con loro, per loro. \u00bb <\/strong><\/p><p>Sol\u00e8ne co-progetta ogni capo con navigatrici \u2014 diportiste, regatanti, professioniste. Nessun prodotto viene approvato senza test in condizioni reali. <\/p>\t\t\t\t\t\t\t\t<\/div>\n\t\t\t\t\t<\/div>\n\t\t\t\t<\/section>\n\t\t<section class=\"elementor-element elementor-element-c3a03f5 e-flex e-con-boxed e-con e-parent\" data-id=\"c3a03f5\" data-element_type=\"container\" data-e-type=\"container\" data-settings=\"{&quot;background_background&quot;:&quot;classic&quot;}\">\n\t\t\t\t\t<div class=\"e-con-inner\">\n\t\t\t\t<div class=\"elementor-element elementor-element-40b319c elementor-widget elementor-widget-heading\" data-id=\"40b319c\" data-element_type=\"widget\" data-e-type=\"widget\" data-widget_type=\"heading.default\">\n\t\t\t\t\t<h2 class=\"elementor-heading-title elementor-size-default\">Equipaggiamento pensato davvero per navigare<\/h2>\t\t\t\t<\/div>\n\t\t\t\t<div class=\"elementor-element elementor-element-da094de elementor-widget elementor-widget-text-editor\" data-id=\"da094de\" data-element_type=\"widget\" data-e-type=\"widget\" data-widget_type=\"text-editor.default\">\n\t\t\t\t\t\t\t\t\t<p>Tutto l\u2019equipaggiamento Sailiz nasce da un principio semplice: una navigatrice non dovrebbe mai dover pensare al proprio equipaggiamento in mare. Deve essere l\u00ec, efficace, senza doverci pensare. <\/p><p>Questo significa tagli studiati per la morfologia femminile, chiusure maneggevoli con i guanti, bretelle sganciabili con una sola mano, impermeabilit\u00e0 senza compromessi chimici. E una produzione responsabile: tessuti europei senza PFC, assemblaggio con termosaldatura, prodotti riparabili e riciclabili. <\/p>\t\t\t\t\t\t\t\t<\/div>\n\t\t\t\t\t<\/div>\n\t\t\t\t<\/section>\n\t\t<section class=\"elementor-element elementor-element-d40b93c e-flex e-con-boxed e-con e-parent\" data-id=\"d40b93c\" data-element_type=\"container\" data-e-type=\"container\" data-settings=\"{&quot;background_background&quot;:&quot;classic&quot;}\">\n\t\t\t\t\t<div class=\"e-con-inner\">\n\t\t\t\t<div class=\"elementor-element elementor-element-e81d95d elementor-widget elementor-widget-heading\" data-id=\"e81d95d\" data-element_type=\"widget\" data-e-type=\"widget\" data-widget_type=\"heading.default\">\n\t\t\t\t\t<h2 class=\"elementor-heading-title elementor-size-default\">I nostri impegni<\/h2>\t\t\t\t<\/div>\n\t\t\t\t<div class=\"elementor-element elementor-element-51f2ee8 elementor-widget elementor-widget-text-editor\" data-id=\"51f2ee8\" data-element_type=\"widget\" data-e-type=\"widget\" data-widget_type=\"text-editor.default\">\n\t\t\t\t\t\t\t\t\t<ul><li><strong>Senza PFC<\/strong> \u2014 Impermeabilit\u00e0 senza sostanze chimiche fluorurate, per la tua salute e quella dell\u2019oceano.<\/li><li><strong>Sourcing europeo<\/strong> \u2014 Tessuti tecnici approvvigionati in Europa, produzione in prossimit\u00e0.<\/li><li><strong>Riparabile<\/strong> \u2014 Una soluzione di riparazione proposta per tutta la vita del prodotto.<\/li><li><strong>100% riciclabile<\/strong> \u2014 Un fine vita pensato fin dalla progettazione.<\/li><li><strong>Co-progettato<\/strong> \u2014 Ogni capo sviluppato con navigatrici. Nessuna decisione presa senza di loro. <\/li><\/ul>\t\t\t\t\t\t\t\t<\/div>\n\t\t\t\t<div class=\"elementor-element elementor-element-31e774d elementor-widget elementor-widget-text-editor\" data-id=\"31e774d\" data-element_type=\"widget\" data-e-type=\"widget\" data-widget_type=\"text-editor.default\">\n\t\t\t\t\t\t\t\t\t\u00ab Il mare appartiene a tutte quelle che lo scelgono. L\u2019equipaggiamento non dovrebbe mai essere un ostacolo. \u00bb\t\t\t\t\t\t\t\t<\/div>\n\t\t\t\t\t<\/div>\n\t\t\t\t<\/section>\n\t\t<div class=\"elementor-element elementor-element-2244d84 e-flex e-con-boxed e-con e-parent\" data-id=\"2244d84\" data-element_type=\"container\" data-e-type=\"container\">\n\t\t\t\t\t<div class=\"e-con-inner\">\n\t\t\t\t\t<\/div>\n\t\t\t\t<\/div>\n\t\t\t\t<\/div>\n\t\t","protected":false},"excerpt":{"rendered":"<p>Benvenuta in Sailiz Sono migliaia a navigare con una salopette troppo larga sulle spalle, bretelle che scivolano, una chiusura che in mare non si riesce ad aprire da sole. Ci si arrangia. Ci si \u00e8 sempre arrangiate. Eppure, \u201carrangiarsi\u201d in navigazione non \u00e8 solo una questione di comfort. Un equipaggiamento che non veste bene \u00e8 [&hellip;]<\/p>\n","protected":false},"author":55,"featured_media":0,"parent":0,"menu_order":0,"comment_status":"closed","ping_status":"closed","template":"elementor_header_footer","meta":{"_acf_changed":false,"footnotes":""},"class_list":["post-10185","page","type-page","status-publish","hentry"],"acf":[],"_links":{"self":[{"href":"https:\/\/sailiz.fr\/it\/wp-json\/wp\/v2\/pages\/10185","targetHints":{"allow":["GET"]}}],"collection":[{"href":"https:\/\/sailiz.fr\/it\/wp-json\/wp\/v2\/pages"}],"about":[{"href":"https:\/\/sailiz.fr\/it\/wp-json\/wp\/v2\/types\/page"}],"author":[{"embeddable":true,"href":"https:\/\/sailiz.fr\/it\/wp-json\/wp\/v2\/users\/55"}],"replies":[{"embeddable":true,"href":"https:\/\/sailiz.fr\/it\/wp-json\/wp\/v2\/comments?post=10185"}],"version-history":[{"count":0,"href":"https:\/\/sailiz.fr\/it\/wp-json\/wp\/v2\/pages\/10185\/revisions"}],"wp:attachment":[{"href":"https:\/\/sailiz.fr\/it\/wp-json\/wp\/v2\/media?parent=10185"}],"curies":[{"name":"wp","href":"https:\/\/api.w.org\/{rel}","templated":true}]}}