{"id":10169,"date":"2024-12-03T07:00:18","date_gmt":"2024-12-03T06:00:18","guid":{"rendered":"https:\/\/sailiz.fr\/professionisti-della-nautica\/"},"modified":"2026-03-10T06:12:41","modified_gmt":"2026-03-10T05:12:41","slug":"professionisti-della-nautica","status":"publish","type":"page","link":"https:\/\/sailiz.fr\/it\/professionisti-della-nautica\/","title":{"rendered":"Professionisti della nautica"},"content":{"rendered":"\t\t<div data-elementor-type=\"wp-page\" data-elementor-id=\"10169\" class=\"elementor elementor-10169 elementor-3081\" data-elementor-post-type=\"page\">\n\t\t\t\t<div class=\"elementor-element elementor-element-1aa7dee e-flex e-con-boxed e-con e-parent\" data-id=\"1aa7dee\" data-element_type=\"container\" data-e-type=\"container\">\n\t\t\t\t\t<div class=\"e-con-inner\">\n\t\t\t\t<div class=\"elementor-element elementor-element-374e724 elementor-widget elementor-widget-heading\" data-id=\"374e724\" data-element_type=\"widget\" data-e-type=\"widget\" data-widget_type=\"heading.default\">\n\t\t\t\t\t<h1 class=\"elementor-heading-title elementor-size-default\">Professionisti della nautica<\/h1>\t\t\t\t<\/div>\n\t\t\t\t\t<\/div>\n\t\t\t\t<\/div>\n\t\t<div class=\"elementor-element elementor-element-7a136f3 e-flex e-con-boxed e-con e-parent\" data-id=\"7a136f3\" data-element_type=\"container\" data-e-type=\"container\">\n\t\t\t\t\t<div class=\"e-con-inner\">\n\t\t\t\t<div class=\"elementor-element elementor-element-57d436e e-n-tabs-mobile elementor-widget elementor-widget-n-tabs\" data-id=\"57d436e\" data-element_type=\"widget\" data-e-type=\"widget\" data-settings=\"{&quot;horizontal_scroll&quot;:&quot;disable&quot;}\" data-widget_type=\"nested-tabs.default\">\n\t\t\t\t\t\t\t<div class=\"e-n-tabs\" data-widget-number=\"92095342\" aria-label=\"Schede. Apri gli elementi con Invio o Spazio, chiudili con Esc e naviga con i tasti freccia.\">\n\t\t\t<div class=\"e-n-tabs-heading\" role=\"tablist\">\n\t\t\t\t\t<button id=\"e-n-tab-title-920953421\" data-tab-title-id=\"e-n-tab-title-920953421\" class=\"e-n-tab-title\" aria-selected=\"true\" data-tab-index=\"1\" role=\"tab\" tabindex=\"0\" aria-controls=\"e-n-tab-content-920953421\" style=\"--n-tabs-title-order: 1;\">\n\t\t\t\t\t\t<span class=\"e-n-tab-title-text\">\n\t\t\t\tProfessionisti\t\t\t<\/span>\n\t\t<\/button>\n\t\t\t\t<button id=\"e-n-tab-title-920953422\" data-tab-title-id=\"e-n-tab-title-920953422\" class=\"e-n-tab-title\" aria-selected=\"false\" data-tab-index=\"2\" role=\"tab\" tabindex=\"-1\" aria-controls=\"e-n-tab-content-920953422\" style=\"--n-tabs-title-order: 2;\">\n\t\t\t\t\t\t<span class=\"e-n-tab-title-text\">\n\t\t\t\tDistributori\t\t\t<\/span>\n\t\t<\/button>\n\t\t\t\t\t<\/div>\n\t\t\t<div class=\"e-n-tabs-content\">\n\t\t\t\t<div id=\"e-n-tab-content-920953421\" role=\"tabpanel\" aria-labelledby=\"e-n-tab-title-920953421\" data-tab-index=\"1\" style=\"--n-tabs-title-order: 1;\" class=\"e-active elementor-element elementor-element-ee82682 e-con-full e-flex e-con e-child\" data-id=\"ee82682\" data-element_type=\"container\" data-e-type=\"container\">\n\t\t\t\t<div class=\"elementor-element elementor-element-a16d00a elementor-widget elementor-widget-heading\" data-id=\"a16d00a\" data-element_type=\"widget\" data-e-type=\"widget\" data-widget_type=\"heading.default\">\n\t\t\t\t\t<h2 class=\"elementor-heading-title elementor-size-default\">Professionisti<\/h2>\t\t\t\t<\/div>\n\t\t\t\t<div class=\"elementor-element elementor-element-b8f9bc2 elementor-widget elementor-widget-text-editor\" data-id=\"b8f9bc2\" data-element_type=\"widget\" data-e-type=\"widget\" data-widget_type=\"text-editor.default\">\n\t\t\t\t\t\t\t\t\t<p>Siamo felici di offrirti tariffe professionali esclusive per i nostri prodotti tecnici.<\/p><p><strong>I nostri vantaggi per i professionisti includono<\/strong>:<\/p><ul><li><b>Tariffe scontate<\/b>: Approfitta di sconti speciali su abbigliamento e accessori.<\/li><li><b>Supporto<\/b>: Approfitta di un supporto personalizzato in base alle tue esigenze e di formazione sui prodotti per ottimizzare la tua esperienza con Sailiz. Personalizziamo la tua attrezzatura su richiesta! <\/li><li><b>Flessibilit\u00e0<\/b>: Ci adattiamo alle tue esigenze. Avanzare insieme per equipaggiarti al meglio \u00e8 fondamentale. <\/li><\/ul><p> <\/p><p>Per scoprire le nostre offerte per i professionisti e discutere condizioni adatte alle tue esigenze, non esitare a contattarci. Saremo felici di fornirti maggiori dettagli ed esplorare le possibilit\u00e0 di collaborazione. Ti basta contattarci tramite il nostro modulo online o via email a <a href=\"mailto:solene@sailiz.com\">solene@sailiz.com<\/a>  <\/p><p>Insieme, navighiamo verso un futuro pi\u00f9 inclusivo e sostenibile! <img decoding=\"async\" class=\"emoji\" role=\"img\" draggable=\"false\" src=\"https:\/\/s.w.org\/images\/core\/emoji\/15.0.3\/svg\/1f30a.svg\" alt=\"\ud83c\udf0a\"><img decoding=\"async\" class=\"emoji\" role=\"img\" draggable=\"false\" src=\"https:\/\/s.w.org\/images\/core\/emoji\/15.0.3\/svg\/26f5.svg\" alt=\"\u26f5\ufe0f\"><img decoding=\"async\" class=\"emoji\" role=\"img\" draggable=\"false\" src=\"https:\/\/s.w.org\/images\/core\/emoji\/15.0.3\/svg\/1f49a.svg\" alt=\"\ud83d\udc9a\">.<\/p>\t\t\t\t\t\t\t\t<\/div>\n\t\t\t\t<div class=\"elementor-element elementor-element-82217ac elementor-widget elementor-widget-image\" data-id=\"82217ac\" data-element_type=\"widget\" data-e-type=\"widget\" data-widget_type=\"image.default\">\n\t\t\t\t\t\t\t\t\t\t\t\t\t\t\t<img loading=\"lazy\" decoding=\"async\" width=\"800\" height=\"584\" src=\"https:\/\/sailiz.fr\/wp-content\/uploads\/2024\/11\/Kalian_Lo_Caboteur_44-Edit-scaled-1024x748.jpg\" class=\"attachment-large size-large wp-image-10171\" alt=\"\" srcset=\"https:\/\/sailiz.fr\/wp-content\/uploads\/2024\/11\/Kalian_Lo_Caboteur_44-Edit-scaled-1024x748.jpg 1024w, https:\/\/sailiz.fr\/wp-content\/uploads\/2024\/11\/Kalian_Lo_Caboteur_44-Edit-scaled-300x219.jpg 300w, https:\/\/sailiz.fr\/wp-content\/uploads\/2024\/11\/Kalian_Lo_Caboteur_44-Edit-scaled-768x561.jpg 768w, https:\/\/sailiz.fr\/wp-content\/uploads\/2024\/11\/Kalian_Lo_Caboteur_44-Edit-scaled-1536x1122.jpg 1536w, https:\/\/sailiz.fr\/wp-content\/uploads\/2024\/11\/Kalian_Lo_Caboteur_44-Edit-scaled-2048x1496.jpg 2048w, https:\/\/sailiz.fr\/wp-content\/uploads\/2024\/11\/Kalian_Lo_Caboteur_44-Edit-scaled-595xh.jpg 595w, https:\/\/sailiz.fr\/wp-content\/uploads\/2024\/11\/Kalian_Lo_Caboteur_44-Edit-scaled-600x438.jpg 600w\" sizes=\"auto, (max-width: 800px) 100vw, 800px\" \/>\t\t\t\t\t\t\t\t\t\t\t\t\t\t\t<\/div>\n\t\t\t\t<\/div>\n\t\t<div id=\"e-n-tab-content-920953422\" role=\"tabpanel\" aria-labelledby=\"e-n-tab-title-920953422\" data-tab-index=\"2\" style=\"--n-tabs-title-order: 2;\" class=\" elementor-element elementor-element-ad9e830 e-con-full e-flex e-con e-child\" data-id=\"ad9e830\" data-element_type=\"container\" data-e-type=\"container\">\n\t\t\t\t<div class=\"elementor-element elementor-element-1439d46 elementor-widget elementor-widget-heading\" data-id=\"1439d46\" data-element_type=\"widget\" data-e-type=\"widget\" data-widget_type=\"heading.default\">\n\t\t\t\t\t<h2 class=\"elementor-heading-title elementor-size-default\">Diventa distributore Sailiz<\/h2>\t\t\t\t<\/div>\n\t\t\t\t<div class=\"elementor-element elementor-element-bcdc22e elementor-widget elementor-widget-text-editor\" data-id=\"bcdc22e\" data-element_type=\"widget\" data-e-type=\"widget\" data-widget_type=\"text-editor.default\">\n\t\t\t\t\t\t\t\t\t<p><span style=\"font-weight: 400;\">In Sailiz, cerchiamo distributori appassionati per ampliare la nostra rete. <\/span><\/p><p><span style=\"font-weight: 400;\">I nostri capi tecnici per navigatrici, che uniscono innovazione, durata e comfort, sono testati rigorosamente nelle regate d\u2019altura. Diventando distributore, benefici di condizioni flessibili, supporto personalizzato e maggiore visibilit\u00e0 grazie alla nostra notoriet\u00e0. Ma soprattutto, ti impegni a favore della parit\u00e0 nel settore nautico.   <\/span><\/p><p><span style=\"text-decoration: underline;\">La nostra gamma per il 2026:<\/span><\/p><ul><li><strong>Gamma Offshore<\/strong>: Impermeabile, traspirante ed ecosostenibile per le regate d\u2019altura e la navigazione d\u2019altomare. Giacca e salopette offshore. <\/li><li><strong>Gamma Inshore<\/strong>: Comfort, protezione e libert\u00e0 di movimento per la navigazione costiera. Salopette inshore e short tecnico. <\/li><li><strong>Strati base termici<\/strong>: Made in France, Merino.<\/li><li><strong>Accessori ecosostenibili<\/strong>: Berretti, felpe e altro, nel rispetto dell\u2019ambiente.<\/li><\/ul><p> <\/p><p>Unisciti a noi per promuovere prodotti di qualit\u00e0, innovativi e durevoli. Contattaci tramite il nostro modulo online o via email <a href=\"mailto:solene@sailiz.com\">solene@sailiz.com<\/a> <\/p>\t\t\t\t\t\t\t\t<\/div>\n\t\t\t\t<div class=\"elementor-element elementor-element-0800adb elementor-widget elementor-widget-image\" data-id=\"0800adb\" data-element_type=\"widget\" data-e-type=\"widget\" data-widget_type=\"image.default\">\n\t\t\t\t\t\t\t\t\t\t\t\t\t\t\t<img loading=\"lazy\" decoding=\"async\" width=\"768\" height=\"1152\" src=\"https:\/\/sailiz.fr\/wp-content\/uploads\/2024\/12\/F31A6416-scaled-768x1152.jpg\" class=\"attachment-medium_large size-medium_large wp-image-10170\" alt=\"\" srcset=\"https:\/\/sailiz.fr\/wp-content\/uploads\/2024\/12\/F31A6416-scaled-768x1152.jpg 768w, https:\/\/sailiz.fr\/wp-content\/uploads\/2024\/12\/F31A6416-scaled-200x300.jpg 200w, https:\/\/sailiz.fr\/wp-content\/uploads\/2024\/12\/F31A6416-scaled-683x1024.jpg 683w, https:\/\/sailiz.fr\/wp-content\/uploads\/2024\/12\/F31A6416-scaled-1024x1536.jpg 1024w, https:\/\/sailiz.fr\/wp-content\/uploads\/2024\/12\/F31A6416-scaled-1366x2048.jpg 1366w, https:\/\/sailiz.fr\/wp-content\/uploads\/2024\/12\/F31A6416-scaled-595xh.jpg 595w, https:\/\/sailiz.fr\/wp-content\/uploads\/2024\/12\/F31A6416-scaled-600x900.jpg 600w, https:\/\/sailiz.fr\/wp-content\/uploads\/2024\/12\/F31A6416-scaled.jpg 1707w\" sizes=\"auto, (max-width: 768px) 100vw, 768px\" \/>\t\t\t\t\t\t\t\t\t\t\t\t\t\t\t<\/div>\n\t\t\t\t<div class=\"elementor-element elementor-element-e477ea7 elementor-widget elementor-widget-heading\" data-id=\"e477ea7\" data-element_type=\"widget\" data-e-type=\"widget\" data-widget_type=\"heading.default\">\n\t\t\t\t\t<h3 class=\"elementor-heading-title elementor-size-default\">Come diventare distributore Sailiz?<\/h3>\t\t\t\t<\/div>\n\t\t\t\t<div class=\"elementor-element elementor-element-4f494f8 elementor-widget elementor-widget-text-editor\" data-id=\"4f494f8\" data-element_type=\"widget\" data-e-type=\"widget\" data-widget_type=\"text-editor.default\">\n\t\t\t\t\t\t\t\t\t<p>Se desideri diventare distributore dei nostri prodotti, contattaci tramite il nostro modulo online o via email a <a href=\"mailto:solene@sailiz.com\">solene@sailiz.com<\/a>. Saremo felici di parlare con te delle possibilit\u00e0 di distribuzione e di rispondere a tutte le tue domande. <\/p>\t\t\t\t\t\t\t\t<\/div>\n\t\t\t\t<div class=\"elementor-element elementor-element-dcff11c elementor-align-center elementor-widget elementor-widget-button\" data-id=\"dcff11c\" data-element_type=\"widget\" data-e-type=\"widget\" data-widget_type=\"button.default\">\n\t\t\t\t\t\t\t\t\t\t<a class=\"elementor-button elementor-button-link elementor-size-sm\" href=\"https:\/\/sailiz.fr\/it\/i-nostri-rivenditori\/\">\n\t\t\t\t\t\t<span class=\"elementor-button-content-wrapper\">\n\t\t\t\t\t\t\t\t\t<span class=\"elementor-button-text\">Vedi i nostri distributori<\/span>\n\t\t\t\t\t<\/span>\n\t\t\t\t\t<\/a>\n\t\t\t\t\t\t\t\t<\/div>\n\t\t\t\t<\/div>\n\t\t\t\t\t<\/div>\n\t\t<\/div>\n\t\t\t\t\t\t<\/div>\n\t\t\t\t\t<\/div>\n\t\t\t\t<\/div>\n\t\t\t\t<\/div>\n\t\t","protected":false},"excerpt":{"rendered":"<p>Professionisti della nautica Professionisti Distributori Professionisti Siamo felici di offrirti tariffe professionali esclusive per i nostri prodotti tecnici. I nostri vantaggi per i professionisti includono: Tariffe scontate: Approfitta di sconti speciali su abbigliamento e accessori. Supporto: Approfitta di un supporto personalizzato in base alle tue esigenze e di formazione sui prodotti per ottimizzare la tua [&hellip;]<\/p>\n","protected":false},"author":24,"featured_media":0,"parent":0,"menu_order":0,"comment_status":"closed","ping_status":"closed","template":"","meta":{"_acf_changed":false,"footnotes":""},"class_list":["post-10169","page","type-page","status-publish","hentry"],"acf":[],"_links":{"self":[{"href":"https:\/\/sailiz.fr\/it\/wp-json\/wp\/v2\/pages\/10169","targetHints":{"allow":["GET"]}}],"collection":[{"href":"https:\/\/sailiz.fr\/it\/wp-json\/wp\/v2\/pages"}],"about":[{"href":"https:\/\/sailiz.fr\/it\/wp-json\/wp\/v2\/types\/page"}],"author":[{"embeddable":true,"href":"https:\/\/sailiz.fr\/it\/wp-json\/wp\/v2\/users\/24"}],"replies":[{"embeddable":true,"href":"https:\/\/sailiz.fr\/it\/wp-json\/wp\/v2\/comments?post=10169"}],"version-history":[{"count":0,"href":"https:\/\/sailiz.fr\/it\/wp-json\/wp\/v2\/pages\/10169\/revisions"}],"wp:attachment":[{"href":"https:\/\/sailiz.fr\/it\/wp-json\/wp\/v2\/media?parent=10169"}],"curies":[{"name":"wp","href":"https:\/\/api.w.org\/{rel}","templated":true}]}}