{"id":10147,"date":"2024-02-06T16:33:46","date_gmt":"2024-02-06T15:33:46","guid":{"rendered":"https:\/\/sailiz.fr\/attrezzatura-nautica-da-donna\/"},"modified":"2026-03-10T06:06:00","modified_gmt":"2026-03-10T05:06:00","slug":"attrezzatura-nautica-da-donna","status":"publish","type":"page","link":"https:\/\/sailiz.fr\/it\/attrezzatura-nautica-da-donna\/","title":{"rendered":"Attrezzatura nautica da donna!"},"content":{"rendered":"\n<p>Parliamo di <strong>attrezzatura nautica da donna<\/strong>! Come sai, per andare a vela non basta equipaggiare bene la barca. <strong>L&#8217;equipaggiamento del marinaio<\/strong> \u00e8 un elemento altrettanto cruciale per la riuscita della tua navigazione. Esistono molti <strong>capi tecnici<\/strong> <strong>da donna<\/strong> che puoi decidere di portare a bordo con te. Naturalmente, che tu sia un uomo o una donna, sar\u00e0 essenziale avere con te un abbigliamento da navigazione adatto alla tua taglia e alla tua morfologia.  <\/p>\n\n<h2 class=\"wp-block-heading\">L&#8217;attrezzatura nautica da donna indispensabile<\/h2>\n\n<h3 class=\"wp-block-heading\">L&#8217;attrezzatura nautica da donna nella navigazione sottocosta<\/h3>\n\n<p>Ovviamente, quando vai a vela, sceglierai l&#8217;attrezzatura nautica in base al tuo programma di navigazione. Infatti, se decidi di partire per una navigazione breve, in giornata e vicino alla costa, puoi portare un numero di capi piuttosto limitato. Ti consigliamo comunque di prevedere sempre dei <strong>cambi<\/strong> nel caso in cui il primo completo sia troppo umido.  <\/p>\n\n<p>In base al meteo, potrai portare con te dei <strong>primi strati termici o anti-UV<\/strong> per poi completare la collezione con strati aggiuntivi. Se il tempo \u00e8 umido, devi aggiungere una <strong>giacca e pantaloni impermeabili<\/strong> e, se fa freddo, aggiungere maglioni e vestiti caldi. Se hai fortuna e c&#8217;\u00e8 il sole, prevedi comunque degli indumenti coprenti per proteggerti dai raggi UV, insieme a un cappellino.   <\/p>\n\n<h3 class=\"wp-block-heading\">L&#8217;attrezzatura nautica da donna nella navigazione d&#8217;altura<\/h3>\n\n<p>Se nel tuo programma di navigazione decidi di allontanarti dalla costa e passare diversi giorni in mare, \u00e8 fondamentale non dimenticare nulla per sentirti bene a bordo. In questo caso, i cambi diventano indispensabili e devi assolutamente portare capi che si adattino a ogni circostanza. Nella lista dell&#8217;attrezzatura nautica da donna, oltre ai tradizionali strati base (calzamaglie, t-shirt, maniche lunghe e corte), dovrai aggiungere maglioni, <a href=\"https:\/\/fr.wikipedia.org\/wiki\/D%C3%A9perlance\" target=\"_blank\" rel=\"noopener\">giacche idrorepellenti<\/a> e, naturalmente, salopette e giacche d&#8217;altura.  <\/p>\n\n<p>La <a href=\"https:\/\/sailiz.fr\/la-salopette-sailiz\/\" data-type=\"page\" data-id=\"62\">salopette d&#8217;altura<\/a> \u00e8 uno dei capi di <strong>attrezzatura nautica da donna<\/strong> indispensabili, perch\u00e9 ti permetter\u00e0 di restare all&#8217;asciutto e proteggerti dal vento nelle condizioni pi\u00f9 difficili. Per completare la <strong>salopette, la giacca d&#8217;altura o la casacca<\/strong> ti permetteranno di restare al caldo e all&#8217;asciutto.  <\/p>\n\n<h3 class=\"wp-block-heading\">Le esigenze termiche per la pratica della vela:<\/h3>\n\n<p>La scelta dell&#8217;<strong>abbigliamento da navigazione<\/strong> (e di tutta l&#8217;attrezzatura nautica da donna) dipende quindi essenzialmente dal programma di navigazione, dalle condizioni esterne e dalla tua resistenza al freddo. Pi\u00f9 navigherai, pi\u00f9 riuscirai a scegliere i vestiti adatti per l&#8217;uscita in barca del giorno. Bisogna soprattutto considerare che le condizioni di navigazione possono cambiare molto rapidamente in mare e che non bisogna trascurare un improvviso cambio di meteo, che pu\u00f2 richiedere l&#8217;uso di nuovi indumenti.   <\/p>\n\n<p>Oltre a saper manovrare bene la barca, la tua capacit\u00e0 di gestire te stessa e il tuo equipaggio sar\u00e0 essenziale. Devi pensare a coprirti al momento giusto e a mangiare quando serve, prima di essere totalmente stanca o esausta. Quando navighi all&#8217;esterno, \u00e8 fondamentale essere abbastanza coperta, con materiali idrorepellenti, impermeabili e antivento, in modo da proteggerti dagli schizzi o dall&#8217;umidit\u00e0. Al contrario, quando rientri all&#8217;interno della barca, devi imparare a svestirti affinch\u00e9 il tuo corpo non si abitui a una fonte di calore troppo forte.    <\/p>\n\n<p>Ricorda anche di togliere uno strato quando vai a dormire. Questa gestione del calore sar\u00e0 quindi condizionata dai diversi indumenti e strati che hai deciso di indossare. La massimizzazione del calore dipender\u00e0 dal numero di strati, ma anche dalla qualit\u00e0 tecnica e termica dei capi. Pi\u00f9 strati sovrapporrai, pi\u00f9 aumenterai il calore, ma ridurrai considerevolmente la tua libert\u00e0 di movimento e rischierai anche di aumentare la sudorazione. Per questo motivo si consiglia di scegliere gli strati in modo strategico e di indossare capi di qualit\u00e0 per essere il pi\u00f9 confortevole possibile.    <\/p>\n\n<figure class=\"wp-block-image aligncenter size-large\"><img decoding=\"async\" src=\"https:\/\/sailiz.fr\/wp-content\/uploads\/2024\/01\/E50AA9DE-1D81-437F-A390-6A049C493D3B-683x1024.jpg\" alt=\"Donna che indossa una salopette da vela e attrezzatura nautica da donna\" class=\"wp-image-1881\" style=\"aspect-ratio:4\/3;object-fit:cover\"\/><figcaption class=\"wp-element-caption\">Crediti foto: Wildyouth<\/figcaption><\/figure>\n\n<h2 class=\"wp-block-heading\">L&#8217;attrezzatura nautica da donna<\/h2>\n\n<p>Se per molto tempo l&#8217;industria dello sport ha progettato attrezzature tecniche per la morfologia maschile, i tempi sono cambiati. Le donne sono ormai praticanti a tutti gli effetti, che meritano ampiamente i propri capi adatti alle loro esigenze e fisionomie. Era ora che SAILIZ agisse e creasse attrezzatura nautica da donna!   <\/p>\n\n<h3 class=\"wp-block-heading\">Le esigenze specifiche delle donne per la loro attrezzatura nautica<\/h3>\n\n<p>In Sailiz abbiamo capito bene che <strong>l&#8217;attrezzatura nautica da donna<\/strong> deve rispondere a nuove esigenze. Anche se la particolarit\u00e0 dell&#8217;<a href=\"https:\/\/www.lessportives.fr\/vestiaire\/lequipement-dans-les-sports-outdoor-est-il-adapte-aux-femmes\/\" target=\"_blank\" rel=\"noreferrer noopener\">abbigliamento femminile<\/a> \u00e8 stata a lungo dimenticata, oggi \u00e8 nostro dovere cambiare le cose. \u00c8 proprio per questo motivo che abbiamo svolto un grande lavoro di ricerca per rispondere al meglio a queste aspettative cos\u00ec specifiche.   <\/p>\n\n<p>Per <strong>proporre un&#8217;attrezzatura nautica da donna<\/strong> perfettamente adatta, abbiamo studiato a lungo le aspettative e i vincoli delle navigatrici. Innanzitutto, il design generale del capo deve essere confortevole e non deve ostacolare la navigatrice nei suoi movimenti. Ci sono anche criteri morfologici da rispettare, tenendo conto delle caratteristiche femminili nel taglio dei vestiti: fianchi, seno, vita, cosce, tutto viene analizzato.   <\/p>\n\n<p><strong>La funzionalit\u00e0 del capo<\/strong> deve essere considerata anche con tasche, zone pi\u00f9 resistenti, parti pi\u00f9 calde e aperture rapidamente accessibili per andare in bagno il pi\u00f9 facilmente possibile. La fluidit\u00e0 e la flessibilit\u00e0 del tessuto sono altri punti da non trascurare. Anche se siamo consapevoli che le donne hanno tutte caratteristiche fisiche diverse, facciamo in modo di presentare una gamma che si adatti al maggior numero possibile di persone.   <\/p>\n\n<p>L&#8217;aspetto estetico del capo \u00e8 una caratteristica che in SAILIZ non abbiamo voluto trascurare. Sappiamo infatti che sia le donne che gli uomini sono molto sensibili alle questioni di stile. Abbiamo quindi proposto due modelli di salopette femminile: uno dai toni neutri sui colori del nero e un&#8217;altra versione pi\u00f9 colorata con motivi ispirati all&#8217;oceano. Offrendo questa scelta, ognuna pu\u00f2 scegliere la salopette che meglio corrisponde alla propria personalit\u00e0. Queste <a href=\"https:\/\/sailiz.fr\/la-salopette-sailiz\/\" data-type=\"page\" data-id=\"62\">salopette firmate SAILIZ<\/a> sono cos\u00ec molto particolari e riconoscibili a colpo d&#8217;occhio grazie ai piccoli motivi e ai dettagli tecnici implementati.     <\/p>\n\n<h3 class=\"wp-block-heading\">Quali sono i capi tecnici di attrezzatura nautica da donna che esistono oggi per le donne?<\/h3>\n\n<p>Il nostro marchio SAILIZ propone oggi una <strong>gamma di abbigliamento tecnico<\/strong> che non smetter\u00e0 di ampliarsi. La nostra <strong>salopette da vela<\/strong> \u00e8 pronta per essere indossata e la nostra <strong>giacca d&#8217;altura<\/strong> \u00e8 in fase di creazione. Stiamo iniziando a completare la nostra gamma anche con berretti, t-shirt e felpe per gli strati base. Naturalmente, la gamma di abbigliamento da vela per donne non si limita all&#8217;<a href=\"https:\/\/sailiz.fr\/boutique\/\" data-type=\"page\" data-id=\"14\">offerta SAILIZ<\/a>. Altri marchi stanno iniziando a progettare salopette o mute stagne da donna. SAILIZ \u00e8 invece <strong>il primo marchio di abbigliamento nautico da donna<\/strong> a proporre capi creati per le navigatrici dalle navigatrici.     <\/p>\n\n<p>I diversi capi di attrezzatura nautica da donna:<\/p>\n\n<ul class=\"wp-block-list\">\n<li><strong>La giacca d&#8217;altura:<\/strong> la giacca d&#8217;altura \u00e8 l&#8217;ultimo strato che aggiungi al tuo abbigliamento in caso di freddo intenso o forte umidit\u00e0, per essere protetta dalla pioggia in ogni circostanza. Deve essere abbastanza ampia da proteggerti dal vento e dagli schizzi, ma anche abbastanza flessibile e aderente da non ostacolare i tuoi movimenti. <\/li>\n\n\n\n<li><strong>La salopette d&#8217;altura:<\/strong> la salopette d&#8217;altura pu\u00f2 essere indossata direttamente o aggiunta come strato supplementare sopra calzamaglie o leggings, per garantire l&#8217;impermeabilit\u00e0 totale dell&#8217;abbigliamento e proteggerti dall&#8217;umidit\u00e0, specialmente quando sei seduta sul ponte bagnato della barca o quando ci sono molti schizzi all&#8217;esterno. Resistente e impermeabile, ti garantisce di restare all&#8217;asciutto e al caldo.  <\/li>\n\n\n\n<li><strong>Gli strati base termici:<\/strong> sono essenzialmente le maglie intime e le calzamaglie che puoi indossare sotto i vestiti quando vai a vela. Sono fondamentali per generare calore negli indumenti che indossi. Infatti, permettono di creare calore grazie al contatto diretto con la pelle.  <\/li>\n\n\n\n<li><strong>I pantaloni da navigazione:<\/strong> i pantaloni da navigazione, al tempo stesso coprenti e fluidi, ti permetteranno di essere a tuo agio in molte condizioni e di proteggere le gambe dal sole e dagli schizzi. Con tasche e rinforzi, saranno anche molto pratici per navigare. <\/li>\n\n\n\n<li><strong>Gli shorts da vela:<\/strong> quando navighi con temperature estive, lo short da vela pu\u00f2 essere un vero vantaggio. Ma per essere un buon pantaloncino da navigazione deve essere funzionale e abbastanza coprente da evitare irritazioni. <\/li>\n\n\n\n<li><strong>I guanti tecnici:<\/strong> se le tue mani sono molto sollecitate durante la navigazione da irritazioni, sfregamenti, umidit\u00e0 e freddo, \u00e8 imperativo proteggerle il pi\u00f9 possibile. Per questo motivo consigliamo di indossare guanti in pelle che limiteranno il contatto delle mani con l&#8217;esterno. <\/li>\n\n\n\n<li><strong>Berretti e passamontagna:<\/strong> sono elementi che possono salvarti la vita durante le navigazioni pi\u00f9 fredde. Infatti, le estremit\u00e0 sono molto sensibili al freddo, in particolare le orecchie. Si perde molto calore anche dalla testa, quindi \u00e8 davvero consigliato indossare qualcosa per evitare una perdita di calore eccessiva.  <\/li>\n\n\n\n<li><strong>I cappellini:<\/strong> i cappellini si possono trovare in tutte le forme, ma in navigazione sono perfetti quando sono ben coprenti e possono essere agganciati ai vestiti o intorno al collo per evitare che volino via con il vento. <\/li>\n\n\n\n<li><strong>L&#8217;abbigliamento anti-UV:<\/strong> questi capi tecnici sono presenti in diverse discipline e servono essenzialmente a proteggersi dai raggi solari, evitando cos\u00ec le scottature. Sono particolarmente utili nelle giornate estive o per le navigazioni in zone tropicali. Spesso di colore chiaro, riflettono i raggi del sole ed evitano di danneggiare la pelle. Anche se si tratta per lo pi\u00f9 di capi tecnici, se ne possono trovare a maniche lunghe, corte, con cappuccio o senza maniche. Pi\u00f9 il capo \u00e8 coprente, pi\u00f9 sar\u00e0 efficace.     <\/li>\n<\/ul>\n\n<figure class=\"wp-block-image size-large\"><img decoding=\"async\" src=\"https:\/\/sailiz.fr\/wp-content\/uploads\/2024\/01\/Shooting-1-salopette-SAILIZ-27-1024x683.jpg\" alt=\"Salopette da vela impermeabile con gocce d'acqua sopra. Attrezzatura nautica da donna \" class=\"wp-image-1883\" style=\"aspect-ratio:4\/3;object-fit:cover\"\/><\/figure>\n\n<h3 class=\"wp-block-heading\">Perch\u00e9 la co-creazione dell&#8217;attrezzatura nautica da donna \u00e8 essenziale? <\/h3>\n\n<p>Per molti anni, la figura dello skipper \u00e8 stata rappresentata essenzialmente dagli uomini, ma da diversi anni sono apparse <strong><a href=\"https:\/\/www.filovent.com\/magazine\/les-grandes-navigatrices\" target=\"_blank\" data-type=\"link\" data-id=\"https:\/\/www.filovent.com\/magazine\/les-grandes-navigatrices\" rel=\"noreferrer noopener\">navigatrici<\/a><\/strong> con percorsi impressionanti, che rappresentano altrettanto bene <strong>il mondo della vela e delle regate d&#8217;altura<\/strong>. L&#8217;arrivo di queste nuove navigatrici, veri modelli per tutte le praticanti, ha creato un grande entusiasmo e il numero di iscritte alla federazione francese della vela continua ad aumentare. Sono sempre di pi\u00f9 quelle che osano lanciarsi e persino acquistare la propria barca per diventare capitane. Se per molto tempo la parola \u00e8 stata lasciata agli uomini, la co-creazione \u00e8 l&#8217;occasione perfetta per ridarla alle navigatrici affinch\u00e9 creino la propria attrezzatura nautica.    <\/p>\n\n<p>Grazie alla <a href=\"https:\/\/sailiz.fr\/it\/co-creazione\/\" data-type=\"page\" data-id=\"27\">co-creazione<\/a> dell&#8217;attrezzatura nautica da donna, abbiamo potuto unire le navigatrici attorno a un progetto comune a cui hanno partecipato attivamente. \u00c8 anche l&#8217;occasione per dare voce alle donne e comprendere alcuni ostacoli alla pratica della vela. Grazie a ci\u00f2, abbiamo potuto identificare punti essenziali nel modo di concepire il capo e individuare aspetti problematici dei vestiti esistenti durante la pratica.   <\/p>\n\n<p>Con i questionari che abbiamo fatto circolare e i test dei prototipi, siamo finalmente riusciti a <strong>creare una salopette che risponde alle principali aspettative delle donne<\/strong>. Abbiamo infatti prestato i prototipi a diverse navigatrici, che navigano su imbarcazioni differenti, per raccogliere il maggior numero di pareri. Alcune hanno partecipato a regate Mini, altre hanno effettuato navigazioni giornaliere e altre ancora sono partite per la Transat Jacques Vabre.   <\/p>\n\n<p>In seguito a questo vasto programma di test, abbiamo apportato correzioni ai primi modelli di salopette. Questo ci ha permesso di lanciare un nuovo modello finalizzato, interamente co-creato grazie ai feedback delle navigatrici che hanno voluto testare il prodotto. E siamo molto orgogliose di questa salopette con le sue spalline regolabili, il materiale ultra flex e l&#8217;apertura per andare in bagno facilmente.   <\/p>\n\n<p>La battaglia per ottenere attrezzatura nautica da donna e dare ancora pi\u00f9 spazio alle donne in questo sport non \u00e8 finita, ma queste iniziative sono essenziali per la pratica femminile in generale. Sono questi piccoli passi che fanno cambiare le cose quotidianamente e che permettono a ognuna di sentirsi sempre pi\u00f9 a proprio agio in acqua.  <\/p>\n\n<p>Per seguire le evoluzioni sul tema dell&#8217;attrezzatura nautica da donna, non esitare a consultare <a href=\"https:\/\/sailiz.fr\/it\/diario-di-bordo\/\" data-type=\"page\" data-id=\"29\">il nostro diario di bordo<\/a>. <\/p>\n","protected":false},"excerpt":{"rendered":"<p>L&#8217;attrezzatura nautica da donna sta diventando sempre pi\u00f9 indispensabile, poich\u00e9 il numero di navigatrici \u00e8 in costante aumento. <\/p>\n","protected":false},"author":3,"featured_media":10148,"parent":0,"menu_order":0,"comment_status":"closed","ping_status":"closed","template":"","meta":{"_acf_changed":false,"footnotes":""},"class_list":["post-10147","page","type-page","status-publish","has-post-thumbnail","hentry"],"acf":[],"_links":{"self":[{"href":"https:\/\/sailiz.fr\/it\/wp-json\/wp\/v2\/pages\/10147","targetHints":{"allow":["GET"]}}],"collection":[{"href":"https:\/\/sailiz.fr\/it\/wp-json\/wp\/v2\/pages"}],"about":[{"href":"https:\/\/sailiz.fr\/it\/wp-json\/wp\/v2\/types\/page"}],"author":[{"embeddable":true,"href":"https:\/\/sailiz.fr\/it\/wp-json\/wp\/v2\/users\/3"}],"replies":[{"embeddable":true,"href":"https:\/\/sailiz.fr\/it\/wp-json\/wp\/v2\/comments?post=10147"}],"version-history":[{"count":0,"href":"https:\/\/sailiz.fr\/it\/wp-json\/wp\/v2\/pages\/10147\/revisions"}],"wp:featuredmedia":[{"embeddable":true,"href":"https:\/\/sailiz.fr\/it\/wp-json\/wp\/v2\/media\/10148"}],"wp:attachment":[{"href":"https:\/\/sailiz.fr\/it\/wp-json\/wp\/v2\/media?parent=10147"}],"curies":[{"name":"wp","href":"https:\/\/api.w.org\/{rel}","templated":true}]}}