{"id":9950,"date":"2025-05-14T21:45:55","date_gmt":"2025-05-14T19:45:55","guid":{"rendered":"https:\/\/sailiz.fr\/product\/la-camiseta-blanca-sailiz-x-the-lost-fin\/"},"modified":"2026-04-03T05:48:31","modified_gmt":"2026-04-03T03:48:31","slug":"la-camiseta-blanca-sailiz-x-the-lost-fin","status":"publish","type":"product","link":"https:\/\/sailiz.fr\/es\/producto\/la-camiseta-blanca-sailiz-x-the-lost-fin\/","title":{"rendered":"La camiseta blanca Sailiz X The Lost Fin"},"content":{"rendered":"<h3 class=\"\" data-start=\"135\" data-end=\"196\">Camiseta blanca manga corta \u2013 Sailiz x The Lost Fin<\/h3>\n<p class=\"\" data-start=\"197\" data-end=\"250\"><strong data-start=\"197\" data-end=\"250\">Made in France \u2013 Minimalismo comprometido, esp\u00edritu marinero<\/strong><\/p>\n<p class=\"\" data-start=\"252\" data-end=\"463\">Sencillez, autenticidad y responsabilidad. Esta camiseta blanca de manga corta es mucho m\u00e1s que una prenda b\u00e1sica: es una pieza con car\u00e1cter, fabricada en Francia, que representa los valores de Sailiz y The Lost Fin. <\/p>\n<p class=\"\" data-start=\"465\" data-end=\"495\">\ud83c\uddeb\ud83c\uddf7 <strong data-start=\"470\" data-end=\"493\">100 % Made in France<\/strong><\/p>\n<ul data-start=\"496\" data-end=\"696\">\n<li class=\"\" data-start=\"496\" data-end=\"540\">\n<p class=\"\" data-start=\"498\" data-end=\"540\">Tejida, te\u00f1ida y confeccionada en Francia<\/p>\n<\/li>\n<li class=\"\" data-start=\"541\" data-end=\"638\">\n<p class=\"\" data-start=\"543\" data-end=\"638\"><strong data-start=\"543\" data-end=\"568\">100 % algod\u00f3n org\u00e1nico<\/strong>: suave, resistente y respetuoso con tu piel y el planeta<\/p>\n<\/li>\n<li class=\"\" data-start=\"639\" data-end=\"696\">\n<p class=\"\" data-start=\"641\" data-end=\"696\">Corte recto, f\u00e1cil de llevar en el d\u00eda a d\u00eda<\/p>\n<\/li>\n<\/ul>\n<p class=\"\" data-start=\"698\" data-end=\"732\">\ud83c\udfa8 <strong data-start=\"701\" data-end=\"730\">Creaci\u00f3n original Sailiz<\/strong><\/p>\n<ul data-start=\"733\" data-end=\"920\">\n<li class=\"\" data-start=\"733\" data-end=\"786\">\n<p class=\"\" data-start=\"735\" data-end=\"786\"><strong data-start=\"735\" data-end=\"753\">Motivo exclusivo<\/strong> inspirado en el universo n\u00e1utico The Lost Fin para SAILIZ<\/p>\n<\/li>\n<li class=\"\" data-start=\"787\" data-end=\"875\">\n<p class=\"\" data-start=\"789\" data-end=\"875\"><strong data-start=\"789\" data-end=\"815\">Serigraf\u00eda artesanal<\/strong> realizada en <strong data-start=\"827\" data-end=\"849\">Lorient (Breta\u00f1a)<\/strong><\/p>\n<\/li>\n<li class=\"\" data-start=\"876\" data-end=\"920\">\n<p class=\"\" data-start=\"878\" data-end=\"920\">Acabados cuidados y cuello reforzado<\/p>\n<\/li>\n<\/ul>\n<p class=\"\" data-start=\"922\" data-end=\"1157\">\ud83c\udf3f <strong data-start=\"925\" data-end=\"974\">Una camiseta de bajo impacto, con mucho car\u00e1cter<\/strong><br data-start=\"974\" data-end=\"977\">Llevar esta camiseta es elegir una prenda duradera, dise\u00f1ada y producida en circuito corto. Ideal tanto en el mar como en la ciudad. <\/p>\n","protected":false},"excerpt":{"rendered":"<h3 class=\"\" data-start=\"135\" data-end=\"196\">Camiseta blanca manga corta \u2013 Sailiz x The Lost Fin<\/h3>\n<p class=\"\" data-start=\"197\" data-end=\"250\"><strong data-start=\"197\" data-end=\"250\">Made in France \u2013 Minimalismo comprometido, esp\u00edritu marinero<\/strong><\/p>\n<p class=\"\" data-start=\"252\" data-end=\"463\">Sencillez, autenticidad y responsabilidad. Esta camiseta blanca de manga corta es mucho m\u00e1s que una prenda b\u00e1sica: es una pieza con car\u00e1cter, fabricada en Francia, que representa los valores de Sailiz y The Lost Fin. <\/p>\n<p class=\"\" data-start=\"465\" data-end=\"495\">\ud83c\uddeb\ud83c\uddf7 <strong data-start=\"470\" data-end=\"493\">100 % Made in France<\/strong><\/p>\n<ul data-start=\"496\" data-end=\"696\">\n<li class=\"\" data-start=\"496\" data-end=\"540\">\n<p class=\"\" data-start=\"498\" data-end=\"540\">Tejida, te\u00f1ida y confeccionada en Francia<\/p>\n<\/li>\n<li class=\"\" data-start=\"541\" data-end=\"638\">\n<p class=\"\" data-start=\"543\" data-end=\"638\"><strong data-start=\"543\" data-end=\"568\">100 % algod\u00f3n org\u00e1nico<\/strong>: suave, resistente y respetuoso con tu piel y el planeta<\/p>\n<\/li>\n<li class=\"\" data-start=\"639\" data-end=\"696\">\n<p class=\"\" data-start=\"641\" data-end=\"696\">Corte recto, f\u00e1cil de llevar en el d\u00eda a d\u00eda<\/p>\n<\/li>\n<\/ul>\n<p class=\"\" data-start=\"698\" data-end=\"732\">\ud83c\udfa8 <strong data-start=\"701\" data-end=\"730\">Creaci\u00f3n original Sailiz<\/strong><\/p>\n<ul data-start=\"733\" data-end=\"920\">\n<li class=\"\" data-start=\"733\" data-end=\"786\">\n<p class=\"\" data-start=\"735\" data-end=\"786\"><strong data-start=\"735\" data-end=\"753\">Motivo exclusivo<\/strong> inspirado en el universo n\u00e1utico The Lost Fin para SAILIZ<\/p>\n<\/li>\n<li class=\"\" data-start=\"787\" data-end=\"875\">\n<p class=\"\" data-start=\"789\" data-end=\"875\"><strong data-start=\"789\" data-end=\"815\">Serigraf\u00eda artesanal<\/strong> realizada en <strong data-start=\"827\" data-end=\"849\">Lorient (Breta\u00f1a)<\/strong><\/p>\n<\/li>\n<li class=\"\" data-start=\"876\" data-end=\"920\">\n<p class=\"\" data-start=\"878\" data-end=\"920\">Acabados cuidados y cuello reforzado<\/p>\n<\/li>\n<\/ul>\n<p class=\"\" data-start=\"922\" data-end=\"1157\">\ud83c\udf3f <strong data-start=\"925\" data-end=\"974\">Una camiseta de bajo impacto, con mucho car\u00e1cter<\/strong><br data-start=\"974\" data-end=\"977\">Llevar esta camiseta es elegir una prenda duradera, dise\u00f1ada y producida en circuito corto. Ideal tanto en el mar como en la ciudad. <\/p>\n","protected":false},"featured_media":9965,"comment_status":"open","ping_status":"closed","template":"","meta":{"_acf_changed":false},"product_brand":[],"product_cat":[105],"product_tag":[],"class_list":{"0":"post-9950","1":"product","2":"type-product","3":"status-publish","4":"has-post-thumbnail","6":"product_cat-camiseta","8":"first","9":"instock","10":"sale","11":"taxable","12":"shipping-taxable","13":"purchasable","14":"product-type-variable","15":"add-to-wishlist-after_add_to_cart"},"acf":[],"_links":{"self":[{"href":"https:\/\/sailiz.fr\/es\/wp-json\/wp\/v2\/product\/9950","targetHints":{"allow":["GET"]}}],"collection":[{"href":"https:\/\/sailiz.fr\/es\/wp-json\/wp\/v2\/product"}],"about":[{"href":"https:\/\/sailiz.fr\/es\/wp-json\/wp\/v2\/types\/product"}],"replies":[{"embeddable":true,"href":"https:\/\/sailiz.fr\/es\/wp-json\/wp\/v2\/comments?post=9950"}],"wp:featuredmedia":[{"embeddable":true,"href":"https:\/\/sailiz.fr\/es\/wp-json\/wp\/v2\/media\/9965"}],"wp:attachment":[{"href":"https:\/\/sailiz.fr\/es\/wp-json\/wp\/v2\/media?parent=9950"}],"wp:term":[{"taxonomy":"product_brand","embeddable":true,"href":"https:\/\/sailiz.fr\/es\/wp-json\/wp\/v2\/product_brand?post=9950"},{"taxonomy":"product_cat","embeddable":true,"href":"https:\/\/sailiz.fr\/es\/wp-json\/wp\/v2\/product_cat?post=9950"},{"taxonomy":"product_tag","embeddable":true,"href":"https:\/\/sailiz.fr\/es\/wp-json\/wp\/v2\/product_tag?post=9950"}],"curies":[{"name":"wp","href":"https:\/\/api.w.org\/{rel}","templated":true}]}}