{"id":9827,"date":"2025-05-14T21:54:46","date_gmt":"2025-05-14T19:54:46","guid":{"rendered":"https:\/\/sailiz.fr\/product\/gorro-de-pescador-sailiz-x-the-lost-fin\/"},"modified":"2025-05-14T21:54:46","modified_gmt":"2025-05-14T19:54:46","slug":"gorro-de-pescador-sailiz-x-the-lost-fin","status":"publish","type":"product","link":"https:\/\/sailiz.fr\/es\/producto\/gorro-de-pescador-sailiz-x-the-lost-fin\/","title":{"rendered":"Gorro de Pescador Sailiz X The Lost Fin"},"content":{"rendered":"<h3 class=\"\" data-start=\"70\" data-end=\"101\">Gorro de Pescador Sailiz x The Lost Fin<\/h3>\n<p class=\"\" data-start=\"102\" data-end=\"168\"><strong data-start=\"102\" data-end=\"168\">Estilo marinero, fabricaci\u00f3n local \u2013 El accesorio de verano comprometido<\/strong><\/p>\n<p class=\"\" data-start=\"170\" data-end=\"356\">Inspirado por la brisa marina y pensado para esp\u00edritus libres, el gorro de pescador <strong data-start=\"235\" data-end=\"260\">Sailiz x The Lost Fin<\/strong> es el aliado perfecto para protegerte del sol con estilo, a la vez que afirmas una identidad comprometida.<\/p>\n<p class=\"\" data-start=\"358\" data-end=\"403\">\ud83e\uddf5 <strong data-start=\"361\" data-end=\"401\">Fabricaci\u00f3n responsable<\/strong><\/p>\n<ul data-start=\"404\" data-end=\"565\">\n<li class=\"\" data-start=\"456\" data-end=\"504\">\n<p class=\"\" data-start=\"458\" data-end=\"504\"><strong data-start=\"458\" data-end=\"483\">100% algod\u00f3n org\u00e1nico<\/strong>, suave y resistente<\/p>\n<\/li>\n<li class=\"\" data-start=\"505\" data-end=\"565\">\n<p class=\"\" data-start=\"507\" data-end=\"565\">Estructura flexible, costuras s\u00f3lidas y acabados cuidados<\/p>\n<\/li>\n<\/ul>\n<p class=\"\" data-start=\"567\" data-end=\"616\">\ud83c\udf0a <strong data-start=\"570\" data-end=\"614\">Dise\u00f1o exclusivo &amp; serigraf\u00eda artesanal<\/strong><\/p>\n<ul data-start=\"617\" data-end=\"788\">\n<li class=\"\" data-start=\"617\" data-end=\"678\">\n<p class=\"\" data-start=\"619\" data-end=\"678\"><strong data-start=\"619\" data-end=\"645\">Motivo distintivo Sailiz<\/strong>, inspirado en el universo n\u00e1utico<\/p>\n<\/li>\n<li class=\"\" data-start=\"679\" data-end=\"735\">\n<p class=\"\" data-start=\"681\" data-end=\"735\"><strong data-start=\"681\" data-end=\"706\">Serigrafiado a mano<\/strong> en <strong data-start=\"709\" data-end=\"733\">Lorient, Breta\u00f1a<\/strong><\/p>\n<\/li>\n<\/ul>\n<p class=\"\" data-start=\"790\" data-end=\"1004\">\ud83c\udf00 <strong data-start=\"793\" data-end=\"831\">Pensado para durar, hecho para moverse<\/strong><br data-start=\"831\" data-end=\"834\">Este gorro de pescador unisex te acompa\u00f1a en el muelle, en el mar o en la ciudad. Ligero, plegable, f\u00e1cil de guardar en una bolsa, te protege del sol a la vez que afirma un estilo decidido y \u00e9tico. <\/p>\n","protected":false},"excerpt":{"rendered":"<p class=\"\" data-start=\"170\" data-end=\"356\">Inspirado por la brisa marina y pensado para esp\u00edritus libres, el gorro de pescador <strong data-start=\"235\" data-end=\"260\">Sailiz x The Lost Fin<\/strong> es el aliado perfecto para protegerte del sol con estilo, a la vez que afirmas una identidad comprometida.<\/p>\n<p class=\"\" data-start=\"358\" data-end=\"403\">\ud83e\uddf5 <strong data-start=\"361\" data-end=\"401\">Fabricaci\u00f3n responsable<\/strong><\/p>\n<ul data-start=\"404\" data-end=\"565\">\n<li class=\"\" data-start=\"456\" data-end=\"504\">\n<p class=\"\" data-start=\"458\" data-end=\"504\"><strong data-start=\"458\" data-end=\"483\">100% algod\u00f3n org\u00e1nico<\/strong>, suave y resistente<\/p>\n<\/li>\n<li class=\"\" data-start=\"505\" data-end=\"565\">\n<p class=\"\" data-start=\"507\" data-end=\"565\">Estructura flexible, costuras s\u00f3licas y acabados cuidados<\/p>\n<\/li>\n<\/ul>\n<p class=\"\" data-start=\"567\" data-end=\"616\">\ud83c\udf0a <strong data-start=\"570\" data-end=\"614\">Dise\u00f1o exclusivo &amp; serigraf\u00eda artesanal<\/strong><\/p>\n<ul data-start=\"617\" data-end=\"788\">\n<li class=\"\" data-start=\"617\" data-end=\"678\">\n<p class=\"\" data-start=\"619\" data-end=\"678\"><strong data-start=\"619\" data-end=\"645\">Motivo distintivo Sailiz<\/strong>, inspirado en el universo n\u00e1utico<\/p>\n<\/li>\n<li class=\"\" data-start=\"679\" data-end=\"735\">\n<p class=\"\" data-start=\"681\" data-end=\"735\"><strong data-start=\"681\" data-end=\"706\">Serigrafiado a mano<\/strong> en <strong data-start=\"709\" data-end=\"733\">Lorient, Breta\u00f1a<\/strong><\/p>\n<\/li>\n<\/ul>\n<p class=\"\" data-start=\"790\" data-end=\"1004\">\ud83c\udf00 <strong data-start=\"793\" data-end=\"831\">Pensado para durar, hecho para moverse<\/strong><br data-start=\"831\" data-end=\"834\">Este gorro de pescador unisex te acompa\u00f1a en el muelle, en el mar o en la ciudad. Ligero, plegable, f\u00e1cil de guardar en una bolsa, te protege del sol a la vez que afirma un estilo decidido y \u00e9tico. <\/p>\n","protected":false},"featured_media":9828,"comment_status":"open","ping_status":"closed","template":"","meta":{"_acf_changed":false},"product_brand":[],"product_cat":[93],"product_tag":[],"class_list":{"0":"post-9827","1":"product","2":"type-product","3":"status-publish","4":"has-post-thumbnail","6":"product_cat-accesorios","8":"first","9":"outofstock","10":"taxable","11":"shipping-taxable","12":"purchasable","13":"product-type-simple","14":"add-to-wishlist-after_add_to_cart"},"acf":[],"_links":{"self":[{"href":"https:\/\/sailiz.fr\/es\/wp-json\/wp\/v2\/product\/9827","targetHints":{"allow":["GET"]}}],"collection":[{"href":"https:\/\/sailiz.fr\/es\/wp-json\/wp\/v2\/product"}],"about":[{"href":"https:\/\/sailiz.fr\/es\/wp-json\/wp\/v2\/types\/product"}],"replies":[{"embeddable":true,"href":"https:\/\/sailiz.fr\/es\/wp-json\/wp\/v2\/comments?post=9827"}],"wp:featuredmedia":[{"embeddable":true,"href":"https:\/\/sailiz.fr\/es\/wp-json\/wp\/v2\/media\/9828"}],"wp:attachment":[{"href":"https:\/\/sailiz.fr\/es\/wp-json\/wp\/v2\/media?parent=9827"}],"wp:term":[{"taxonomy":"product_brand","embeddable":true,"href":"https:\/\/sailiz.fr\/es\/wp-json\/wp\/v2\/product_brand?post=9827"},{"taxonomy":"product_cat","embeddable":true,"href":"https:\/\/sailiz.fr\/es\/wp-json\/wp\/v2\/product_cat?post=9827"},{"taxonomy":"product_tag","embeddable":true,"href":"https:\/\/sailiz.fr\/es\/wp-json\/wp\/v2\/product_tag?post=9827"}],"curies":[{"name":"wp","href":"https:\/\/api.w.org\/{rel}","templated":true}]}}