{"id":9690,"date":"2024-06-13T08:09:20","date_gmt":"2024-06-13T06:09:20","guid":{"rendered":"https:\/\/sailiz.fr\/product\/peto-offshore\/"},"modified":"2024-06-13T08:09:20","modified_gmt":"2024-06-13T06:09:20","slug":"peto-offshore","status":"publish","type":"product","link":"https:\/\/sailiz.fr\/es\/producto\/peto-offshore\/","title":{"rendered":"Peto offshore"},"content":{"rendered":"<p><strong>El primer peto de mujer responsable y de alto rendimiento <\/strong><strong>co-dise\u00f1ado por y para navegantes.<\/strong><\/p>\n<p><span style=\"font-weight: 400;\">Dise\u00f1o \u00fanico, c\u00f3modo y pr\u00e1ctico en navegaci\u00f3n.<\/span><\/p>\n<p><span style=\"font-weight: 400;\">Innovador, de alto rendimiento y probado en regata oce\u00e1nica<\/span><\/p>\n<p><span style=\"font-weight: 400;\">Tejido transpirable y resistente a la abrasi\u00f3n, impermeable y ligero.  <\/span><\/p>\n<p><span style=\"font-weight: 400;\">Ensamblaje sin costuras para una estanqueidad \u00f3ptima.<\/span><\/p>\n<p><em>Entrega en 2-3 d\u00edas laborables.  <\/em><\/p>\n","protected":false},"excerpt":{"rendered":"<p><strong>El primer peto de vela responsable y de alto rendimiento <\/strong><strong>co-dise\u00f1ado por y para navegantes.<\/strong><\/p>\n<p><span style=\"font-weight: 400;\">Dise\u00f1o \u00fanico, c\u00f3modo y pr\u00e1ctico en navegaci\u00f3n.<\/span><\/p>\n<p><span style=\"font-weight: 400;\">Innovador, de alto rendimiento y probado en regata oce\u00e1nica<\/span><\/p>\n<p><span style=\"font-weight: 400;\">Tejido transpirable y resistente a la abrasi\u00f3n, impermeable y ligero.  <\/span><\/p>\n<p><span style=\"font-weight: 400;\">Ensamblaje sin costuras para una estanqueidad \u00f3ptima.<\/span><\/p>\n<p><em>Entrega en 2-3 d\u00edas laborables.  <\/em><\/p>\n<p>&nbsp;<\/p>\n","protected":false},"featured_media":9704,"comment_status":"open","ping_status":"closed","template":"","meta":{"_acf_changed":false},"product_brand":[],"product_cat":[99],"product_tag":[],"class_list":{"0":"post-9690","1":"product","2":"type-product","3":"status-publish","4":"has-post-thumbnail","6":"product_cat-peto","8":"first","9":"instock","10":"sale","11":"taxable","12":"shipping-taxable","13":"purchasable","14":"product-type-variable","15":"add-to-wishlist-after_add_to_cart"},"acf":[],"_links":{"self":[{"href":"https:\/\/sailiz.fr\/es\/wp-json\/wp\/v2\/product\/9690","targetHints":{"allow":["GET"]}}],"collection":[{"href":"https:\/\/sailiz.fr\/es\/wp-json\/wp\/v2\/product"}],"about":[{"href":"https:\/\/sailiz.fr\/es\/wp-json\/wp\/v2\/types\/product"}],"replies":[{"embeddable":true,"href":"https:\/\/sailiz.fr\/es\/wp-json\/wp\/v2\/comments?post=9690"}],"wp:featuredmedia":[{"embeddable":true,"href":"https:\/\/sailiz.fr\/es\/wp-json\/wp\/v2\/media\/9704"}],"wp:attachment":[{"href":"https:\/\/sailiz.fr\/es\/wp-json\/wp\/v2\/media?parent=9690"}],"wp:term":[{"taxonomy":"product_brand","embeddable":true,"href":"https:\/\/sailiz.fr\/es\/wp-json\/wp\/v2\/product_brand?post=9690"},{"taxonomy":"product_cat","embeddable":true,"href":"https:\/\/sailiz.fr\/es\/wp-json\/wp\/v2\/product_cat?post=9690"},{"taxonomy":"product_tag","embeddable":true,"href":"https:\/\/sailiz.fr\/es\/wp-json\/wp\/v2\/product_tag?post=9690"}],"curies":[{"name":"wp","href":"https:\/\/api.w.org\/{rel}","templated":true}]}}