{"id":9615,"date":"2024-11-13T12:48:48","date_gmt":"2024-11-13T11:48:48","guid":{"rendered":"https:\/\/sailiz.fr\/product\/tarjeta-regalo-sailiz\/"},"modified":"2024-11-13T12:48:48","modified_gmt":"2024-11-13T11:48:48","slug":"tarjeta-regalo-sailiz","status":"publish","type":"product","link":"https:\/\/sailiz.fr\/es\/producto\/tarjeta-regalo-sailiz\/","title":{"rendered":"Tarjeta regalo Sailiz"},"content":{"rendered":"<p>\ud83c\udf81 <strong>Tarjeta Regalo Sailiz<\/strong> \ud83c\udf81<\/p>\n<p>Regala aventura con la tarjeta regalo Sailiz, \u00a1el regalo perfecto para las apasionadas del mar! \ud83c\udf0a<\/p>\n<p>Ya sea para un cumplea\u00f1os, Navidad o simplemente para hacer ilusi\u00f3n, deja que tus seres queridos elijan entre nuestra colecci\u00f3n de ropa t\u00e9cnica y duradera dise\u00f1ada especialmente para mujeres navegantes. Pr\u00f3ximamente en 2026: nuestro conjunto t\u00e9rmico y nuestra chaqueta Offshore. <\/p>\n<p><strong>Ventajas de la tarjeta regalo Sailiz:<\/strong><\/p>\n<ul>\n<li><strong>Flexibilidad<\/strong>: V\u00e1lida en toda nuestra tienda online.<\/li>\n<li><strong>Descuento<\/strong>: 20 euros de descuento por cada 100 euros. Usando nuestra tarjeta regalo el peto te sale por 400 euros. <\/li>\n<li><strong>Validez extendida<\/strong>: Disfruta de una validez de 12 meses.<\/li>\n<\/ul>\n<p>Haz felices a tus seres queridos ofreci\u00e9ndoles la posibilidad de equiparse con productos de calidad, ecorresponsables e innovadores. \u00a1Regala la experiencia Sailiz! \ud83c\udf1f<\/p>\n","protected":false},"excerpt":{"rendered":"<div>\n<div class=\"flex w-full flex-col items-end\" data-content=\"user-message\"><\/div>\n<\/div>\n<div data-content=\"ai-message\">\n<div class=\"space-y-3 break-words\">\n<p>\ud83c\udf81 <strong>Tarjeta Regalo Sailiz<\/strong> \ud83c\udf81<\/p>\n<p>Regala aventura con la tarjeta regalo Sailiz, \u00a1el regalo perfecto para las apasionadas del mar! \ud83c\udf0a<\/p>\n<p>Ya sea para un cumplea\u00f1os, Navidad o simplemente para hacer ilusi\u00f3n, deja que tus seres queridos elijan entre nuestra colecci\u00f3n de ropa t\u00e9cnica y duradera dise\u00f1ada especialmente para mujeres navegantes. Pr\u00f3ximamente en 2026: nuestro conjunto t\u00e9rmico y nuestra chaqueta Offshore. <\/p>\n<p><strong>Ventajas de la tarjeta regalo Sailiz:<\/strong><\/p>\n<ul>\n<li><strong>Flexibilidad<\/strong>: V\u00e1lida en toda nuestra tienda online.<\/li>\n<li><strong>Descuento<\/strong>: 20 euros de descuento por cada 100 euros. Usando nuestra tarjeta regalo el peto te sale por 400 euros.<\/li>\n<li><strong>Validez extendida<\/strong>: Disfruta de una validez de 12 meses.<\/li>\n<\/ul>\n<p>Haz felices a tus seres queridos ofreci\u00e9ndoles la posibilidad de equiparse con productos de calidad, ecorresponsables e innovadores. \u00a1Regala la experiencia Sailiz! \ud83c\udf1f<\/p>\n<\/div>\n<\/div>\n","protected":false},"featured_media":9631,"comment_status":"open","ping_status":"closed","template":"","meta":{"_acf_changed":false},"product_brand":[],"product_cat":[97],"product_tag":[],"class_list":{"0":"post-9615","1":"product","2":"type-product","3":"status-publish","4":"has-post-thumbnail","6":"product_cat-tarjeta-regalo","8":"first","9":"outofstock","10":"sale","11":"taxable","12":"shipping-taxable","13":"purchasable","14":"product-type-variable","15":"add-to-wishlist-after_add_to_cart"},"acf":[],"_links":{"self":[{"href":"https:\/\/sailiz.fr\/es\/wp-json\/wp\/v2\/product\/9615","targetHints":{"allow":["GET"]}}],"collection":[{"href":"https:\/\/sailiz.fr\/es\/wp-json\/wp\/v2\/product"}],"about":[{"href":"https:\/\/sailiz.fr\/es\/wp-json\/wp\/v2\/types\/product"}],"replies":[{"embeddable":true,"href":"https:\/\/sailiz.fr\/es\/wp-json\/wp\/v2\/comments?post=9615"}],"wp:featuredmedia":[{"embeddable":true,"href":"https:\/\/sailiz.fr\/es\/wp-json\/wp\/v2\/media\/9631"}],"wp:attachment":[{"href":"https:\/\/sailiz.fr\/es\/wp-json\/wp\/v2\/media?parent=9615"}],"wp:term":[{"taxonomy":"product_brand","embeddable":true,"href":"https:\/\/sailiz.fr\/es\/wp-json\/wp\/v2\/product_brand?post=9615"},{"taxonomy":"product_cat","embeddable":true,"href":"https:\/\/sailiz.fr\/es\/wp-json\/wp\/v2\/product_cat?post=9615"},{"taxonomy":"product_tag","embeddable":true,"href":"https:\/\/sailiz.fr\/es\/wp-json\/wp\/v2\/product_tag?post=9615"}],"curies":[{"name":"wp","href":"https:\/\/api.w.org\/{rel}","templated":true}]}}