{"id":10392,"date":"2026-01-07T21:24:04","date_gmt":"2026-01-07T20:24:04","guid":{"rendered":"https:\/\/sailiz.fr\/product\/las-chaquetas-imperfectas\/"},"modified":"2026-03-30T16:29:41","modified_gmt":"2026-03-30T14:29:41","slug":"las-chaquetas-imperfectas","status":"publish","type":"product","link":"https:\/\/sailiz.fr\/es\/producto\/las-chaquetas-imperfectas\/","title":{"rendered":"Las chaquetas imperfectas"},"content":{"rendered":"<p><span dir=\"auto\" style=\"vertical-align: inherit;\"><span dir=\"auto\" style=\"vertical-align: inherit;\">Porque la eco-responsabilidad est\u00e1 en el centro de nuestras preocupaciones. Te ofrecemos chaquetas imperfectas de segunda selecci\u00f3n con peque\u00f1os defectos puramente est\u00e9ticos. <\/span><\/span><\/p>\n<p><strong><span dir=\"auto\" style=\"vertical-align: inherit;\"><span dir=\"auto\" style=\"vertical-align: inherit;\">\u00bfPor qu\u00e9 elegir una chaqueta de nuestras piezas imperfectas?<\/span><\/span><\/strong><\/p>\n<p><strong><span dir=\"auto\" style=\"vertical-align: inherit;\"><span dir=\"auto\" style=\"vertical-align: inherit;\">Ahorro<\/span><\/span><\/strong><span dir=\"auto\" style=\"vertical-align: inherit;\"><span dir=\"auto\" style=\"vertical-align: inherit;\">: Nuestras chaquetas de segunda selecci\u00f3n se venden a un precio reducido en comparaci\u00f3n con los modelos perfectos. Te beneficias de una calidad excepcional a un coste menor.<\/span><\/span><\/p>\n<p><strong><span dir=\"auto\" style=\"vertical-align: inherit;\"><span dir=\"auto\" style=\"vertical-align: inherit;\">Reducci\u00f3n de residuos<\/span><\/span><\/strong><span dir=\"auto\" style=\"vertical-align: inherit;\"><span dir=\"auto\" style=\"vertical-align: inherit;\">: Al elegir un producto de segunda selecci\u00f3n, participas activamente en la reducci\u00f3n de residuos. Estas chaquetas tienen peque\u00f1os defectos (como ligeras imperfecciones en las costuras o el montaje), pero siguen siendo funcionales y duraderas.<\/span><\/span><\/p>\n<p><strong><span dir=\"auto\" style=\"vertical-align: inherit;\"><span dir=\"auto\" style=\"vertical-align: inherit;\">Confort y rendimiento<\/span><\/span><\/strong><span dir=\"auto\" style=\"vertical-align: inherit;\"><span dir=\"auto\" style=\"vertical-align: inherit;\">: Nuestras chaquetas est\u00e1n dise\u00f1adas para ofrecer un confort \u00f3ptimo en el mar. Su dise\u00f1o \u00fanico se adapta a la morfolog\u00eda femenina, y los materiales transpirables y duraderos garantizan un rendimiento excepcional.<\/span><\/span><\/p>\n<p><strong><span dir=\"auto\" style=\"vertical-align: inherit;\"><span dir=\"auto\" style=\"vertical-align: inherit;\">Descripci\u00f3n de los defectos:  <\/span><\/span><\/strong><\/p>\n<p><span dir=\"auto\" style=\"vertical-align: inherit;\"><span dir=\"auto\" style=\"vertical-align: inherit;\">Defecto de montaje en el bolsillo delantero: modificaci\u00f3n est\u00e9tica visible solo en el interior.  <\/span><\/span><br \/>\n<span dir=\"auto\" style=\"vertical-align: inherit;\"><span dir=\"auto\" style=\"vertical-align: inherit;\">Peque\u00f1as manchas de exceso de pegamento en el interior y en las zonas de las cremalleras delanteras = est\u00e9tico.  <\/span><\/span><br \/>\n<span dir=\"auto\" style=\"vertical-align: inherit;\"><span dir=\"auto\" style=\"vertical-align: inherit;\">Ligero deshilachado visible en algunas costuras = est\u00e9tico.  <\/span><\/span><br \/>\n<span dir=\"auto\" style=\"vertical-align: inherit;\"><span dir=\"auto\" style=\"vertical-align: inherit;\">Fotos disponibles bajo petici\u00f3n.<\/span><\/span><\/p>\n<h6><em><span dir=\"auto\" style=\"vertical-align: inherit;\"><span dir=\"auto\" style=\"vertical-align: inherit;\">Este producto no est\u00e1 cubierto por la garant\u00eda SAILIZ. No se admiten devoluciones ni cambios. <\/span><\/span><\/em><\/h6>\n","protected":false},"excerpt":{"rendered":"<p><span dir=\"auto\" style=\"vertical-align: inherit;\"><span dir=\"auto\" style=\"vertical-align: inherit;\">Porque la eco-responsabilidad est\u00e1 en el centro de nuestras preocupaciones. Te ofrecemos chaquetas imperfectas de segunda selecci\u00f3n con peque\u00f1os defectos puramente est\u00e9ticos. <\/span><\/span><\/p>\n<p><strong><span dir=\"auto\" style=\"vertical-align: inherit;\"><span dir=\"auto\" style=\"vertical-align: inherit;\">\u00bfPor qu\u00e9 elegir una chaqueta de nuestras piezas imperfectas?<\/span><\/span><\/strong><\/p>\n<p><strong><span dir=\"auto\" style=\"vertical-align: inherit;\"><span dir=\"auto\" style=\"vertical-align: inherit;\">Ahorro<\/span><\/span><\/strong><span dir=\"auto\" style=\"vertical-align: inherit;\"><span dir=\"auto\" style=\"vertical-align: inherit;\">: Nuestras chaquetas de segunda selecci\u00f3n se venden a un precio reducido en comparaci\u00f3n con los modelos perfectos. Te beneficias de una calidad excepcional a un coste menor.<\/span><\/span><\/p>\n<p><strong><span dir=\"auto\" style=\"vertical-align: inherit;\"><span dir=\"auto\" style=\"vertical-align: inherit;\">Reducci\u00f3n de residuos<\/span><\/span><\/strong><span dir=\"auto\" style=\"vertical-align: inherit;\"><span dir=\"auto\" style=\"vertical-align: inherit;\">: Al elegir un producto de segunda selecci\u00f3n, participas activamente en la reducci\u00f3n de residuos. Estas chaquetas tienen peque\u00f1os defectos (como ligeras imperfecciones en las costuras o el montaje), pero siguen siendo funcionales y duraderas.<\/span><\/span><\/p>\n<p><strong><span dir=\"auto\" style=\"vertical-align: inherit;\"><span dir=\"auto\" style=\"vertical-align: inherit;\">Confort y rendimiento<\/span><\/span><\/strong><span dir=\"auto\" style=\"vertical-align: inherit;\"><span dir=\"auto\" style=\"vertical-align: inherit;\">: Nuestras chaquetas est\u00e1n dise\u00f1adas para ofrecer un confort \u00f3ptimo en el mar. Su dise\u00f1o \u00fanico se adapta a la morfolog\u00eda femenina, y los materiales transpirables y duraderos garantizan un rendimiento excepcional.<\/span><\/span><\/p>\n<p><strong><span dir=\"auto\" style=\"vertical-align: inherit;\"><span dir=\"auto\" style=\"vertical-align: inherit;\">Descripci\u00f3n de los defectos:  <\/span><\/span><\/strong><\/p>\n<p><span dir=\"auto\" style=\"vertical-align: inherit;\"><span dir=\"auto\" style=\"vertical-align: inherit;\">Defecto de montaje en el bolsillo delantero: modificaci\u00f3n est\u00e9tica visible solo en el interior.  <\/span><\/span><br \/>\n<span dir=\"auto\" style=\"vertical-align: inherit;\"><span dir=\"auto\" style=\"vertical-align: inherit;\">Peque\u00f1as manchas de exceso de pegamento en el interior y en las zonas de las cremalleras delanteras = est\u00e9tico.  <\/span><\/span><br \/>\n<span dir=\"auto\" style=\"vertical-align: inherit;\"><span dir=\"auto\" style=\"vertical-align: inherit;\">Ligero deshilachado visible en algunas costuras = est\u00e9tico.  <\/span><\/span><br \/>\n<span dir=\"auto\" style=\"vertical-align: inherit;\"><span dir=\"auto\" style=\"vertical-align: inherit;\">Fotos disponibles bajo petici\u00f3n.<\/span><\/span><\/p>\n<h6><em><span dir=\"auto\" style=\"vertical-align: inherit;\"><span dir=\"auto\" style=\"vertical-align: inherit;\">Este producto no est\u00e1 cubierto por la garant\u00eda SAILIZ.  <\/span><\/span><\/em><\/h6>\n","protected":false},"featured_media":10393,"comment_status":"open","ping_status":"closed","template":"","meta":{"_acf_changed":false},"product_brand":[],"product_cat":[51],"product_tag":[],"class_list":{"0":"post-10392","1":"product","2":"type-product","3":"status-publish","4":"has-post-thumbnail","6":"product_cat-veste","8":"first","9":"instock","10":"sale","11":"taxable","12":"shipping-taxable","13":"purchasable","14":"product-type-variable","15":"add-to-wishlist-after_add_to_cart"},"acf":[],"_links":{"self":[{"href":"https:\/\/sailiz.fr\/es\/wp-json\/wp\/v2\/product\/10392","targetHints":{"allow":["GET"]}}],"collection":[{"href":"https:\/\/sailiz.fr\/es\/wp-json\/wp\/v2\/product"}],"about":[{"href":"https:\/\/sailiz.fr\/es\/wp-json\/wp\/v2\/types\/product"}],"replies":[{"embeddable":true,"href":"https:\/\/sailiz.fr\/es\/wp-json\/wp\/v2\/comments?post=10392"}],"wp:featuredmedia":[{"embeddable":true,"href":"https:\/\/sailiz.fr\/es\/wp-json\/wp\/v2\/media\/10393"}],"wp:attachment":[{"href":"https:\/\/sailiz.fr\/es\/wp-json\/wp\/v2\/media?parent=10392"}],"wp:term":[{"taxonomy":"product_brand","embeddable":true,"href":"https:\/\/sailiz.fr\/es\/wp-json\/wp\/v2\/product_brand?post=10392"},{"taxonomy":"product_cat","embeddable":true,"href":"https:\/\/sailiz.fr\/es\/wp-json\/wp\/v2\/product_cat?post=10392"},{"taxonomy":"product_tag","embeddable":true,"href":"https:\/\/sailiz.fr\/es\/wp-json\/wp\/v2\/product_tag?post=10392"}],"curies":[{"name":"wp","href":"https:\/\/api.w.org\/{rel}","templated":true}]}}