{"id":10320,"date":"2026-02-13T09:49:50","date_gmt":"2026-02-13T08:49:50","guid":{"rendered":"https:\/\/sailiz.fr\/product\/pipi-de-pie-la-marinette-x-sailiz\/"},"modified":"2026-02-13T09:49:50","modified_gmt":"2026-02-13T08:49:50","slug":"pipi-de-pie-la-marinette-x-sailiz","status":"publish","type":"product","link":"https:\/\/sailiz.fr\/es\/producto\/pipi-de-pie-la-marinette-x-sailiz\/","title":{"rendered":"Pip\u00ed de pie La Marinette x Sailiz"},"content":{"rendered":"<h2 class=\"text-text-100 mt-3 -mb-1 text-[1.125rem] font-bold\"><strong>Pip\u00ed de pie con funda upcycled de vela de kite<\/strong><\/h2>\n<p class=\"font-claude-response-body break-words whitespace-normal leading-[1.7]\"><em>Colaboraci\u00f3n La Marinette x Sailiz x Artefact<\/em><\/p>\n<p>El pip\u00ed de pie imprescindible para navegantes, por fin en una funda a la altura.<\/p>\n<p>Una colaboraci\u00f3n entre La Marinette (las expertas del pip\u00ed de pie), Sailiz (equipamiento t\u00e9cnico femenino) y Artefact (upcycling de velas).<\/p>\n","protected":false},"excerpt":{"rendered":"<p>Pip\u00ed de pie con funda upcycled de vela de kite Colaboraci\u00f3n La Marinette x Sailiz x Artefact El pip\u00ed de pie imprescindible para navegantes, por fin en una funda a la altura. Una colaboraci\u00f3n entre La Marinette (las expertas del pip\u00ed de pie), Sailiz (equipamiento t\u00e9cnico femenino) y Artefact (upcycling de velas).<\/p>\n","protected":false},"featured_media":10326,"comment_status":"open","ping_status":"closed","template":"","meta":{"_acf_changed":false},"product_brand":[],"product_cat":[93],"product_tag":[],"class_list":{"0":"post-10320","1":"product","2":"type-product","3":"status-publish","4":"has-post-thumbnail","6":"product_cat-accesorios","8":"first","9":"instock","10":"taxable","11":"shipping-taxable","12":"purchasable","13":"product-type-simple","14":"add-to-wishlist-after_add_to_cart"},"acf":[],"_links":{"self":[{"href":"https:\/\/sailiz.fr\/es\/wp-json\/wp\/v2\/product\/10320","targetHints":{"allow":["GET"]}}],"collection":[{"href":"https:\/\/sailiz.fr\/es\/wp-json\/wp\/v2\/product"}],"about":[{"href":"https:\/\/sailiz.fr\/es\/wp-json\/wp\/v2\/types\/product"}],"replies":[{"embeddable":true,"href":"https:\/\/sailiz.fr\/es\/wp-json\/wp\/v2\/comments?post=10320"}],"wp:featuredmedia":[{"embeddable":true,"href":"https:\/\/sailiz.fr\/es\/wp-json\/wp\/v2\/media\/10326"}],"wp:attachment":[{"href":"https:\/\/sailiz.fr\/es\/wp-json\/wp\/v2\/media?parent=10320"}],"wp:term":[{"taxonomy":"product_brand","embeddable":true,"href":"https:\/\/sailiz.fr\/es\/wp-json\/wp\/v2\/product_brand?post=10320"},{"taxonomy":"product_cat","embeddable":true,"href":"https:\/\/sailiz.fr\/es\/wp-json\/wp\/v2\/product_cat?post=10320"},{"taxonomy":"product_tag","embeddable":true,"href":"https:\/\/sailiz.fr\/es\/wp-json\/wp\/v2\/product_tag?post=10320"}],"curies":[{"name":"wp","href":"https:\/\/api.w.org\/{rel}","templated":true}]}}