{"id":10303,"date":"2025-12-04T09:20:27","date_gmt":"2025-12-04T08:20:27","guid":{"rendered":"https:\/\/sailiz.fr\/product\/peto-element-offshore\/"},"modified":"2026-04-10T13:40:07","modified_gmt":"2026-04-10T11:40:07","slug":"peto-element-offshore","status":"publish","type":"product","link":"https:\/\/sailiz.fr\/es\/producto\/peto-element-offshore\/","title":{"rendered":"Peto de vela Element offshore"},"content":{"rendered":"<p><strong>\u00a1Nuestro nuevo peto de vela sostenible y de alto rendimiento <\/strong><strong>codise\u00f1ado por y para navegantes!<\/strong><\/p>\n<p><span style=\"font-weight: 400;\">Dise\u00f1o \u00fanico, c\u00f3modo y pr\u00e1ctico para navegar.<\/span><\/p>\n<p><span style=\"font-weight: 400;\">Innovador, eficaz y probado en regatas de altura<\/span><\/p>\n<p><span style=\"font-weight: 400;\">Tejido transpirable y resistente a la abrasi\u00f3n, impermeable y ligero. <\/span><\/p>\n<p>Dise\u00f1ado y mejorado a partir de vuestra experiencia.<\/p>\n<p><em>Producci\u00f3n en curso tallas agotadas S, M, XXL: entrega a principios de mayo de 2026 <\/em><\/p>\n","protected":false},"excerpt":{"rendered":"<p>Desarrollado a partir de la experiencia de nuestras navegantes, la versi\u00f3n Element de nuestro peto de vela offshore aporta mejoras concretas para mayor comodidad y practicidad:<\/p>\n<ul>\n<li><strong>Rodilleras de espuma extra\u00edbles <\/strong>\u2013 Protecci\u00f3n reforzada en maniobras de rodillas, f\u00e1ciles de quitar para lavar o sustituir<\/li>\n<li><strong>Tirantes ajustables con velcro <\/strong>\u2013 Ajuste r\u00e1pido y preciso para una sujeci\u00f3n \u00f3ptima sea cual sea tu morfolog\u00eda<\/li>\n<li><strong>Velcro de alto rendimiento y no abrasivo <\/strong>\u2013 Agarre potente sin da\u00f1ar los tejidos ni la piel<\/li>\n<\/ul>\n<p>\u00a1Reparable de por vida!<\/p>\n<p>&nbsp;<\/p>\n<p><strong><em>Entrega en mayo de 2026<\/em><\/strong><\/p>\n<p>&nbsp;<\/p>\n","protected":false},"featured_media":10965,"comment_status":"open","ping_status":"closed","template":"","meta":{"_acf_changed":false},"product_brand":[],"product_cat":[33],"product_tag":[],"class_list":{"0":"post-10303","1":"product","2":"type-product","3":"status-publish","4":"has-post-thumbnail","6":"product_cat-salopette","8":"first","9":"instock","10":"taxable","11":"shipping-taxable","12":"purchasable","13":"product-type-variable","14":"add-to-wishlist-after_add_to_cart"},"acf":[],"_links":{"self":[{"href":"https:\/\/sailiz.fr\/es\/wp-json\/wp\/v2\/product\/10303","targetHints":{"allow":["GET"]}}],"collection":[{"href":"https:\/\/sailiz.fr\/es\/wp-json\/wp\/v2\/product"}],"about":[{"href":"https:\/\/sailiz.fr\/es\/wp-json\/wp\/v2\/types\/product"}],"replies":[{"embeddable":true,"href":"https:\/\/sailiz.fr\/es\/wp-json\/wp\/v2\/comments?post=10303"}],"wp:featuredmedia":[{"embeddable":true,"href":"https:\/\/sailiz.fr\/es\/wp-json\/wp\/v2\/media\/10965"}],"wp:attachment":[{"href":"https:\/\/sailiz.fr\/es\/wp-json\/wp\/v2\/media?parent=10303"}],"wp:term":[{"taxonomy":"product_brand","embeddable":true,"href":"https:\/\/sailiz.fr\/es\/wp-json\/wp\/v2\/product_brand?post=10303"},{"taxonomy":"product_cat","embeddable":true,"href":"https:\/\/sailiz.fr\/es\/wp-json\/wp\/v2\/product_cat?post=10303"},{"taxonomy":"product_tag","embeddable":true,"href":"https:\/\/sailiz.fr\/es\/wp-json\/wp\/v2\/product_tag?post=10303"}],"curies":[{"name":"wp","href":"https:\/\/api.w.org\/{rel}","templated":true}]}}