{"id":10282,"date":"2026-01-07T22:40:23","date_gmt":"2026-01-07T21:40:23","guid":{"rendered":"https:\/\/sailiz.fr\/product\/la-sudadera-sailiz-x-the-lost-fin\/"},"modified":"2026-01-07T22:40:23","modified_gmt":"2026-01-07T21:40:23","slug":"la-sudadera-sailiz-x-the-lost-fin","status":"publish","type":"product","link":"https:\/\/sailiz.fr\/es\/producto\/la-sudadera-sailiz-x-the-lost-fin\/","title":{"rendered":"La sudadera Sailiz X The Lost Fin"},"content":{"rendered":"<p class=\"\" data-start=\"199\" data-end=\"395\">Sum\u00e9rgete en el universo del mar con nuestra sudadera de la nueva colecci\u00f3n exclusiva <strong data-start=\"259\" data-end=\"284\">Sailiz x The Lost Fin<\/strong>, una colaboraci\u00f3n 100 % comprometida entre dos marcas apasionadas por el oc\u00e9ano, el estilo y el saber hacer local.<\/p>\n<p class=\"\" data-start=\"397\" data-end=\"439\">\ud83e\udea1 <strong data-start=\"400\" data-end=\"437\">Fabricaci\u00f3n \u00e9tica y europea<\/strong><\/p>\n<ul data-start=\"440\" data-end=\"630\">\n<li class=\"\" data-start=\"440\" data-end=\"491\">\n<p class=\"\" data-start=\"442\" data-end=\"491\">Confeccionada en<strong data-start=\"461\" data-end=\"489\"> Francia<\/strong><\/p>\n<\/li>\n<li class=\"\" data-start=\"492\" data-end=\"568\">\n<p class=\"\" data-start=\"494\" data-end=\"568\"><strong data-start=\"494\" data-end=\"519\">Algod\u00f3n org\u00e1nico<\/strong>: suave, transpirable y respetuoso con el planeta<\/p>\n<\/li>\n<\/ul>\n<p class=\"\" data-start=\"632\" data-end=\"663\">\ud83c\udfa8 <strong data-start=\"635\" data-end=\"661\">Dise\u00f1o exclusivo Sailiz<\/strong><\/p>\n<ul data-start=\"664\" data-end=\"849\">\n<li class=\"\" data-start=\"664\" data-end=\"727\">\n<p class=\"\" data-start=\"666\" data-end=\"727\"><strong data-start=\"666\" data-end=\"707\">Motivos inspirados en el universo n\u00e1utico<\/strong>, creaci\u00f3n \u00fanica de The Lost Fin para SAILIZ<\/p>\n<\/li>\n<li class=\"\" data-start=\"728\" data-end=\"794\">\n<p class=\"\" data-start=\"730\" data-end=\"794\"><strong data-start=\"730\" data-end=\"756\">Serigraf\u00eda artesanal<\/strong> realizada en <strong data-start=\"768\" data-end=\"792\">Lorient, en Breta\u00f1a<\/strong><\/p>\n<\/li>\n<\/ul>\n<p class=\"\" data-start=\"730\" data-end=\"794\"><span style=\"font-family: -apple-system, BlinkMacSystemFont, 'Segoe UI', Roboto, 'Helvetica Neue', Arial, 'Noto Sans', sans-serif, 'Apple Color Emoji', 'Segoe UI Emoji', 'Segoe UI Symbol', 'Noto Color Emoji';\">\ud83c\udf0a <\/span><strong style=\"font-family: -apple-system, BlinkMacSystemFont, 'Segoe UI', Roboto, 'Helvetica Neue', Arial, 'Noto Sans', sans-serif, 'Apple Color Emoji', 'Segoe UI Emoji', 'Segoe UI Symbol', 'Noto Color Emoji';\" data-start=\"854\" data-end=\"881\">Una sudadera con sentido<\/strong><\/p>\n<p class=\"\" data-start=\"851\" data-end=\"1090\">Cada pieza cuenta una historia: la de un saber hacer local, una producci\u00f3n responsable y una pasi\u00f3n com\u00fan por el mar. Tanto si est\u00e1s en el muelle como mar adentro, esta sudadera te acompa\u00f1ar\u00e1 a todas partes. <\/p>\n","protected":false},"excerpt":{"rendered":"<p class=\"\" data-start=\"199\" data-end=\"395\">Sum\u00e9rgete en el universo del mar con nuestra sudadera de la nueva colecci\u00f3n exclusiva <strong data-start=\"259\" data-end=\"284\">Sailiz x The Lost Fin<\/strong>, una colaboraci\u00f3n 100 % comprometida entre dos marcas apasionadas por el oc\u00e9ano, el estilo y el saber hacer local.<\/p>\n<p class=\"\" data-start=\"397\" data-end=\"439\">\ud83e\udea1 <strong data-start=\"400\" data-end=\"437\">Fabricaci\u00f3n \u00e9tica y europea<\/strong><\/p>\n<ul data-start=\"440\" data-end=\"630\">\n<li class=\"\" data-start=\"440\" data-end=\"491\">\n<p class=\"\" data-start=\"442\" data-end=\"491\">Confeccionada en<strong data-start=\"461\" data-end=\"489\"> Francia<\/strong><\/p>\n<\/li>\n<li class=\"\" data-start=\"492\" data-end=\"568\">\n<p class=\"\" data-start=\"494\" data-end=\"568\"><strong data-start=\"494\" data-end=\"519\">Algod\u00f3n org\u00e1nico<\/strong>: suave, transpirable y respetuoso con el planeta<\/p>\n<\/li>\n<\/ul>\n<p class=\"\" data-start=\"632\" data-end=\"663\">\ud83c\udfa8 <strong data-start=\"635\" data-end=\"661\">Dise\u00f1o exclusivo Sailiz<\/strong><\/p>\n<ul data-start=\"664\" data-end=\"849\">\n<li class=\"\" data-start=\"664\" data-end=\"727\">\n<p class=\"\" data-start=\"666\" data-end=\"727\"><strong data-start=\"666\" data-end=\"707\">Motivos inspirados en el universo n\u00e1utico<\/strong>, creados por Sailiz<\/p>\n<\/li>\n<li class=\"\" data-start=\"728\" data-end=\"794\">\n<p class=\"\" data-start=\"730\" data-end=\"794\"><strong data-start=\"730\" data-end=\"756\">Serigraf\u00eda artesanal<\/strong> realizada en <strong data-start=\"768\" data-end=\"792\">Lorient, en Breta\u00f1a<\/strong><\/p>\n<\/li>\n<\/ul>\n<p class=\"\" data-start=\"730\" data-end=\"794\"><span style=\"font-family: -apple-system, BlinkMacSystemFont, 'Segoe UI', Roboto, 'Helvetica Neue', Arial, 'Noto Sans', sans-serif, 'Apple Color Emoji', 'Segoe UI Emoji', 'Segoe UI Symbol', 'Noto Color Emoji';\">\ud83c\udf0a <\/span><strong style=\"font-family: -apple-system, BlinkMacSystemFont, 'Segoe UI', Roboto, 'Helvetica Neue', Arial, 'Noto Sans', sans-serif, 'Apple Color Emoji', 'Segoe UI Emoji', 'Segoe UI Symbol', 'Noto Color Emoji';\" data-start=\"854\" data-end=\"881\">Una sudadera con sentido<\/strong><\/p>\n<p class=\"\" data-start=\"851\" data-end=\"1090\">Cada pieza cuenta una historia: la de un saber hacer local, una producci\u00f3n responsable y una pasi\u00f3n com\u00fan por el mar. Tanto si est\u00e1s en el muelle como mar adentro, esta sudadera te acompa\u00f1ar\u00e1 a todas partes. <\/p>\n","protected":false},"featured_media":10283,"comment_status":"open","ping_status":"closed","template":"","meta":{"_acf_changed":false},"product_brand":[],"product_cat":[95],"product_tag":[],"class_list":{"0":"post-10282","1":"product","2":"type-product","3":"status-publish","4":"has-post-thumbnail","6":"product_cat-sudadera","8":"first","9":"instock","10":"sale","11":"taxable","12":"shipping-taxable","13":"purchasable","14":"product-type-variable","15":"add-to-wishlist-after_add_to_cart"},"acf":[],"_links":{"self":[{"href":"https:\/\/sailiz.fr\/es\/wp-json\/wp\/v2\/product\/10282","targetHints":{"allow":["GET"]}}],"collection":[{"href":"https:\/\/sailiz.fr\/es\/wp-json\/wp\/v2\/product"}],"about":[{"href":"https:\/\/sailiz.fr\/es\/wp-json\/wp\/v2\/types\/product"}],"replies":[{"embeddable":true,"href":"https:\/\/sailiz.fr\/es\/wp-json\/wp\/v2\/comments?post=10282"}],"wp:featuredmedia":[{"embeddable":true,"href":"https:\/\/sailiz.fr\/es\/wp-json\/wp\/v2\/media\/10283"}],"wp:attachment":[{"href":"https:\/\/sailiz.fr\/es\/wp-json\/wp\/v2\/media?parent=10282"}],"wp:term":[{"taxonomy":"product_brand","embeddable":true,"href":"https:\/\/sailiz.fr\/es\/wp-json\/wp\/v2\/product_brand?post=10282"},{"taxonomy":"product_cat","embeddable":true,"href":"https:\/\/sailiz.fr\/es\/wp-json\/wp\/v2\/product_cat?post=10282"},{"taxonomy":"product_tag","embeddable":true,"href":"https:\/\/sailiz.fr\/es\/wp-json\/wp\/v2\/product_tag?post=10282"}],"curies":[{"name":"wp","href":"https:\/\/api.w.org\/{rel}","templated":true}]}}