{"id":10250,"date":"2025-06-15T23:26:37","date_gmt":"2025-06-15T21:26:37","guid":{"rendered":"https:\/\/sailiz.fr\/product\/chaqueta-element-offshore\/"},"modified":"2025-06-15T23:26:37","modified_gmt":"2025-06-15T21:26:37","slug":"chaqueta-element-offshore","status":"publish","type":"product","link":"https:\/\/sailiz.fr\/es\/producto\/chaqueta-element-offshore\/","title":{"rendered":"Chaqueta Element Offshore"},"content":{"rendered":"<p>Prep\u00e1rate para tus pr\u00f3ximas aventuras en el mar con la nueva chaqueta offshore para mujer Sailiz. Combinando innovaci\u00f3n, durabilidad y comodidad, esta chaqueta es el equipamiento ideal para afrontar las condiciones meteorol\u00f3gicas m\u00e1s extremas. <\/p>\n<p><strong>Caracter\u00edsticas de la chaqueta offshore Sailiz:<\/strong><br \/>\n&#8211; <strong>Tecnolog\u00eda de 3 capas<\/strong>: Impermeabilidad y transpirabilidad excepcionales para mantenerte seca y c\u00f3moda.<br \/>\n&#8211; <strong>Ecorresponsable<\/strong>: la chaqueta es totalmente reciclable, reparable de por vida y garantizada sin PFC.<br \/>\n&#8211; <strong>Corte ajustado y femenino<\/strong>: Dise\u00f1ada para adaptarse perfectamente a las morfolog\u00edas femeninas, resistente y c\u00f3moda. Una mezcla ideal entre chaquet\u00f3n y chaqueta de guardia. <\/p>\n<p>&nbsp;<\/p>\n<p><strong>Detalles:<\/strong><br \/>\n&#8211; <strong>Capucha ergon\u00f3mica:<\/strong> Protecci\u00f3n \u00f3ptima contra el viento y la lluvia, con una visi\u00f3n despejada para una navegaci\u00f3n con total seguridad.<br \/>\n&#8211; <strong>Detalles reflectantes<\/strong>: Para una visibilidad aumentada en condiciones de poca luz.<br \/>\n&#8211; <strong>Pu\u00f1os ajustables<\/strong>: Para un ajuste personalizado y una protecci\u00f3n m\u00e1xima contra las inclemencias del tiempo.<br \/>\n&#8211; <strong>Bolsillos multifunci\u00f3n<\/strong>: Almacenamiento pr\u00e1ctico para mantener tus imprescindibles a mano.<\/p>\n<p>&nbsp;<\/p>\n<p><em><strong>\u00bfPor qu\u00e9 elegir la chaqueta offshore Sailiz?<\/strong><\/em><\/p>\n<p>Porque es el fruto de una experiencia y una pasi\u00f3n por la navegaci\u00f3n, probada y aprobada por navegantes profesionales. Al elegir Sailiz, apoyas una marca que sit\u00faa la inclusi\u00f3n y la sostenibilidad en el centro de su desarrollo. <\/p>\n<h5><\/h5>\n","protected":false},"excerpt":{"rendered":"<p>Prep\u00e1rate para tus pr\u00f3ximas aventuras en el mar con la nueva chaqueta offshore Sailiz. Combinando innovaci\u00f3n, durabilidad y comodidad, esta chaqueta es el equipamiento ideal para afrontar las condiciones meteorol\u00f3gicas m\u00e1s extremas. <\/p>\n<p><strong>Caracter\u00edsticas de la chaqueta offshore Sailiz:<\/strong><br \/>\n&#8211; <strong>Tecnolog\u00eda de 3 capas Sympatex\u00ae<\/strong>: Impermeabilidad y transpirabilidad excepcionales para mantenerte seca y c\u00f3moda.<br \/>\n&#8211; <strong>Ecorresponsable<\/strong>: Fabricada con un laminado monomaterial, la chaqueta es totalmente reciclable, reparable de por vida y garantizada sin PFC.<br \/>\n&#8211; <strong>Corte ajustado y ergon\u00f3mico:<\/strong> Dise\u00f1ada para adaptarse perfectamente a las morfolog\u00edas femeninas, resistente y c\u00f3moda. Una mezcla ideal entre chaquet\u00f3n y chaqueta de guardia. <\/p>\n<p><em><strong>\u00bfPor qu\u00e9 elegir la chaqueta offshore Sailiz?<\/strong><\/em><\/p>\n<p>Porque es el fruto de una experiencia y una pasi\u00f3n por la navegaci\u00f3n, probada y aprobada por navegantes profesionales. Al elegir Sailiz, apoyas una marca que sit\u00faa la inclusi\u00f3n y la sostenibilidad en el centro de su desarrollo. <\/p>\n<p><strong>Pack peto + chaqueta offshore, si deseas tallas diferentes <a href=\"https:\/\/sailiz.fr\/es\/contacto\/\">cont\u00e1ctanos<\/a><\/strong><\/p>\n<pre>Disponible de la S a la XXL Gu\u00eda de tallas  <a href=\"https:\/\/sailiz.fr\/es\/ayuda\/\">aqu\u00ed  <\/a><\/pre>\n<p><em>*colores de los motivos no contractuales.<\/em><\/p>\n","protected":false},"featured_media":11101,"comment_status":"open","ping_status":"closed","template":"","meta":{"_acf_changed":false},"product_brand":[],"product_cat":[111],"product_tag":[],"class_list":{"0":"post-10250","1":"product","2":"type-product","3":"status-publish","4":"has-post-thumbnail","6":"product_cat-chaqueta","8":"first","9":"instock","10":"taxable","11":"shipping-taxable","12":"purchasable","13":"product-type-variable","14":"add-to-wishlist-after_add_to_cart"},"acf":[],"_links":{"self":[{"href":"https:\/\/sailiz.fr\/es\/wp-json\/wp\/v2\/product\/10250","targetHints":{"allow":["GET"]}}],"collection":[{"href":"https:\/\/sailiz.fr\/es\/wp-json\/wp\/v2\/product"}],"about":[{"href":"https:\/\/sailiz.fr\/es\/wp-json\/wp\/v2\/types\/product"}],"replies":[{"embeddable":true,"href":"https:\/\/sailiz.fr\/es\/wp-json\/wp\/v2\/comments?post=10250"}],"wp:featuredmedia":[{"embeddable":true,"href":"https:\/\/sailiz.fr\/es\/wp-json\/wp\/v2\/media\/11101"}],"wp:attachment":[{"href":"https:\/\/sailiz.fr\/es\/wp-json\/wp\/v2\/media?parent=10250"}],"wp:term":[{"taxonomy":"product_brand","embeddable":true,"href":"https:\/\/sailiz.fr\/es\/wp-json\/wp\/v2\/product_brand?post=10250"},{"taxonomy":"product_cat","embeddable":true,"href":"https:\/\/sailiz.fr\/es\/wp-json\/wp\/v2\/product_cat?post=10250"},{"taxonomy":"product_tag","embeddable":true,"href":"https:\/\/sailiz.fr\/es\/wp-json\/wp\/v2\/product_tag?post=10250"}],"curies":[{"name":"wp","href":"https:\/\/api.w.org\/{rel}","templated":true}]}}