{"id":10212,"date":"2025-10-15T09:59:58","date_gmt":"2025-10-15T07:59:58","guid":{"rendered":"https:\/\/sailiz.fr\/product\/peto-neo-2\/"},"modified":"2026-03-30T16:27:29","modified_gmt":"2026-03-30T14:27:29","slug":"peto-neo-2","status":"publish","type":"product","link":"https:\/\/sailiz.fr\/es\/producto\/peto-neo-2\/","title":{"rendered":"Peto de vela N\u00e9o"},"content":{"rendered":"","protected":false},"excerpt":{"rendered":"<p>Rendimiento y ligereza, dise\u00f1ado para mujeres que quieren desafiar los elementos sin l\u00edmites de movimiento<\/p>\n","protected":false},"featured_media":10972,"comment_status":"open","ping_status":"closed","template":"","meta":{"_acf_changed":false},"product_brand":[],"product_cat":[99],"product_tag":[109],"class_list":{"0":"post-10212","1":"product","2":"type-product","3":"status-publish","4":"has-post-thumbnail","6":"product_cat-peto","7":"product_tag-peto-neo-1","9":"first","10":"instock","11":"taxable","12":"shipping-taxable","13":"purchasable","14":"product-type-variable","15":"add-to-wishlist-after_add_to_cart"},"acf":[],"_links":{"self":[{"href":"https:\/\/sailiz.fr\/es\/wp-json\/wp\/v2\/product\/10212","targetHints":{"allow":["GET"]}}],"collection":[{"href":"https:\/\/sailiz.fr\/es\/wp-json\/wp\/v2\/product"}],"about":[{"href":"https:\/\/sailiz.fr\/es\/wp-json\/wp\/v2\/types\/product"}],"replies":[{"embeddable":true,"href":"https:\/\/sailiz.fr\/es\/wp-json\/wp\/v2\/comments?post=10212"}],"wp:featuredmedia":[{"embeddable":true,"href":"https:\/\/sailiz.fr\/es\/wp-json\/wp\/v2\/media\/10972"}],"wp:attachment":[{"href":"https:\/\/sailiz.fr\/es\/wp-json\/wp\/v2\/media?parent=10212"}],"wp:term":[{"taxonomy":"product_brand","embeddable":true,"href":"https:\/\/sailiz.fr\/es\/wp-json\/wp\/v2\/product_brand?post=10212"},{"taxonomy":"product_cat","embeddable":true,"href":"https:\/\/sailiz.fr\/es\/wp-json\/wp\/v2\/product_cat?post=10212"},{"taxonomy":"product_tag","embeddable":true,"href":"https:\/\/sailiz.fr\/es\/wp-json\/wp\/v2\/product_tag?post=10212"}],"curies":[{"name":"wp","href":"https:\/\/api.w.org\/{rel}","templated":true}]}}