{"id":9476,"date":"2023-08-09T16:14:03","date_gmt":"2023-08-09T14:14:03","guid":{"rendered":"https:\/\/sailiz.fr\/cocreacion\/"},"modified":"2026-03-10T05:52:41","modified_gmt":"2026-03-10T04:52:41","slug":"cocreacion","status":"publish","type":"page","link":"https:\/\/sailiz.fr\/es\/cocreacion\/","title":{"rendered":"Cocreaci\u00f3n"},"content":{"rendered":"\t\t<div data-elementor-type=\"wp-page\" data-elementor-id=\"9476\" class=\"elementor elementor-9476 elementor-27\" data-elementor-post-type=\"page\">\n\t\t\t\t<div class=\"elementor-element elementor-element-950bc71 e-con-full e-flex e-con e-child\" data-id=\"950bc71\" data-element_type=\"container\" data-e-type=\"container\" data-settings=\"{&quot;background_background&quot;:&quot;classic&quot;}\">\n\t\t\t\t<div class=\"elementor-element elementor-element-6027084 elementor-widget__width-initial elementor-widget elementor-widget-heading\" data-id=\"6027084\" data-element_type=\"widget\" data-e-type=\"widget\" data-widget_type=\"heading.default\">\n\t\t\t\t\t<h1 class=\"elementor-heading-title elementor-size-default\">\u00bfY si imaginaras tu futuro equipamiento con nosotras?<\/h1>\t\t\t\t<\/div>\n\t\t\t\t<\/div>\n\t\t<div class=\"elementor-element elementor-element-8efba54 e-flex e-con-boxed e-con e-parent\" data-id=\"8efba54\" data-element_type=\"container\" data-e-type=\"container\">\n\t\t\t\t\t<div class=\"e-con-inner\">\n\t\t<div class=\"elementor-element elementor-element-5839e9d e-con-full e-flex e-con e-child\" data-id=\"5839e9d\" data-element_type=\"container\" data-e-type=\"container\">\n\t\t\t\t<div class=\"elementor-element elementor-element-d98e467 elementor-widget elementor-widget-text-editor\" data-id=\"d98e467\" data-element_type=\"widget\" data-e-type=\"widget\" data-widget_type=\"text-editor.default\">\n\t\t\t\t\t\t\t\t\t<p>La cocreaci\u00f3n est\u00e1 en el <strong>coraz\u00f3n<\/strong> de nuestra misi\u00f3n. Darte la palabra y ofrecerte equipos t\u00e9cnicos a la altura de<strong> tus sue\u00f1os<\/strong> y de tus <strong>aventuras n\u00e1uticas<\/strong> es nuestra \u00fanica <strong>ambici\u00f3n<\/strong>.  <\/p><p>Necesitamos tus comentarios y tu experiencia para <strong>crear juntas el equipamiento t\u00e9cnico imprescindible<\/strong> para tu pr\u00e1ctica.\u2028<\/p><p><strong>\u00a1Vamos all\u00e1! \u26f5<\/strong><\/p>\t\t\t\t\t\t\t\t<\/div>\n\t\t\t\t<div class=\"elementor-element elementor-element-e844ba8 elementor-align-center elementor-widget elementor-widget-button\" data-id=\"e844ba8\" data-element_type=\"widget\" data-e-type=\"widget\" data-widget_type=\"button.default\">\n\t\t\t\t\t\t\t\t\t\t<a class=\"elementor-button elementor-button-link elementor-size-sm\" href=\"https:\/\/forms.gle\/Dn3ZhUeAFdB56neB7\" target=\"_blank\" rel=\"noopener\">\n\t\t\t\t\t\t<span class=\"elementor-button-content-wrapper\">\n\t\t\t\t\t\t\t\t\t<span class=\"elementor-button-text\">Participo <\/span>\n\t\t\t\t\t<\/span>\n\t\t\t\t\t<\/a>\n\t\t\t\t\t\t\t\t<\/div>\n\t\t\t\t<\/div>\n\t\t<div class=\"elementor-element elementor-element-13f88d5 e-con-full e-flex e-con e-child\" data-id=\"13f88d5\" data-element_type=\"container\" data-e-type=\"container\">\n\t\t\t\t<div class=\"elementor-element elementor-element-51590c0 elementor-widget elementor-widget-heading\" data-id=\"51590c0\" data-element_type=\"widget\" data-e-type=\"widget\" data-widget_type=\"heading.default\">\n\t\t\t\t\t<h2 class=\"elementor-heading-title elementor-size-default\">Proyectos en curso<\/h2>\t\t\t\t<\/div>\n\t\t<div class=\"elementor-element elementor-element-ea8f22b e-con-full e-flex e-con e-child\" data-id=\"ea8f22b\" data-element_type=\"container\" data-e-type=\"container\">\n\t\t<div class=\"elementor-element elementor-element-bda37c3 e-con-full e-flex e-con e-child\" data-id=\"bda37c3\" data-element_type=\"container\" data-e-type=\"container\">\n\t\t<div class=\"elementor-element elementor-element-86b15f1 e-con-full e-flex e-con e-child\" data-id=\"86b15f1\" data-element_type=\"container\" data-e-type=\"container\">\n\t\t\t\t<div class=\"elementor-element elementor-element-17e487c elementor-widget elementor-widget-image\" data-id=\"17e487c\" data-element_type=\"widget\" data-e-type=\"widget\" data-widget_type=\"image.default\">\n\t\t\t\t\t\t\t\t\t\t\t\t\t\t\t<img loading=\"lazy\" decoding=\"async\" width=\"800\" height=\"584\" src=\"https:\/\/sailiz.fr\/wp-content\/uploads\/2026\/02\/Kalian_Lo_Caboteur_44-Edit-1024x748.jpg\" class=\"attachment-large size-large wp-image-9484\" alt=\"\" srcset=\"https:\/\/sailiz.fr\/wp-content\/uploads\/2026\/02\/Kalian_Lo_Caboteur_44-Edit-1024x748.jpg 1024w, https:\/\/sailiz.fr\/wp-content\/uploads\/2026\/02\/Kalian_Lo_Caboteur_44-Edit-300x219.jpg 300w, https:\/\/sailiz.fr\/wp-content\/uploads\/2026\/02\/Kalian_Lo_Caboteur_44-Edit-768x561.jpg 768w, https:\/\/sailiz.fr\/wp-content\/uploads\/2026\/02\/Kalian_Lo_Caboteur_44-Edit-1536x1122.jpg 1536w, https:\/\/sailiz.fr\/wp-content\/uploads\/2026\/02\/Kalian_Lo_Caboteur_44-Edit-2048x1496.jpg 2048w, https:\/\/sailiz.fr\/wp-content\/uploads\/2026\/02\/Kalian_Lo_Caboteur_44-Edit-595xh.jpg 595w, https:\/\/sailiz.fr\/wp-content\/uploads\/2026\/02\/Kalian_Lo_Caboteur_44-Edit-600x438.jpg 600w\" sizes=\"auto, (max-width: 800px) 100vw, 800px\" \/>\t\t\t\t\t\t\t\t\t\t\t\t\t\t\t<\/div>\n\t\t\t\t<div class=\"elementor-element elementor-element-6e57e26 elementor-widget elementor-widget-heading\" data-id=\"6e57e26\" data-element_type=\"widget\" data-e-type=\"widget\" data-widget_type=\"heading.default\">\n\t\t\t\t\t<h3 class=\"elementor-heading-title elementor-size-default\">Ropa de trabajo profesional (EPI) <\/h3>\t\t\t\t<\/div>\n\t\t\t\t<div class=\"elementor-element elementor-element-9c00f17 elementor-widget elementor-widget-text-editor\" data-id=\"9c00f17\" data-element_type=\"widget\" data-e-type=\"widget\" data-widget_type=\"text-editor.default\">\n\t\t\t\t\t\t\t\t\t<p>Puedes <strong>participar<\/strong> desde ya respondiendo a nuestro cuestionario para crear <strong>nuestra nueva gama. <\/strong> <\/p>\t\t\t\t\t\t\t\t<\/div>\n\t\t\t\t<\/div>\n\t\t\t\t<div class=\"elementor-element elementor-element-b42df88 elementor-align-left elementor-widget elementor-widget-button\" data-id=\"b42df88\" data-element_type=\"widget\" data-e-type=\"widget\" data-widget_type=\"button.default\">\n\t\t\t\t\t\t\t\t\t\t<a class=\"elementor-button elementor-button-link elementor-size-sm\" href=\"https:\/\/forms.gle\/a9PSSCfQxzbxNqTX7\" target=\"_blank\" rel=\"noopener\">\n\t\t\t\t\t\t<span class=\"elementor-button-content-wrapper\">\n\t\t\t\t\t\t\t\t\t<span class=\"elementor-button-text\">Responder al cuestionario<\/span>\n\t\t\t\t\t<\/span>\n\t\t\t\t\t<\/a>\n\t\t\t\t\t\t\t\t<\/div>\n\t\t\t\t<\/div>\n\t\t<div class=\"elementor-element elementor-element-4cbfaef e-con-full e-flex e-con e-child\" data-id=\"4cbfaef\" data-element_type=\"container\" data-e-type=\"container\">\n\t\t<div class=\"elementor-element elementor-element-11a6dd7 e-con-full e-flex e-con e-child\" data-id=\"11a6dd7\" data-element_type=\"container\" data-e-type=\"container\">\n\t\t\t\t<div class=\"elementor-element elementor-element-150e2d5 elementor-widget elementor-widget-image\" data-id=\"150e2d5\" data-element_type=\"widget\" data-e-type=\"widget\" data-widget_type=\"image.default\">\n\t\t\t\t\t\t\t\t\t\t\t\t\t\t\t<img loading=\"lazy\" decoding=\"async\" width=\"800\" height=\"450\" src=\"https:\/\/sailiz.fr\/wp-content\/uploads\/2024\/09\/Design-sans-titre-scaled-1024x576.jpg\" class=\"attachment-large size-large wp-image-9481\" alt=\"\" srcset=\"https:\/\/sailiz.fr\/wp-content\/uploads\/2024\/09\/Design-sans-titre-scaled-1024x576.jpg 1024w, https:\/\/sailiz.fr\/wp-content\/uploads\/2024\/09\/Design-sans-titre-scaled-300x169.jpg 300w, https:\/\/sailiz.fr\/wp-content\/uploads\/2024\/09\/Design-sans-titre-scaled-768x432.jpg 768w, https:\/\/sailiz.fr\/wp-content\/uploads\/2024\/09\/Design-sans-titre-scaled-1536x864.jpg 1536w, https:\/\/sailiz.fr\/wp-content\/uploads\/2024\/09\/Design-sans-titre-scaled-2048x1152.jpg 2048w, https:\/\/sailiz.fr\/wp-content\/uploads\/2024\/09\/Design-sans-titre-scaled-595xh.jpg 595w, https:\/\/sailiz.fr\/wp-content\/uploads\/2024\/09\/Design-sans-titre-scaled-600x338.jpg 600w\" sizes=\"auto, (max-width: 800px) 100vw, 800px\" \/>\t\t\t\t\t\t\t\t\t\t\t\t\t\t\t<\/div>\n\t\t\t\t<div class=\"elementor-element elementor-element-91faa0b elementor-widget elementor-widget-heading\" data-id=\"91faa0b\" data-element_type=\"widget\" data-e-type=\"widget\" data-widget_type=\"heading.default\">\n\t\t\t\t\t<h3 class=\"elementor-heading-title elementor-size-default\">El conjunto de capas base t\u00e9rmicas<\/h3>\t\t\t\t<\/div>\n\t\t\t\t<div class=\"elementor-element elementor-element-aedebbc elementor-widget elementor-widget-text-editor\" data-id=\"aedebbc\" data-element_type=\"widget\" data-e-type=\"widget\" data-widget_type=\"text-editor.default\">\n\t\t\t\t\t\t\t\t\t<p>Ay\u00fadanos a desarrollar <b>tu futuro conjunto de capas base t\u00e9rmicas <\/b> <\/p>\t\t\t\t\t\t\t\t<\/div>\n\t\t\t\t<\/div>\n\t\t\t\t<div class=\"elementor-element elementor-element-0b90665 elementor-align-left elementor-widget elementor-widget-button\" data-id=\"0b90665\" data-element_type=\"widget\" data-e-type=\"widget\" data-widget_type=\"button.default\">\n\t\t\t\t\t\t\t\t\t\t<a class=\"elementor-button elementor-button-link elementor-size-sm\" href=\"https:\/\/docs.google.com\/forms\/d\/e\/1FAIpQLScKTlMFd3koGZ3cOGek5ueLx0hwkPVHE8k2mykw2qzTG6lM-A\/viewform?usp=sf_link\" target=\"_blank\" rel=\"noopener\">\n\t\t\t\t\t\t<span class=\"elementor-button-content-wrapper\">\n\t\t\t\t\t\t\t\t\t<span class=\"elementor-button-text\">Responder al cuestionario<\/span>\n\t\t\t\t\t<\/span>\n\t\t\t\t\t<\/a>\n\t\t\t\t\t\t\t\t<\/div>\n\t\t\t\t<\/div>\n\t\t\t\t<\/div>\n\t\t\t\t<\/div>\n\t\t\t\t\t<\/div>\n\t\t\t\t<\/div>\n\t\t\t\t<\/div>\n\t\t","protected":false},"excerpt":{"rendered":"<p>\u00bfY si imaginaras tu futuro equipamiento con nosotras? La cocreaci\u00f3n est\u00e1 en el coraz\u00f3n de nuestra misi\u00f3n. Darte la palabra y ofrecerte equipos t\u00e9cnicos a la altura de tus sue\u00f1os y de tus aventuras n\u00e1uticas es nuestra \u00fanica ambici\u00f3n. Necesitamos tus comentarios y tu experiencia para crear juntas el equipamiento t\u00e9cnico imprescindible para tu pr\u00e1ctica.\u2028 [&hellip;]<\/p>\n","protected":false},"author":1,"featured_media":0,"parent":0,"menu_order":0,"comment_status":"closed","ping_status":"closed","template":"","meta":{"_acf_changed":false,"footnotes":""},"class_list":["post-9476","page","type-page","status-publish","hentry"],"acf":[],"_links":{"self":[{"href":"https:\/\/sailiz.fr\/es\/wp-json\/wp\/v2\/pages\/9476","targetHints":{"allow":["GET"]}}],"collection":[{"href":"https:\/\/sailiz.fr\/es\/wp-json\/wp\/v2\/pages"}],"about":[{"href":"https:\/\/sailiz.fr\/es\/wp-json\/wp\/v2\/types\/page"}],"author":[{"embeddable":true,"href":"https:\/\/sailiz.fr\/es\/wp-json\/wp\/v2\/users\/1"}],"replies":[{"embeddable":true,"href":"https:\/\/sailiz.fr\/es\/wp-json\/wp\/v2\/comments?post=9476"}],"version-history":[{"count":0,"href":"https:\/\/sailiz.fr\/es\/wp-json\/wp\/v2\/pages\/9476\/revisions"}],"wp:attachment":[{"href":"https:\/\/sailiz.fr\/es\/wp-json\/wp\/v2\/media?parent=9476"}],"curies":[{"name":"wp","href":"https:\/\/api.w.org\/{rel}","templated":true}]}}