{"id":10632,"date":"2023-08-23T17:37:21","date_gmt":"2023-08-23T15:37:21","guid":{"rendered":"https:\/\/sailiz.fr\/politica-de-privacidad\/"},"modified":"2026-03-10T06:31:35","modified_gmt":"2026-03-10T05:31:35","slug":"politica-de-privacidad","status":"publish","type":"page","link":"https:\/\/sailiz.fr\/es\/politica-de-privacidad\/","title":{"rendered":"Pol\u00edtica de privacidad"},"content":{"rendered":"\t\t<div data-elementor-type=\"wp-page\" data-elementor-id=\"10632\" class=\"elementor elementor-10632 elementor-827\" data-elementor-post-type=\"page\">\n\t\t\t\t<section class=\"elementor-element elementor-element-1329de6 e-flex e-con-boxed e-con e-parent\" data-id=\"1329de6\" data-element_type=\"container\" data-e-type=\"container\">\n\t\t\t\t\t<div class=\"e-con-inner\">\n\t\t\t\t<div class=\"elementor-element elementor-element-4f29133 elementor-widget elementor-widget-heading\" data-id=\"4f29133\" data-element_type=\"widget\" data-e-type=\"widget\" data-widget_type=\"heading.default\">\n\t\t\t\t\t<h1 class=\"elementor-heading-title elementor-size-default\">Pol\u00edtica de privacidad<\/h1>\t\t\t\t<\/div>\n\t\t<div class=\"elementor-element elementor-element-ed8eacc e-con-full e-flex e-con e-child\" data-id=\"ed8eacc\" data-element_type=\"container\" data-e-type=\"container\">\n\t\t\t\t<div class=\"elementor-element elementor-element-a0ea982 elementor-widget elementor-widget-heading\" data-id=\"a0ea982\" data-element_type=\"widget\" data-e-type=\"widget\" data-widget_type=\"heading.default\">\n\t\t\t\t\t<h2 class=\"elementor-heading-title elementor-size-default\">1 - Pol\u00edtica de protecci\u00f3n de datos personales<\/h2>\t\t\t\t<\/div>\n\t\t\t\t<div class=\"elementor-element elementor-element-dae5771 elementor-widget elementor-widget-text-editor\" data-id=\"dae5771\" data-element_type=\"widget\" data-e-type=\"widget\" data-widget_type=\"text-editor.default\">\n\t\t\t\t\t\t\t\t\t<p>Te agradecemos que consultes nuestra Pol\u00edtica de privacidad (\u00abPol\u00edtica\u00bb). Esta Pol\u00edtica se aplica a los datos personales recopilados en el sitio web vinculado a Sailiz SAS (la \u00abSociedad\u00bb, \u00abNosotros\u00bb). Esta Pol\u00edtica tambi\u00e9n presenta las opciones de las que dispones en relaci\u00f3n con las modalidades de recogida y uso de dicha informaci\u00f3n.  <br><br>Por otra parte, el acceso al sitio implica expresamente la aceptaci\u00f3n de nuestras Condiciones de uso. La presente Pol\u00edtica de privacidad se incluye mediante esta referencia a las Condiciones de uso. <br><br>Te recomendamos consultar regularmente esta Pol\u00edtica de privacidad para mantenerte informado sobre las modalidades de tratamiento de tus datos personales por parte de nuestra Sociedad.<br><br>Te invitamos a leer atentamente la presente pol\u00edtica de privacidad ya que, al acceder al sitio y\/o al crear una cuenta con nosotros o al permitir que un tercero utilice los sitios en tu nombre, aceptas los t\u00e9rminos de esta pol\u00edtica de privacidad y nos autorizas a recopilar, utilizar, divulgar, transferir y almacenar tus datos personales u otra informaci\u00f3n que se nos comunique como resultado de dicho uso, de conformidad con la presente pol\u00edtica de privacidad. Si rechazas los t\u00e9rminos de esta pol\u00edtica de privacidad, te pedimos que no utilices los sitios. <\/p>\t\t\t\t\t\t\t\t<\/div>\n\t\t\t\t<\/div>\n\t\t<div class=\"elementor-element elementor-element-50f05a9 e-con-full e-flex e-con e-child\" data-id=\"50f05a9\" data-element_type=\"container\" data-e-type=\"container\">\n\t\t\t\t<div class=\"elementor-element elementor-element-4389601 elementor-widget elementor-widget-heading\" data-id=\"4389601\" data-element_type=\"widget\" data-e-type=\"widget\" data-widget_type=\"heading.default\">\n\t\t\t\t\t<h2 class=\"elementor-heading-title elementor-size-default\">2- \u00bfQu\u00e9 informaci\u00f3n se recopila?\n<\/h2>\t\t\t\t<\/div>\n\t\t\t\t<div class=\"elementor-element elementor-element-1628d8e elementor-widget elementor-widget-text-editor\" data-id=\"1628d8e\" data-element_type=\"widget\" data-e-type=\"widget\" data-widget_type=\"text-editor.default\">\n\t\t\t\t\t\t\t\t\t<p><span style=\"font-weight: 400;\">Cuando utilizas nuestro sitio, recopilamos tus datos personales. Los tipos de datos personales recopilados var\u00edan seg\u00fan las funcionalidades que utilices en los mismos. Los datos personales se refieren a la informaci\u00f3n que permite identificar directamente a una persona o que puede utilizarse para determinar su identidad. Pueden incluir:   <\/span><\/p><p><span style=\"font-weight: 400;\"> <\/span><\/p><ul><li style=\"font-weight: 400;\" aria-level=\"1\"><span style=\"font-weight: 400;\">Informaci\u00f3n de compra: cuando realizas una compra, es posible que recopilemos tu nombre, tu direcci\u00f3n de facturaci\u00f3n, tu direcci\u00f3n de env\u00edo, tu direcci\u00f3n de correo electr\u00f3nico, tu n\u00famero de tel\u00e9fono, el n\u00famero de tu tarjeta de cr\u00e9dito y su fecha de caducidad. Esta informaci\u00f3n nos permite proporcionarte los productos y servicios que has pedido o solicitado, procesar y enviar los pedidos, enviar confirmaciones de pedido y de env\u00edo (o cualquier otra informaci\u00f3n relacionada con una transacci\u00f3n) y\/o asegurar el servicio de atenci\u00f3n al cliente. <\/span><span style=\"font-weight: 400;\"><br><\/span><span style=\"font-weight: 400;\">  <\/span><\/li><li style=\"font-weight: 400;\" aria-level=\"1\"><span style=\"font-weight: 400;\">Informaci\u00f3n de cuenta: si creas una cuenta con nosotros, es posible que recopilemos tu nombre, tu direcci\u00f3n de correo electr\u00f3nico, tu direcci\u00f3n postal, tu c\u00f3digo postal, tu fecha de nacimiento y tu sexo. Esta informaci\u00f3n nos permitir\u00e1 realizar el seguimiento de tus pedidos, mantenerte informado sobre ofertas especiales y actualizaciones de los Sitios y facilitar el proceso de compra. <\/span><span style=\"font-weight: 400;\"><br><\/span><span style=\"font-weight: 400;\"> <\/span><\/li><li style=\"font-weight: 400;\" aria-level=\"1\"><span style=\"font-weight: 400;\">Informaci\u00f3n destinada a comunicaciones comerciales: si aceptas recibir mensajes promocionales por nuestra parte, es posible que recopilemos tu nombre, tu direcci\u00f3n de correo electr\u00f3nico, tu direcci\u00f3n postal, tu sexo y tu fecha de nacimiento. Esta informaci\u00f3n nos permitir\u00e1 informarte sobre rebajas, ofertas especiales y nuevas funcionalidades disponibles en nuestros Sitios. <\/span><span style=\"font-weight: 400;\"><br><\/span><span style=\"font-weight: 400;\"> <\/span><\/li><li style=\"font-weight: 400;\" aria-level=\"1\"><span style=\"font-weight: 400;\">Informaci\u00f3n relacionada con solicitudes de informaci\u00f3n: si nos env\u00edas una pregunta o si nos solicitas comunicarnos por correo electr\u00f3nico, es posible que recopilemos tu nombre y tu direcci\u00f3n de correo electr\u00f3nico. Esta informaci\u00f3n nos permitir\u00e1 responder a tu pregunta o volver a contactar contigo. <\/span><span style=\"font-weight: 400;\"><br><\/span><span style=\"font-weight: 400;\"> <\/span><\/li><li style=\"font-weight: 400;\" aria-level=\"1\"><span style=\"font-weight: 400;\">Informaci\u00f3n relacionada con eventos promocionales: si participas en un evento promocional (por ejemplo, un concurso o un sorteo) que patrocinemos, es posible que recopilemos tu nombre, tu direcci\u00f3n de correo electr\u00f3nico y otros datos de contacto. Esta informaci\u00f3n nos permitir\u00e1 cumplir con las modalidades del evento promocional e informarte sobre ofertas promocionales y ofertas especiales, rebajas y nuevas funcionalidades disponibles en nuestros Sitios. Tambi\u00e9n estar\u00e1n sujetas a las disposiciones aplicables al evento promocional.  <\/span><span style=\"font-weight: 400;\"><br><\/span><span style=\"font-weight: 400;\"> <\/span><\/li><li style=\"font-weight: 400;\" aria-level=\"1\"><span style=\"font-weight: 400;\">Informaci\u00f3n relacionada con encuestas: si aceptas participar en una de nuestras encuestas en l\u00ednea, es posible que recopilemos tu nombre, tu edad, tu c\u00f3digo postal, tus h\u00e1bitos de compra y tu direcci\u00f3n de correo electr\u00f3nico y\/o postal. Esta informaci\u00f3n nos permitir\u00e1 conocer mejor a nuestros clientes. <\/span><span style=\"font-weight: 400;\"><br><\/span> <span style=\"font-weight: 400;\"><br><\/span><span style=\"font-weight: 400;\"> <\/span><\/li><li style=\"font-weight: 400;\" aria-level=\"1\"><span style=\"font-weight: 400;\">Datos relativos a tu uso de nuestros servicios en l\u00ednea: nuestros servicios en l\u00ednea recopilan datos de navegaci\u00f3n que pueden permitir identificar tu terminal cuando accedes a nuestro Sitio o cuando lo consultas. En este marco, es posible que recopilemos la direcci\u00f3n IP del terminal conectado a Internet, el tipo de navegador y el sistema operativo utilizados, as\u00ed como otros datos procesados autom\u00e1ticamente, como tu proveedor de servicios de Internet, el sitio web desde el cual has accedido a nuestro Sitio, el n\u00famero de p\u00e1ginas consultadas en nuestro Sitio, el uso de nuestro Sitio, el tiempo pasado en cada p\u00e1gina, etc. Estos datos pueden utilizarse para asegurar el funcionamiento de nuestro Sitio, la implementaci\u00f3n de nuestros servicios y el seguimiento y an\u00e1lisis de las visitas a nuestro Sitio.  <\/span><span style=\"font-weight: 400;\"><br><\/span><span style=\"font-weight: 400;\"> <\/span><\/li><\/ul><p><span style=\"font-weight: 400;\">La secci\u00f3n anterior ofrece ejemplos de los datos personales que podemos recopilar en nuestros Sitios y del posible uso de dichos datos personales. Si no deseas que recopilemos tus datos personales, te pedimos que no nos los comuniques, que no utilices nuestros servicios y que no accedas a nuestros Sitios. <\/span><\/p>\t\t\t\t\t\t\t\t<\/div>\n\t\t\t\t<\/div>\n\t\t<div class=\"elementor-element elementor-element-e711108 e-con-full e-flex e-con e-child\" data-id=\"e711108\" data-element_type=\"container\" data-e-type=\"container\">\n\t\t\t\t<div class=\"elementor-element elementor-element-cdb6fb9 elementor-widget elementor-widget-heading\" data-id=\"cdb6fb9\" data-element_type=\"widget\" data-e-type=\"widget\" data-widget_type=\"heading.default\">\n\t\t\t\t\t<h2 class=\"elementor-heading-title elementor-size-default\">3 - \u00bfQui\u00e9n es el responsable del tratamiento de los datos?\n\n<\/h2>\t\t\t\t<\/div>\n\t\t\t\t<div class=\"elementor-element elementor-element-fc023bf elementor-widget elementor-widget-text-editor\" data-id=\"fc023bf\" data-element_type=\"widget\" data-e-type=\"widget\" data-widget_type=\"text-editor.default\">\n\t\t\t\t\t\t\t\t\t<p>El responsable del tratamiento de tus datos personales es: la sociedad Sailiz SAS, con un capital de 2000 euros, con sede en Francia, en 42 avenue de la Perri\u00e8re 56100 Lorient, inscrita en el Registro Mercantil y de Sociedades de Lorient, Francia, con el n\u00famero 952 461 689, cuyo n\u00famero de IVA intracomunitario es FR13952461689, y cuya direcci\u00f3n de correo electr\u00f3nico es: contact@sailiz.com (\u00abnosotros\u00bb, \u00abnuestros\u00bb, \u00abnuestra\u00bb).<\/p><p>Cuando comunicas datos personales a una Marca, esta se compromete a respetar la normativa local aplicable. Posteriormente, el tratamiento de tus datos personales con fines de gesti\u00f3n de nuestra relaci\u00f3n comercial o contractual en relaci\u00f3n con nuestros productos y servicios, o con fines de implementaci\u00f3n de nuestra pol\u00edtica comercial, se realiza bajo el control y de conformidad con la pol\u00edtica comercial de Sailiz SAS, responsable del tratamiento de los datos. <\/p>\t\t\t\t\t\t\t\t<\/div>\n\t\t\t\t<\/div>\n\t\t<div class=\"elementor-element elementor-element-621cae2 e-con-full e-flex e-con e-child\" data-id=\"621cae2\" data-element_type=\"container\" data-e-type=\"container\">\n\t\t\t\t<div class=\"elementor-element elementor-element-fb0bc91 elementor-widget elementor-widget-heading\" data-id=\"fb0bc91\" data-element_type=\"widget\" data-e-type=\"widget\" data-widget_type=\"heading.default\">\n\t\t\t\t\t<h2 class=\"elementor-heading-title elementor-size-default\">4 - Modalidades de recogida de datos personales<\/h2>\t\t\t\t<\/div>\n\t\t\t\t<div class=\"elementor-element elementor-element-2460f50 elementor-widget elementor-widget-text-editor\" data-id=\"2460f50\" data-element_type=\"widget\" data-e-type=\"widget\" data-widget_type=\"text-editor.default\">\n\t\t\t\t\t\t\t\t\t<p>Recogida pasiva<\/p><p>La recogida de datos puede realizarse de forma pasiva cuando consultas nuestros Sitios o interact\u00faas con ellos. Hablamos de recogida \u00abpasiva\u00bb porque no necesariamente sabes que los datos en cuesti\u00f3n se est\u00e1n recopilando durante esas visitas o interacciones. La informaci\u00f3n recopilada puede incluir los siguientes elementos: direcci\u00f3n IP de los visitantes de los sitios web, informaci\u00f3n relacionada con la direcci\u00f3n IP, direcci\u00f3n MAC (Media Access Control) del sistema, informaci\u00f3n sobre la configuraci\u00f3n de la red, informaci\u00f3n sobre el dispositivo de red, tipo de complemento y versi\u00f3n del navegador, y sistema operativo.  <\/p><p>Cookies y otros identificadores de sesi\u00f3n:<\/p><p>Como muchos sitios, utilizamos la tecnolog\u00eda denominada \u00abcookies\u00bb. Una cookie es un conjunto de datos depositado en tu navegador cuando accedes a los Sitios. La legislaci\u00f3n nos obliga a proporcionarte cierta informaci\u00f3n relativa a estas cookies.   <br>Cuando accedes a nuestros Servicios, es posible que se depositen diferentes tipos de cookies en tu Dispositivo. Pueden clasificarse en funci\u00f3n de su origen, sus caracter\u00edsticas t\u00e9cnicas y el fin perseguido. Estas categor\u00edas no son incompatibles entre s\u00ed, y una cookie puede pertenecer a varias de las siguientes categor\u00edas.  <\/p><p>Las cookies internas son depositadas en tu Dispositivo directamente por nosotros y solo son legibles por nuestros Servicios. Puede tratarse de cookies de sesi\u00f3n o de cookies persistentes. Utilizamos principalmente las cookies internas para acelerar el proceso de inicio de sesi\u00f3n, enriquecer la experiencia proporcionada por nuestros Servicios, realizar an\u00e1lisis internos y mediciones de audiencia, y adaptar nuestros Servicios o nuestras ofertas en funci\u00f3n de tus intereses.  <\/p><p>Las cookies de terceros son colocadas en tu Dispositivo por terceras partes que aseguran los servicios integrados en nuestros propios Servicios. Se utilizan principalmente para las mediciones de audiencia y para mejorar la relevancia del contenido de nuestros Servicios. <\/p><p>Las cookies de sesi\u00f3n son cookies depositadas en tu Dispositivo durante una sesi\u00f3n de navegaci\u00f3n y que dejan de aplicarse al cerrar el navegador. Nuestros socios y nosotros mismos utilizamos cookies de sesi\u00f3n por diferentes razones, y especialmente para gestionar y medir tu acceso a nuestros Servicios y el uso que haces de ellos durante una misma sesi\u00f3n de navegaci\u00f3n, y para ayudarte a utilizar estos Servicios de manera m\u00e1s eficiente. Por ejemplo, las cookies de sesi\u00f3n permiten recordar a nuestros Servicios que tu Dispositivo est\u00e1 conectado.  <\/p><p>Las cookies persistentes se depositan en tu Dispositivo durante una sesi\u00f3n de navegaci\u00f3n y se conservan all\u00ed durante un tiempo determinado. Las cookies persistentes permiten, en particular, que nuestros Servicios reconozcan tu Dispositivo cuando abres una nueva sesi\u00f3n de navegaci\u00f3n para acceder a estos Servicios, asegurando as\u00ed una conexi\u00f3n m\u00e1s r\u00e1pida. Nuestros socios y nosotros mismos tambi\u00e9n utilizamos las cookies persistentes con fines de an\u00e1lisis.  <\/p><p>Las cookies t\u00e9cnicas nos permiten identificar tu Dispositivo y saber que eres un usuario recurrente; tambi\u00e9n permiten guardar las preferencias que hayas definido en accesos anteriores a nuestros Servicios. Las cookies t\u00e9cnicas nos dan la posibilidad de ofrecerte contenido adaptado a tus intereses y te evitan tener que introducir la misma informaci\u00f3n cada vez que utilizas nuestros Servicios. <\/p><p>Nuestras recomendaciones personalizadas derivadas del uso de estas cookies t\u00e9cnicas forman parte integrante de nuestro deber de asesoramiento. Son esenciales para la venta de nuestros productos y para nuestros Servicios y nos permiten asesorarte de la mejor manera posible. <\/p><p>Las cookies publicitarias nos permiten personalizar el contenido y los anuncios visibles cuando accedes a los Servicios, o que se muestran en los servicios de terceras partes para promocionar nuestros Servicios.<\/p><p>Las cookies de redes sociales permiten verificar si est\u00e1s conectado a los servicios de redes sociales de estas terceras partes (Facebook, Twitter, Google+\u2026).<\/p><p>Las cookies de segmentaci\u00f3n nos permiten dirigirnos (para campa\u00f1as por correo electr\u00f3nico, para el enriquecimiento de nuestra base de datos) al Dispositivo del usuario, a posteriori o en tiempo real.<\/p><p>Las cookies de an\u00e1lisis nos permiten realizar el seguimiento del tr\u00e1fico en nuestros Servicios (ya sea para conocer el uso de los Servicios o para mejorar las funcionalidades ofrecidas por estos Servicios) y medir y verificar la eficacia de nuestro contenido interactivo en l\u00ednea, sus caracter\u00edsticas, la publicidad y otros elementos de comunicaci\u00f3n.<\/p><p>Recogida directa<\/p><p>Tambi\u00e9n podemos recopilar datos directamente de ti cuando nos proporcionas informaci\u00f3n a trav\u00e9s del Sitio. Por ejemplo, si te pones en contacto con nosotros para unirte a nuestro programa, beneficiarte de productos y servicios, hacer preguntas o enviarnos tus observaciones o comentarios (ya sean publicados o no) sobre el Sitio o nuestros productos y servicios, es posible que registremos la informaci\u00f3n comunicada, incluyendo posibles datos personales, con el fin de procesar eficazmente tu solicitud. Si no deseas que tus datos personales sean recopilados directamente, te pedimos que no nos los comuniques.  <\/p>\t\t\t\t\t\t\t\t<\/div>\n\t\t\t\t<\/div>\n\t\t<div class=\"elementor-element elementor-element-fc979fa e-con-full e-flex e-con e-child\" data-id=\"fc979fa\" data-element_type=\"container\" data-e-type=\"container\">\n\t\t\t\t<div class=\"elementor-element elementor-element-203f0e8 elementor-widget elementor-widget-heading\" data-id=\"203f0e8\" data-element_type=\"widget\" data-e-type=\"widget\" data-widget_type=\"heading.default\">\n\t\t\t\t\t<h2 class=\"elementor-heading-title elementor-size-default\">5 - Derechos de los usuarios <\/h2>\t\t\t\t<\/div>\n\t\t\t\t<div class=\"elementor-element elementor-element-b3b0dd4 elementor-widget elementor-widget-text-editor\" data-id=\"b3b0dd4\" data-element_type=\"widget\" data-e-type=\"widget\" data-widget_type=\"text-editor.default\">\n\t\t\t\t\t\t\t\t\t<p>Cualquier usuario afectado por el tratamiento de sus datos personales puede acogerse a los siguientes derechos, en aplicaci\u00f3n del reglamento europeo 2016\/679 y de la Ley de Inform\u00e1tica y Libertades (Ley 78-17 del 6 de enero de 1978): <br>Derecho de acceso, rectificaci\u00f3n y derecho de supresi\u00f3n de los datos (establecidos respectivamente en los art\u00edculos 15, 16 y 17 del RGPD); <br>Derecho a la portabilidad de los datos (art\u00edculo 20 del RGPD);<br>Derecho a la limitaci\u00f3n (art\u00edculo 18 del RGPD) y a la oposici\u00f3n al tratamiento de los datos (art\u00edculo 21 del RGPD); <br>Derecho a no ser objeto de una decisi\u00f3n basada exclusivamente en un proceso automatizado; <br>Derecho a determinar el destino de los datos tras el fallecimiento; <br>Derecho a recurrir ante la autoridad de control competente (art\u00edculo 77 del RGPD).<\/p><p>Para ejercer tus derechos, env\u00eda un correo electr\u00f3nico a Sailiz a contact@sailiz.com para que el responsable del tratamiento de los datos pueda atender tu solicitud; se puede requerir al usuario que comunique cierta informaci\u00f3n como: nombre y apellidos, direcci\u00f3n de correo electr\u00f3nico, as\u00ed como su n\u00famero de cuenta, espacio personal o de abonado. <br>Consulta el sitio cnil.fr para obtener m\u00e1s informaci\u00f3n sobre tus derechos.<\/p><p>El editor del sitio sailiz.com se reserva el derecho de poder modificar la presente Pol\u00edtica en cualquier momento para asegurar a los usuarios del sitio su conformidad con el derecho vigente. <br>Las posibles modificaciones no podr\u00e1n tener incidencia en las compras realizadas anteriormente en el sitio, las cuales permanecen sujetas a la Pol\u00edtica vigente en el momento de la compra y tal como fue aceptada por el usuario al validar la compra. <br>Se invita al usuario a consultar esta Pol\u00edtica cada vez que utilice nuestros servicios, sin que sea necesario avisarle formalmente de ello. <br>La presente pol\u00edtica, editada el 24 de agosto de 2023, fue actualizada el 24 de agosto de 2023.<\/p>\t\t\t\t\t\t\t\t<\/div>\n\t\t\t\t<\/div>\n\t\t\t\t\t<\/div>\n\t\t\t\t<\/section>\n\t\t\t\t<\/div>\n\t\t","protected":false},"excerpt":{"rendered":"<p>Pol\u00edtica de privacidad 1 &#8211; Pol\u00edtica de protecci\u00f3n de datos personales Te agradecemos que consultes nuestra Pol\u00edtica de privacidad (\u00abPol\u00edtica\u00bb). Esta Pol\u00edtica se aplica a los datos personales recopilados en el sitio web vinculado a Sailiz SAS (la \u00abSociedad\u00bb, \u00abNosotros\u00bb). Esta Pol\u00edtica tambi\u00e9n presenta las opciones de las que dispones en relaci\u00f3n con las modalidades [&hellip;]<\/p>\n","protected":false},"author":1,"featured_media":0,"parent":0,"menu_order":0,"comment_status":"closed","ping_status":"closed","template":"","meta":{"_acf_changed":false,"footnotes":""},"class_list":["post-10632","page","type-page","status-publish","hentry"],"acf":[],"_links":{"self":[{"href":"https:\/\/sailiz.fr\/es\/wp-json\/wp\/v2\/pages\/10632","targetHints":{"allow":["GET"]}}],"collection":[{"href":"https:\/\/sailiz.fr\/es\/wp-json\/wp\/v2\/pages"}],"about":[{"href":"https:\/\/sailiz.fr\/es\/wp-json\/wp\/v2\/types\/page"}],"author":[{"embeddable":true,"href":"https:\/\/sailiz.fr\/es\/wp-json\/wp\/v2\/users\/1"}],"replies":[{"embeddable":true,"href":"https:\/\/sailiz.fr\/es\/wp-json\/wp\/v2\/comments?post=10632"}],"version-history":[{"count":0,"href":"https:\/\/sailiz.fr\/es\/wp-json\/wp\/v2\/pages\/10632\/revisions"}],"wp:attachment":[{"href":"https:\/\/sailiz.fr\/es\/wp-json\/wp\/v2\/media?parent=10632"}],"curies":[{"name":"wp","href":"https:\/\/api.w.org\/{rel}","templated":true}]}}