{"id":10387,"date":"2024-02-06T16:33:46","date_gmt":"2024-02-06T15:33:46","guid":{"rendered":"https:\/\/sailiz.fr\/equipamiento-nautico-para-mujeres\/"},"modified":"2026-03-10T06:13:04","modified_gmt":"2026-03-10T05:13:04","slug":"equipamiento-nautico-para-mujeres","status":"publish","type":"page","link":"https:\/\/sailiz.fr\/es\/equipamiento-nautico-para-mujeres\/","title":{"rendered":"\u00a1Equipamiento n\u00e1utico para mujeres!"},"content":{"rendered":"\n<p>\u00a1Hablemos del <strong>equipamiento n\u00e1utico para mujeres<\/strong>! Como sabes, para salir a navegar no basta con equipar bien tu barco. <strong>El equipamiento del marinero<\/strong> tambi\u00e9n es un elemento crucial para que tu navegaci\u00f3n sea un \u00e9xito. Hay muchos <strong>equipamientos t\u00e9cnicos<\/strong> <strong>para mujeres<\/strong> que puedes decidir llevar contigo a bordo. Por supuesto, seas hombre o mujer, ser\u00e1 esencial llevar ropa de navegaci\u00f3n adaptada a tu talla y a tu morfolog\u00eda.  <\/p>\n\n<h2 class=\"wp-block-heading\">El equipamiento n\u00e1utico imprescindible para mujeres<\/h2>\n\n<h3 class=\"wp-block-heading\">El equipamiento n\u00e1utico para mujeres en la navegaci\u00f3n inshore<\/h3>\n\n<p>Evidentemente, cuando sales a navegar a vela, vas a elegir el equipamiento n\u00e1utico en funci\u00f3n de tu programa de navegaci\u00f3n. De hecho, si decides hacer una navegaci\u00f3n corta, de un d\u00eda y cerca de la costa, puedes llevar un n\u00famero bastante limitado de prendas. Aun as\u00ed, te recomendamos prever siempre <strong>ropa de recambio<\/strong> por si la primera est\u00e1 demasiado h\u00fameda.  <\/p>\n\n<p>Seg\u00fan la meteorolog\u00eda, podr\u00e1s llevar contigo <strong>primeras capas t\u00e9rmicas o anti-UV<\/strong> y luego completar esta colecci\u00f3n con capas adicionales. Si el tiempo es h\u00famedo, debes a\u00f1adir una <strong>chaqueta y un pantal\u00f3n impermeables<\/strong>, y si hace fr\u00edo, a\u00f1adir jers\u00e9is y ropa de abrigo. Si tienes suerte y hace sol, prev\u00e9 igualmente ropa que cubra para protegerte de los UV, adem\u00e1s de una gorra.   <\/p>\n\n<h3 class=\"wp-block-heading\">El equipamiento n\u00e1utico para mujeres en la navegaci\u00f3n offshore<\/h3>\n\n<p>Si en tu programa de navegaci\u00f3n decides alejarte de la costa y pasar varios d\u00edas en el mar, es imprescindible no olvidar nada para sentirte bien a bordo. En ese caso, la ropa de recambio se vuelve indispensable y debes llevar prendas que se adapten a todas las circunstancias. En la lista de equipamiento n\u00e1utico para mujeres, adem\u00e1s de las tradicionales capas base (mallas, camiseta, manga larga y corta), habr\u00e1 que a\u00f1adir jers\u00e9is, <a href=\"https:\/\/fr.wikipedia.org\/wiki\/D%C3%A9perlance\" target=\"_blank\" rel=\"noopener\">chaquetas repelentes al agua<\/a> y, por supuesto, petos y chaquetas de guardia.  <\/p>\n\n<p>El <a href=\"https:\/\/sailiz.fr\/la-salopette-sailiz\/\" data-type=\"page\" data-id=\"62\">peto de guardia<\/a> es uno de los <strong>equipamientos n\u00e1uticos para mujeres<\/strong> imprescindibles, ya que te permitir\u00e1 mantenerte seca y protegerte del viento en las condiciones m\u00e1s dif\u00edciles. Para completar este <strong>peto, la chaqueta de guardia o el anorak<\/strong> te permitir\u00e1 mantenerte seca y abrigada.  <\/p>\n\n<h3 class=\"wp-block-heading\">Las necesidades t\u00e9rmicas para la pr\u00e1ctica de la vela:<\/h3>\n\n<p>La elecci\u00f3n de <strong>la ropa de navegaci\u00f3n<\/strong> (y de todo el equipamiento n\u00e1utico para mujeres) depende, por tanto, principalmente del programa de navegaci\u00f3n, de las condiciones exteriores y de tu resistencia al fr\u00edo. Cuanto m\u00e1s navegues, mejor sabr\u00e1s elegir la ropa adecuada para la salida del d\u00eda. Sobre todo, hay que tener en cuenta que las condiciones de navegaci\u00f3n pueden cambiar muy r\u00e1pidamente en el mar y que no hay que subestimar un cambio repentino de tiempo que puede implicar llevar ropa adicional.   <\/p>\n\n<p>Adem\u00e1s de manejar bien tu barco, tu capacidad para gestionarte a ti misma y gestionar a tu tripulaci\u00f3n ser\u00e1 algo esencial. Debes pensar en abrigarte en el momento adecuado y en comer cuando toca antes de estar totalmente cansada o agotada. Cuando sales a navegar al exterior, es esencial ir bien abrigada, con materiales repelentes al agua, impermeables y cortaviento, para protegerte de las salpicaduras y de la humedad. En cambio, cuando vuelves al interior de tu barco, debes aprender a quitarte capas para que tu cuerpo no se acostumbre a una fuente de calor demasiado fuerte.    <\/p>\n\n<p>Piensa tambi\u00e9n en quitarte una capa cuando te vayas a dormir. Esta gesti\u00f3n del calor estar\u00e1 condicionada por las distintas prendas y capas que hayas decidido llevar. Esta maximizaci\u00f3n del calor depender\u00e1 del n\u00famero de capas que lleves, pero tambi\u00e9n de la calidad t\u00e9cnica y t\u00e9rmica de la ropa. Cuantas m\u00e1s capas superpongas, m\u00e1s calor conservar\u00e1s, pero reducir\u00e1s considerablemente tu libertad de movimiento y tambi\u00e9n puedes aumentar tu tendencia a sudar. Por eso se recomienda elegir las capas de forma estrat\u00e9gica y llevar prendas de calidad para estar lo m\u00e1s c\u00f3moda posible.    <\/p>\n\n<figure class=\"wp-block-image aligncenter size-large\"><img decoding=\"async\" src=\"https:\/\/sailiz.fr\/wp-content\/uploads\/2024\/01\/E50AA9DE-1D81-437F-A390-6A049C493D3B-683x1024.jpg\" alt=\"Mujer que lleva un peto de vela y equipamiento n&#xE1;utico para mujeres\" class=\"wp-image-1881\" style=\"aspect-ratio:4\/3;object-fit:cover\"\/><figcaption class=\"wp-element-caption\">Cr\u00e9dito de la foto: Wildyouth<\/figcaption><\/figure>\n\n<h2 class=\"wp-block-heading\">El equipamiento n\u00e1utico para mujeres<\/h2>\n\n<p>Si durante mucho tiempo la industria del deporte ha dise\u00f1ado equipamiento t\u00e9cnico para la morfolog\u00eda masculina, los tiempos han cambiado. Las mujeres son ahora practicantes de pleno derecho, y merecen de sobra sus propias prendas adaptadas a sus necesidades y morfolog\u00edas. \u00a1Ya era hora de que SAILIZ actuara y creara equipamiento n\u00e1utico para mujeres!   <\/p>\n\n<h3 class=\"wp-block-heading\">Las necesidades espec\u00edficas de las mujeres en su equipamiento n\u00e1utico<\/h3>\n\n<p>En Sailiz, hemos entendido bien que <strong>el equipamiento n\u00e1utico de las mujeres<\/strong> debe responder a nuevas exigencias. Aunque durante mucho tiempo se haya olvidado la singularidad de los <a href=\"https:\/\/www.lessportives.fr\/vestiaire\/lequipement-dans-les-sports-outdoor-est-il-adapte-aux-femmes\/\" target=\"_blank\" rel=\"noreferrer noopener\">equipamientos femeninos<\/a>, hoy es nuestro deber cambiar las cosas. Precisamente por eso hemos realizado un gran trabajo de investigaci\u00f3n para responder lo mejor posible a estas expectativas tan espec\u00edficas.   <\/p>\n\n<p>Para<strong> ofrecer equipamiento n\u00e1utico para mujeres<\/strong> perfectamente adaptado, hemos estudiado durante mucho tiempo las expectativas y las limitaciones de las mujeres navegantes. En primer lugar, el dise\u00f1o general de la prenda debe ser c\u00f3modo y no molestar a la navegante en sus movimientos. Tambi\u00e9n hay criterios morfol\u00f3gicos que respetar, teniendo en cuenta las caracter\u00edsticas de las mujeres cuando se patrona la ropa: caderas, pecho, cintura, muslo\u2026 todo se analiza.   <\/p>\n\n<p><strong>La funcionalidad de la prenda<\/strong> tambi\u00e9n debe tenerse en cuenta, con bolsillos, zonas m\u00e1s resistentes, partes m\u00e1s c\u00e1lidas y aberturas de acceso r\u00e1pido para ir al ba\u00f1o lo m\u00e1s f\u00e1cilmente posible. La fluidez y la flexibilidad del tejido tambi\u00e9n son puntos que no hay que descuidar. Aunque somos conscientes de que todas las mujeres tienen caracter\u00edsticas f\u00edsicas diferentes, procuramos ofrecer una gama que se adapte al mayor n\u00famero posible.   <\/p>\n\n<p>El aspecto est\u00e9tico de la prenda es una caracter\u00edstica que hemos querido no descuidar en SAILIZ. De hecho, sabemos que tanto mujeres como hombres son muy sensibles a las cuestiones de estilo. Por eso hemos propuesto dos modelos de peto femenino: uno con tonos neutros en colores negros, y otra versi\u00f3n m\u00e1s colorida con motivos inspirados en el oc\u00e9ano. Al ofrecer esta elecci\u00f3n, cada una puede elegir el peto que mejor se adapte a su personalidad. Estos <a href=\"https:\/\/sailiz.fr\/la-salopette-sailiz\/\" data-type=\"page\" data-id=\"62\">petos firmados por SAILIZ<\/a> son as\u00ed muy singulares y se reconocen de un vistazo gracias a los peque\u00f1os motivos y detalles t\u00e9cnicos incorporados.     <\/p>\n\n<h3 class=\"wp-block-heading\">\u00bfQu\u00e9 equipamiento n\u00e1utico t\u00e9cnico para mujeres existe hoy en d\u00eda?<\/h3>\n\n<p>Nuestra marca SAILIZ ofrece hoy una <strong>gama de ropa t\u00e9cnica<\/strong> que no dejar\u00e1 de crecer. Nuestro <strong>peto de vela<\/strong> ya est\u00e1 listo para ponerse, y nuestra <strong>chaqueta de guardia<\/strong> est\u00e1 en proceso de creaci\u00f3n. Tambi\u00e9n estamos empezando a completar nuestra gama con gorros, camisetas y sudaderas para las capas base. Por supuesto, la gama de ropa de vela para mujeres no se limita a la <a href=\"https:\/\/sailiz.fr\/boutique\/\" data-type=\"page\" data-id=\"14\">oferta de SAILIZ<\/a>. Otras marcas tambi\u00e9n empiezan a dise\u00f1ar petos o monos estancos para mujeres. SAILIZ, en cambio, es <strong>la primera marca de ropa n\u00e1utica para mujer<\/strong> en proponer prendas creadas para las navegantes por las navegantes.     <\/p>\n\n<p>Los distintos equipamientos n\u00e1uticos para mujeres:<\/p>\n\n<ul class=\"wp-block-list\">\n<li><strong>La chaqueta de guardia:<\/strong> La chaqueta de guardia es la capa definitiva que a\u00f1ades a tu conjunto en caso de mucho fr\u00edo o de mucha humedad para estar protegida de la lluvia en cualquier circunstancia. Debe ser a la vez lo bastante amplia para protegerte del viento y de las salpicaduras, pero tambi\u00e9n lo bastante flexible y ajustada para no entorpecer tus movimientos. <\/li>\n\n\n\n<li><strong>El peto de guardia:<\/strong> El peto de guardia puede llevarse directamente o a\u00f1adirse como capa extra por encima de mallas o leggings, para garantizar la impermeabilidad global del conjunto y protegerte de la humedad, especialmente cuando est\u00e1s sentada en la cubierta mojada del barco o cuando hay muchas salpicaduras fuera. Resistente e impermeable, te garantiza mantenerte seca y abrigada.  <\/li>\n\n\n\n<li><strong>Las capas base t\u00e9rmicas:<\/strong> Son principalmente los jers\u00e9is interiores y las mallas que puedes ponerte debajo de la ropa cuando sales a navegar. Son esenciales para generar calor en las prendas que llevas. De hecho, permiten crear calor con un contacto directo sobre la piel.  <\/li>\n\n\n\n<li><strong>Los pantalones de navegaci\u00f3n:<\/strong> Los pantalones de navegaci\u00f3n, a la vez cubrientes y fluidos, te permitir\u00e1n estar c\u00f3moda en muchas condiciones y proteger tus piernas del sol y de las salpicaduras. Con bolsillos y refuerzos, tambi\u00e9n ser\u00e1n muy pr\u00e1cticos para navegar. <\/li>\n\n\n\n<li><strong>Los shorts de vela:<\/strong> Cuando navegas con temperaturas estivales, el short de vela puede ser un verdadero aliado. Pero para que sea un buen short de navegaci\u00f3n debe ser funcional y lo bastante cubriente para evitar irritaciones. <\/li>\n\n\n\n<li><strong>Los guantes t\u00e9cnicos:<\/strong> Si tus manos se ven muy exigidas durante las navegaciones por las irritaciones, los roces, la humedad y el fr\u00edo, es imprescindible protegerlas lo m\u00e1ximo posible. Por eso recomendamos llevar guantes de cuero, que limitar\u00e1n el contacto de tus manos con el exterior. <\/li>\n\n\n\n<li><strong>Los gorros y pasamonta\u00f1as:<\/strong> Son elementos que pueden salvarte la vida en las navegaciones m\u00e1s fr\u00edas. De hecho, las extremidades son muy sensibles al fr\u00edo, especialmente las orejas. Tambi\u00e9n pierdes mucho calor por la cabeza, por lo que se recomienda de verdad llevar algo en la cabeza para evitar una p\u00e9rdida de calor demasiado importante.  <\/li>\n\n\n\n<li><strong>Las gorras:<\/strong> Las gorras pueden encontrarse en muchas formas, pero en navegaci\u00f3n son perfectas cuando cubren bien y pueden engancharse a la ropa o alrededor del cuello para evitar que el viento se las lleve. <\/li>\n\n\n\n<li><strong>La ropa anti-UV: <\/strong>Estas prendas t\u00e9cnicas est\u00e1n presentes en varias disciplinas y sirven principalmente para protegerse de los rayos del sol y as\u00ed evitar quemaduras. Son especialmente \u00fatiles en d\u00edas de verano o en navegaciones en zonas m\u00e1s tropicales. A menudo de color claro, reflejan los rayos del sol y evitan da\u00f1ar la piel. Aunque la mayor\u00eda de las veces se trata de prendas t\u00e9cnicas, puedes encontrarlas de manga larga o corta, con capucha o sin mangas. Cuanto m\u00e1s cubra la prenda, m\u00e1s eficaz ser\u00e1.     <\/li>\n<\/ul>\n\n<figure class=\"wp-block-image size-large\"><img decoding=\"async\" src=\"https:\/\/sailiz.fr\/wp-content\/uploads\/2024\/01\/Shooting-1-salopette-SAILIZ-27-1024x683.jpg\" alt=\"Peto de vela impermeable con gotas de agua encima. equipamiento n&#xE1;utico para mujeres \" class=\"wp-image-1883\" style=\"aspect-ratio:4\/3;object-fit:cover\"\/><\/figure>\n\n<h3 class=\"wp-block-heading\">\u00bfPor qu\u00e9 es esencial la cocreaci\u00f3n del equipamiento n\u00e1utico para mujeres? <\/h3>\n\n<p>Desde hace muchos a\u00f1os, la figura del patr\u00f3n se representaba principalmente por hombres, pero desde hace algunos a\u00f1os han aparecido <strong><a href=\"https:\/\/www.filovent.com\/magazine\/les-grandes-navigatrices\" target=\"_blank\" data-type=\"link\" data-id=\"https:\/\/www.filovent.com\/magazine\/les-grandes-navigatrices\" rel=\"noreferrer noopener\">navegantes<\/a><\/strong> con trayectorias impresionantes, y representan igualmente <strong>el mundo de la vela y de la regata oce\u00e1nica<\/strong>. La llegada de estas nuevas navegantes, aut\u00e9nticos modelos para todas las practicantes, ha generado un gran entusiasmo y el n\u00famero de inscritas en la Federaci\u00f3n Francesa de Vela no deja de aumentar. Son cada vez m\u00e1s las que se atreven a dar el paso e incluso a comprar su propio barco para convertirse en capitanas. Si durante mucho tiempo se dej\u00f3 la palabra a los hombres, la cocreaci\u00f3n es la ocasi\u00f3n perfecta para devolver la palabra a las navegantes para que creen su propio equipamiento n\u00e1utico.    <\/p>\n\n<p>Gracias a la <a href=\"https:\/\/sailiz.fr\/es\/cocreacion\/\" data-type=\"page\" data-id=\"27\">cocreaci\u00f3n<\/a> del equipamiento n\u00e1utico para mujeres, hemos podido reunir a navegantes en torno a un proyecto com\u00fan en el que han participado activamente. Tambi\u00e9n es una oportunidad para dar voz y entender algunos frenos a la pr\u00e1ctica de la vela. Gracias a ello, hemos podido identificar puntos esenciales en la manera de dise\u00f1ar la prenda e identificar aspectos problem\u00e1ticos en la pr\u00e1ctica con la ropa existente.   <\/p>\n\n<p>Con los cuestionarios que hicimos circular, y las pruebas y ensayos de prototipos, finalmente conseguimos <strong>crear un peto que responde a las principales expectativas de las mujeres<\/strong>. De hecho, prestamos prototipos a varias navegantes, que navegan en soportes diferentes, para recoger el m\u00e1ximo de opiniones. Algunas participaron en regatas de Mini, otras realizaron navegaciones de un d\u00eda y otras hicieron la Transat Jacques Vabre.   <\/p>\n\n<p>Tras este amplio programa de pruebas, hicimos correcciones en los primeros modelos de peto. Esto nos permiti\u00f3 sacar un nuevo modelo finalizado, totalmente cocreado a partir de los comentarios de las navegantes que quisieron probar el producto. Y estamos muy orgullosas de este peto, con sus tirantes ajustables, su material ultraflexible y su abertura para ir al ba\u00f1o f\u00e1cilmente.   <\/p>\n\n<p>La lucha no ha terminado para conseguir equipamiento n\u00e1utico para mujeres y dar a\u00fan m\u00e1s espacio a las mujeres en este deporte, pero estas iniciativas son esenciales para la pr\u00e1ctica general de las mujeres. Y son estos peque\u00f1os avances los que hacen que las cosas se muevan en el d\u00eda a d\u00eda y que permiten que cada una se sienta cada vez m\u00e1s c\u00f3moda en el agua.  <\/p>\n\n<p>Para seguir las novedades sobre el tema del equipamiento n\u00e1utico para mujeres, no dudes en consultar <a href=\"https:\/\/sailiz.fr\/es\/cuaderno-de-bitacora\/\" data-type=\"page\" data-id=\"29\">nuestro cuaderno de bit\u00e1cora<\/a>. <\/p>\n","protected":false},"excerpt":{"rendered":"<p>El equipamiento n\u00e1utico para mujeres se est\u00e1 volviendo cada vez m\u00e1s imprescindible, ya que el n\u00famero de navegantes no deja de crecer. <\/p>\n","protected":false},"author":3,"featured_media":10388,"parent":0,"menu_order":0,"comment_status":"closed","ping_status":"closed","template":"","meta":{"_acf_changed":false,"footnotes":""},"class_list":["post-10387","page","type-page","status-publish","has-post-thumbnail","hentry"],"acf":[],"_links":{"self":[{"href":"https:\/\/sailiz.fr\/es\/wp-json\/wp\/v2\/pages\/10387","targetHints":{"allow":["GET"]}}],"collection":[{"href":"https:\/\/sailiz.fr\/es\/wp-json\/wp\/v2\/pages"}],"about":[{"href":"https:\/\/sailiz.fr\/es\/wp-json\/wp\/v2\/types\/page"}],"author":[{"embeddable":true,"href":"https:\/\/sailiz.fr\/es\/wp-json\/wp\/v2\/users\/3"}],"replies":[{"embeddable":true,"href":"https:\/\/sailiz.fr\/es\/wp-json\/wp\/v2\/comments?post=10387"}],"version-history":[{"count":0,"href":"https:\/\/sailiz.fr\/es\/wp-json\/wp\/v2\/pages\/10387\/revisions"}],"wp:featuredmedia":[{"embeddable":true,"href":"https:\/\/sailiz.fr\/es\/wp-json\/wp\/v2\/media\/10388"}],"wp:attachment":[{"href":"https:\/\/sailiz.fr\/es\/wp-json\/wp\/v2\/media?parent=10387"}],"curies":[{"name":"wp","href":"https:\/\/api.w.org\/{rel}","templated":true}]}}