{"id":10208,"date":"2026-02-26T19:52:10","date_gmt":"2026-02-26T18:52:10","guid":{"rendered":"https:\/\/sailiz.fr\/bienvenido-a-sailiz\/"},"modified":"2026-03-17T16:03:00","modified_gmt":"2026-03-17T15:03:00","slug":"bienvenido-a-sailiz","status":"publish","type":"page","link":"https:\/\/sailiz.fr\/es\/bienvenido-a-sailiz\/","title":{"rendered":"Bienvenido a Sailiz"},"content":{"rendered":"\t\t<div data-elementor-type=\"wp-page\" data-elementor-id=\"10208\" class=\"elementor elementor-10208 elementor-9202\" data-elementor-post-type=\"page\">\n\t\t\t\t<section class=\"elementor-element elementor-element-4b7c195 e-flex e-con-boxed e-con e-parent\" data-id=\"4b7c195\" data-element_type=\"container\" data-e-type=\"container\">\n\t\t\t\t\t<div class=\"e-con-inner\">\n\t\t\t\t<div class=\"elementor-element elementor-element-1d46a72 elementor-widget elementor-widget-heading\" data-id=\"1d46a72\" data-element_type=\"widget\" data-e-type=\"widget\" data-widget_type=\"heading.default\">\n\t\t\t\t\t<h1 class=\"elementor-heading-title elementor-size-default\">Bienvenido a Sailiz<\/h1>\t\t\t\t<\/div>\n\t\t\t\t<div class=\"elementor-element elementor-element-dea9ccd elementor-widget elementor-widget-text-editor\" data-id=\"dea9ccd\" data-element_type=\"widget\" data-e-type=\"widget\" data-widget_type=\"text-editor.default\">\n\t\t\t\t\t\t\t\t\t<p>Son miles las que navegan con un peto demasiado ancho en los hombros, tirantes que se resbalan, un cierre que no pueden abrir solas en el mar. Se apa\u00f1an. Siempre se han apa\u00f1ado.  <\/p><p>Sin embargo, \u201capa\u00f1arse\u201d en la navegaci\u00f3n no es solo una cuesti\u00f3n de comodidad. Un equipo mal ajustado es un riesgo real: un movimiento fallido, una pieza que se sube en el momento equivocado, una protecci\u00f3n que no protege de verdad. Tambi\u00e9n provoca, a la larga, dolores, una fatiga innecesaria y la sensaci\u00f3n difusa de no estar del todo en su sitio.  <\/p><p>El sector n\u00e1utico se ha construido durante mucho tiempo para un solo tipo de cuerpo. Las mujeres han llegado, en gran n\u00famero, y el equipamiento no ha evolucionado al mismo ritmo. <\/p>\t\t\t\t\t\t\t\t<\/div>\n\t\t\t\t<div class=\"elementor-element elementor-element-d70c76b elementor-widget elementor-widget-video\" data-id=\"d70c76b\" data-element_type=\"widget\" data-e-type=\"widget\" data-settings=\"{&quot;video_type&quot;:&quot;hosted&quot;,&quot;show_image_overlay&quot;:&quot;yes&quot;,&quot;image_overlay&quot;:{&quot;url&quot;:&quot;https:\\\/\\\/sailiz.fr\\\/wp-content\\\/uploads\\\/2026\\\/03\\\/SAILIZ-1-232.jpg&quot;,&quot;id&quot;:11120,&quot;size&quot;:&quot;&quot;,&quot;alt&quot;:&quot;Sol\\u00e8ne Saclier fondatrice de Sailiz&quot;,&quot;source&quot;:&quot;library&quot;},&quot;controls&quot;:&quot;yes&quot;}\" data-widget_type=\"video.default\">\n\t\t\t\t\t\t\t<div class=\"e-hosted-video elementor-wrapper elementor-open-inline\">\n\t\t\t\t\t<video class=\"elementor-video\" src=\"&lt;iframe src=&quot;https:\/\/www.linkedin.com\/embed\/feed\/update\/urn:li:ugcPost:7354066263414833152?compact=1&quot; height=&quot;399&quot; width=&quot;504&quot; frameborder=&quot;0&quot; allowfullscreen=&quot;&quot; title=&quot;Publicaci\u00f3n integrada&quot;&gt;&lt;\/iframe&gt;\" controls=\"\" preload=\"auto\" controlsList=\"nodownload\" poster=\"https:\/\/sailiz.fr\/wp-content\/uploads\/2026\/03\/SAILIZ-1-232.jpg\"><\/video>\n\t\t\t\t\t\t<div class=\"elementor-custom-embed-image-overlay\" style=\"background-image: url(https:\/\/sailiz.fr\/wp-content\/uploads\/2026\/03\/SAILIZ-1-232.jpg);\">\n\t\t\t\t\t\t\t\t\t\t\t\t\t\t\t\t<div class=\"elementor-custom-embed-play\" role=\"button\" aria-label=\"Reproducir video acerca de Sol\u00e8ne Saclier fondatrice de Sailiz\" tabindex=\"0\">\n\t\t\t\t\t\t\t<svg aria-hidden=\"true\" class=\"e-font-icon-svg e-eicon-play\" viewBox=\"0 0 1000 1000\" xmlns=\"http:\/\/www.w3.org\/2000\/svg\"><path d=\"M838 162C746 71 633 25 500 25 371 25 258 71 163 162 71 254 25 367 25 500 25 633 71 746 163 837 254 929 367 979 500 979 633 979 746 933 838 837 929 746 975 633 975 500 975 367 929 254 838 162M808 192C892 279 933 379 933 500 933 621 892 725 808 808 725 892 621 938 500 938 379 938 279 896 196 808 113 725 67 621 67 500 67 379 108 279 196 192 279 108 383 62 500 62 621 62 721 108 808 192M438 392V642L642 517 438 392Z\"><\/path><\/svg>\t\t\t\t\t\t<\/div>\n\t\t\t\t\t\t\t\t\t<\/div>\n\t\t\t\t\t<\/div>\n\t\t\t\t\t\t<\/div>\n\t\t\t\t\t<\/div>\n\t\t\t\t<\/section>\n\t\t<section class=\"elementor-element elementor-element-d37530a e-flex e-con-boxed e-con e-parent\" data-id=\"d37530a\" data-element_type=\"container\" data-e-type=\"container\" data-settings=\"{&quot;background_background&quot;:&quot;classic&quot;}\">\n\t\t\t\t\t<div class=\"e-con-inner\">\n\t\t\t\t<div class=\"elementor-element elementor-element-f95c73d elementor-widget elementor-widget-heading\" data-id=\"f95c73d\" data-element_type=\"widget\" data-e-type=\"widget\" data-widget_type=\"heading.default\">\n\t\t\t\t\t<h2 class=\"elementor-heading-title elementor-size-default\">La fundadora<\/h2>\t\t\t\t<\/div>\n\t\t\t\t<div class=\"elementor-element elementor-element-621eb67 elementor-widget elementor-widget-image\" data-id=\"621eb67\" data-element_type=\"widget\" data-e-type=\"widget\" data-widget_type=\"image.default\">\n\t\t\t\t\t\t\t\t\t\t\t\t\t\t\t<img loading=\"lazy\" decoding=\"async\" width=\"2000\" height=\"1300\" src=\"https:\/\/sailiz.fr\/wp-content\/uploads\/2026\/02\/Frame-4-1.jpg\" class=\"attachment-full size-full wp-image-10210\" alt=\"\" srcset=\"https:\/\/sailiz.fr\/wp-content\/uploads\/2026\/02\/Frame-4-1.jpg 2000w, https:\/\/sailiz.fr\/wp-content\/uploads\/2026\/02\/Frame-4-1-300x195.jpg 300w, https:\/\/sailiz.fr\/wp-content\/uploads\/2026\/02\/Frame-4-1-1024x666.jpg 1024w, https:\/\/sailiz.fr\/wp-content\/uploads\/2026\/02\/Frame-4-1-768x499.jpg 768w, https:\/\/sailiz.fr\/wp-content\/uploads\/2026\/02\/Frame-4-1-1536x998.jpg 1536w, https:\/\/sailiz.fr\/wp-content\/uploads\/2026\/02\/Frame-4-1-595xh.jpg 595w, https:\/\/sailiz.fr\/wp-content\/uploads\/2026\/02\/Frame-4-1-600x390.jpg 600w\" sizes=\"auto, (max-width: 2000px) 100vw, 2000px\" \/>\t\t\t\t\t\t\t\t\t\t\t\t\t\t\t<\/div>\n\t\t\t\t<div class=\"elementor-element elementor-element-09c43ed elementor-widget elementor-widget-text-editor\" data-id=\"09c43ed\" data-element_type=\"widget\" data-e-type=\"widget\" data-widget_type=\"text-editor.default\">\n\t\t\t\t\t\t\t\t\t<p>Esta es la realidad que Sol\u00e8ne Saclier quiso cambiar. Navegante ella misma, busc\u00f3 durante mucho tiempo \u2014sin encontrar\u2014 un equipo realmente adaptado a su morfolog\u00eda. En 2023, lanza Sailiz en Lorient y comienza por plantear la pregunta donde deb\u00eda ser planteada: a las mujeres afectadas.  <\/p><p>En menos de quince d\u00edas, m\u00e1s de 200 navegantes responden a su cuestionario. Hablan de cortes pensados para otros, de tallas que no existen para ellas, de detalles t\u00e9cnicos que parecen insignificantes pero que hacen que cada salida sea un poco m\u00e1s complicada de lo que deber\u00eda ser. <\/p><p><strong>\u00abNo quer\u00eda adaptar ropa masculina. Quer\u00eda empezar de cero, con ellas, para ellas.\u00bb <\/strong><\/p><p>Sol\u00e8ne codise\u00f1a cada pieza con navegantes \u2014aficionadas, regatistas, profesionales\u2014. Ning\u00fan producto se valida sin pruebas en condiciones reales. <\/p>\t\t\t\t\t\t\t\t<\/div>\n\t\t\t\t\t<\/div>\n\t\t\t\t<\/section>\n\t\t<section class=\"elementor-element elementor-element-c3a03f5 e-flex e-con-boxed e-con e-parent\" data-id=\"c3a03f5\" data-element_type=\"container\" data-e-type=\"container\" data-settings=\"{&quot;background_background&quot;:&quot;classic&quot;}\">\n\t\t\t\t\t<div class=\"e-con-inner\">\n\t\t\t\t<div class=\"elementor-element elementor-element-40b319c elementor-widget elementor-widget-heading\" data-id=\"40b319c\" data-element_type=\"widget\" data-e-type=\"widget\" data-widget_type=\"heading.default\">\n\t\t\t\t\t<h2 class=\"elementor-heading-title elementor-size-default\">Equipamiento pensado para navegar, de verdad<\/h2>\t\t\t\t<\/div>\n\t\t\t\t<div class=\"elementor-element elementor-element-da094de elementor-widget elementor-widget-text-editor\" data-id=\"da094de\" data-element_type=\"widget\" data-e-type=\"widget\" data-widget_type=\"text-editor.default\">\n\t\t\t\t\t\t\t\t\t<p>Todo el equipamiento Sailiz se dise\u00f1a a partir de un principio simple: una navegante nunca deber\u00eda tener que pensar en su equipo en el mar. Debe estar ah\u00ed, ser eficaz, sin que se note. <\/p><p>Esto se consigue con cortes estudiados para la morfolog\u00eda femenina, cierres manejables con guantes, tirantes que se desenganchan con una sola mano, una impermeabilidad sin compromisos qu\u00edmicos. Y una fabricaci\u00f3n responsable: tejidos europeos sin PFC, ensamblaje por termoadhesi\u00f3n, productos reparables y reciclables. <\/p>\t\t\t\t\t\t\t\t<\/div>\n\t\t\t\t\t<\/div>\n\t\t\t\t<\/section>\n\t\t<section class=\"elementor-element elementor-element-d40b93c e-flex e-con-boxed e-con e-parent\" data-id=\"d40b93c\" data-element_type=\"container\" data-e-type=\"container\" data-settings=\"{&quot;background_background&quot;:&quot;classic&quot;}\">\n\t\t\t\t\t<div class=\"e-con-inner\">\n\t\t\t\t<div class=\"elementor-element elementor-element-e81d95d elementor-widget elementor-widget-heading\" data-id=\"e81d95d\" data-element_type=\"widget\" data-e-type=\"widget\" data-widget_type=\"heading.default\">\n\t\t\t\t\t<h2 class=\"elementor-heading-title elementor-size-default\">Nuestros compromisos<\/h2>\t\t\t\t<\/div>\n\t\t\t\t<div class=\"elementor-element elementor-element-51f2ee8 elementor-widget elementor-widget-text-editor\" data-id=\"51f2ee8\" data-element_type=\"widget\" data-e-type=\"widget\" data-widget_type=\"text-editor.default\">\n\t\t\t\t\t\t\t\t\t<ul><li><strong>Sin PFC<\/strong> \u2014 Impermeabilidad sin sustancias qu\u00edmicas fluoradas, para tu salud y la del oc\u00e9ano.<\/li><li><strong>Sourcing europeo<\/strong> \u2014 Tejidos t\u00e9cnicos de origen europeo, fabricaci\u00f3n con importaci\u00f3n cercana.<\/li><li><strong>Reparable<\/strong> \u2014 Una soluci\u00f3n de reparaci\u00f3n ofrecida durante toda la vida \u00fatil del producto.<\/li><li><strong>100 % reciclable<\/strong> \u2014 Un fin de vida pensado desde el dise\u00f1o.<\/li><li><strong>Codise\u00f1ado<\/strong> \u2014 Cada pieza desarrollada con navegantes. Ni una decisi\u00f3n tomada sin ellas. <\/li><\/ul>\t\t\t\t\t\t\t\t<\/div>\n\t\t\t\t<div class=\"elementor-element elementor-element-31e774d elementor-widget elementor-widget-text-editor\" data-id=\"31e774d\" data-element_type=\"widget\" data-e-type=\"widget\" data-widget_type=\"text-editor.default\">\n\t\t\t\t\t\t\t\t\t\u00abEl mar pertenece a todas las que lo eligen. El equipamiento nunca deber\u00eda ser un obst\u00e1culo.\u00bb\t\t\t\t\t\t\t\t<\/div>\n\t\t\t\t\t<\/div>\n\t\t\t\t<\/section>\n\t\t<div class=\"elementor-element elementor-element-2244d84 e-flex e-con-boxed e-con e-parent\" data-id=\"2244d84\" data-element_type=\"container\" data-e-type=\"container\">\n\t\t\t\t\t<div class=\"e-con-inner\">\n\t\t\t\t\t<\/div>\n\t\t\t\t<\/div>\n\t\t\t\t<\/div>\n\t\t","protected":false},"excerpt":{"rendered":"<p>Bienvenido a Sailiz Son miles las que navegan con un peto demasiado ancho en los hombros, tirantes que se resbalan, un cierre que no pueden abrir solas en el mar. Se apa\u00f1an. Siempre se han apa\u00f1ado. Sin embargo, \u201capa\u00f1arse\u201d en la navegaci\u00f3n no es solo una cuesti\u00f3n de comodidad. Un equipo mal ajustado es un [&hellip;]<\/p>\n","protected":false},"author":55,"featured_media":0,"parent":0,"menu_order":0,"comment_status":"closed","ping_status":"closed","template":"elementor_header_footer","meta":{"_acf_changed":false,"footnotes":""},"class_list":["post-10208","page","type-page","status-publish","hentry"],"acf":[],"_links":{"self":[{"href":"https:\/\/sailiz.fr\/es\/wp-json\/wp\/v2\/pages\/10208","targetHints":{"allow":["GET"]}}],"collection":[{"href":"https:\/\/sailiz.fr\/es\/wp-json\/wp\/v2\/pages"}],"about":[{"href":"https:\/\/sailiz.fr\/es\/wp-json\/wp\/v2\/types\/page"}],"author":[{"embeddable":true,"href":"https:\/\/sailiz.fr\/es\/wp-json\/wp\/v2\/users\/55"}],"replies":[{"embeddable":true,"href":"https:\/\/sailiz.fr\/es\/wp-json\/wp\/v2\/comments?post=10208"}],"version-history":[{"count":0,"href":"https:\/\/sailiz.fr\/es\/wp-json\/wp\/v2\/pages\/10208\/revisions"}],"wp:attachment":[{"href":"https:\/\/sailiz.fr\/es\/wp-json\/wp\/v2\/media?parent=10208"}],"curies":[{"name":"wp","href":"https:\/\/api.w.org\/{rel}","templated":true}]}}