{"id":10173,"date":"2024-12-03T07:00:18","date_gmt":"2024-12-03T06:00:18","guid":{"rendered":"https:\/\/sailiz.fr\/profesionales-del-sector-nautico\/"},"modified":"2026-03-10T06:06:55","modified_gmt":"2026-03-10T05:06:55","slug":"profesionales-del-sector-nautico","status":"publish","type":"page","link":"https:\/\/sailiz.fr\/es\/profesionales-del-sector-nautico\/","title":{"rendered":"Profesionales del sector n\u00e1utico"},"content":{"rendered":"\t\t<div data-elementor-type=\"wp-page\" data-elementor-id=\"10173\" class=\"elementor elementor-10173 elementor-3081\" data-elementor-post-type=\"page\">\n\t\t\t\t<div class=\"elementor-element elementor-element-1aa7dee e-flex e-con-boxed e-con e-parent\" data-id=\"1aa7dee\" data-element_type=\"container\" data-e-type=\"container\">\n\t\t\t\t\t<div class=\"e-con-inner\">\n\t\t\t\t<div class=\"elementor-element elementor-element-374e724 elementor-widget elementor-widget-heading\" data-id=\"374e724\" data-element_type=\"widget\" data-e-type=\"widget\" data-widget_type=\"heading.default\">\n\t\t\t\t\t<h1 class=\"elementor-heading-title elementor-size-default\">Profesionales del sector n\u00e1utico<\/h1>\t\t\t\t<\/div>\n\t\t\t\t\t<\/div>\n\t\t\t\t<\/div>\n\t\t<div class=\"elementor-element elementor-element-7a136f3 e-flex e-con-boxed e-con e-parent\" data-id=\"7a136f3\" data-element_type=\"container\" data-e-type=\"container\">\n\t\t\t\t\t<div class=\"e-con-inner\">\n\t\t\t\t<div class=\"elementor-element elementor-element-57d436e e-n-tabs-mobile elementor-widget elementor-widget-n-tabs\" data-id=\"57d436e\" data-element_type=\"widget\" data-e-type=\"widget\" data-settings=\"{&quot;horizontal_scroll&quot;:&quot;disable&quot;}\" data-widget_type=\"nested-tabs.default\">\n\t\t\t\t\t\t\t<div class=\"e-n-tabs\" data-widget-number=\"92095342\" aria-label=\"Pesta\u00f1as. Abre elementos con Intro o Espacio, ci\u00e9rralos con Escape y navega con las fechas.\">\n\t\t\t<div class=\"e-n-tabs-heading\" role=\"tablist\">\n\t\t\t\t\t<button id=\"e-n-tab-title-920953421\" data-tab-title-id=\"e-n-tab-title-920953421\" class=\"e-n-tab-title\" aria-selected=\"true\" data-tab-index=\"1\" role=\"tab\" tabindex=\"0\" aria-controls=\"e-n-tab-content-920953421\" style=\"--n-tabs-title-order: 1;\">\n\t\t\t\t\t\t<span class=\"e-n-tab-title-text\">\n\t\t\t\tProfesionales\t\t\t<\/span>\n\t\t<\/button>\n\t\t\t\t<button id=\"e-n-tab-title-920953422\" data-tab-title-id=\"e-n-tab-title-920953422\" class=\"e-n-tab-title\" aria-selected=\"false\" data-tab-index=\"2\" role=\"tab\" tabindex=\"-1\" aria-controls=\"e-n-tab-content-920953422\" style=\"--n-tabs-title-order: 2;\">\n\t\t\t\t\t\t<span class=\"e-n-tab-title-text\">\n\t\t\t\tDistribuidores\t\t\t<\/span>\n\t\t<\/button>\n\t\t\t\t\t<\/div>\n\t\t\t<div class=\"e-n-tabs-content\">\n\t\t\t\t<div id=\"e-n-tab-content-920953421\" role=\"tabpanel\" aria-labelledby=\"e-n-tab-title-920953421\" data-tab-index=\"1\" style=\"--n-tabs-title-order: 1;\" class=\"e-active elementor-element elementor-element-ee82682 e-con-full e-flex e-con e-child\" data-id=\"ee82682\" data-element_type=\"container\" data-e-type=\"container\">\n\t\t\t\t<div class=\"elementor-element elementor-element-a16d00a elementor-widget elementor-widget-heading\" data-id=\"a16d00a\" data-element_type=\"widget\" data-e-type=\"widget\" data-widget_type=\"heading.default\">\n\t\t\t\t\t<h2 class=\"elementor-heading-title elementor-size-default\">Profesionales<\/h2>\t\t\t\t<\/div>\n\t\t\t\t<div class=\"elementor-element elementor-element-b8f9bc2 elementor-widget elementor-widget-text-editor\" data-id=\"b8f9bc2\" data-element_type=\"widget\" data-e-type=\"widget\" data-widget_type=\"text-editor.default\">\n\t\t\t\t\t\t\t\t\t<p>Nos alegra poder ofrecerte tarifas profesionales exclusivas para nuestros productos t\u00e9cnicos.<\/p><p><strong>Nuestras ventajas para profesionales incluyen<\/strong>:<\/p><ul><li><b>Tarifas reducidas<\/b>: Disfruta de descuentos especiales en nuestra ropa y accesorios.<\/li><li><b>Acompa\u00f1amiento<\/b>: Disfruta de un acompa\u00f1amiento personalizado seg\u00fan tus necesidades y de formaciones de producto para optimizar tu experiencia con Sailiz. \u00a1Personalizamos tu equipamiento bajo pedido! <\/li><li><b>Flexibilidad<\/b>: Nos adaptamos a tus necesidades. Avanzar juntas para equiparte mejor es esencial. <\/li><\/ul><p> <\/p><p>Para descubrir nuestras ofertas para profesionales y hablar sobre las condiciones adaptadas a tus necesidades, no dudes en ponerte en contacto con nosotras. Estaremos encantadas de darte m\u00e1s detalles y explorar posibilidades de colaboraci\u00f3n. Solo tienes que contactarnos a trav\u00e9s de nuestro formulario online o por email en <a href=\"mailto:solene@sailiz.com\">solene@sailiz.com<\/a>  <\/p><p>\u00a1Juntas, naveguemos hacia un futuro m\u00e1s inclusivo y sostenible! <img decoding=\"async\" class=\"emoji\" role=\"img\" draggable=\"false\" src=\"https:\/\/s.w.org\/images\/core\/emoji\/15.0.3\/svg\/1f30a.svg\" alt=\"\ud83c\udf0a\"><img decoding=\"async\" class=\"emoji\" role=\"img\" draggable=\"false\" src=\"https:\/\/s.w.org\/images\/core\/emoji\/15.0.3\/svg\/26f5.svg\" alt=\"\u26f5\ufe0f\"><img decoding=\"async\" class=\"emoji\" role=\"img\" draggable=\"false\" src=\"https:\/\/s.w.org\/images\/core\/emoji\/15.0.3\/svg\/1f49a.svg\" alt=\"\ud83d\udc9a\">.<\/p>\t\t\t\t\t\t\t\t<\/div>\n\t\t\t\t<div class=\"elementor-element elementor-element-82217ac elementor-widget elementor-widget-image\" data-id=\"82217ac\" data-element_type=\"widget\" data-e-type=\"widget\" data-widget_type=\"image.default\">\n\t\t\t\t\t\t\t\t\t\t\t\t\t\t\t<img loading=\"lazy\" decoding=\"async\" width=\"800\" height=\"584\" src=\"https:\/\/sailiz.fr\/wp-content\/uploads\/2024\/11\/Kalian_Lo_Caboteur_44-Edit-scaled-1024x748.jpg\" class=\"attachment-large size-large wp-image-10175\" alt=\"\" srcset=\"https:\/\/sailiz.fr\/wp-content\/uploads\/2024\/11\/Kalian_Lo_Caboteur_44-Edit-scaled-1024x748.jpg 1024w, https:\/\/sailiz.fr\/wp-content\/uploads\/2024\/11\/Kalian_Lo_Caboteur_44-Edit-scaled-300x219.jpg 300w, https:\/\/sailiz.fr\/wp-content\/uploads\/2024\/11\/Kalian_Lo_Caboteur_44-Edit-scaled-768x561.jpg 768w, https:\/\/sailiz.fr\/wp-content\/uploads\/2024\/11\/Kalian_Lo_Caboteur_44-Edit-scaled-1536x1122.jpg 1536w, https:\/\/sailiz.fr\/wp-content\/uploads\/2024\/11\/Kalian_Lo_Caboteur_44-Edit-scaled-2048x1496.jpg 2048w, https:\/\/sailiz.fr\/wp-content\/uploads\/2024\/11\/Kalian_Lo_Caboteur_44-Edit-scaled-595xh.jpg 595w, https:\/\/sailiz.fr\/wp-content\/uploads\/2024\/11\/Kalian_Lo_Caboteur_44-Edit-scaled-600x438.jpg 600w\" sizes=\"auto, (max-width: 800px) 100vw, 800px\" \/>\t\t\t\t\t\t\t\t\t\t\t\t\t\t\t<\/div>\n\t\t\t\t<\/div>\n\t\t<div id=\"e-n-tab-content-920953422\" role=\"tabpanel\" aria-labelledby=\"e-n-tab-title-920953422\" data-tab-index=\"2\" style=\"--n-tabs-title-order: 2;\" class=\" elementor-element elementor-element-ad9e830 e-con-full e-flex e-con e-child\" data-id=\"ad9e830\" data-element_type=\"container\" data-e-type=\"container\">\n\t\t\t\t<div class=\"elementor-element elementor-element-1439d46 elementor-widget elementor-widget-heading\" data-id=\"1439d46\" data-element_type=\"widget\" data-e-type=\"widget\" data-widget_type=\"heading.default\">\n\t\t\t\t\t<h2 class=\"elementor-heading-title elementor-size-default\">Convi\u00e9rtete en distribuidor de Sailiz<\/h2>\t\t\t\t<\/div>\n\t\t\t\t<div class=\"elementor-element elementor-element-bcdc22e elementor-widget elementor-widget-text-editor\" data-id=\"bcdc22e\" data-element_type=\"widget\" data-e-type=\"widget\" data-widget_type=\"text-editor.default\">\n\t\t\t\t\t\t\t\t\t<p><span style=\"font-weight: 400;\">En Sailiz, buscamos distribuidores apasionados para ampliar nuestra red. <\/span><\/p><p><span style=\"font-weight: 400;\">Nuestra ropa t\u00e9cnica para navegantes, que combina innovaci\u00f3n, durabilidad y comodidad, se prueba rigurosamente en regata oce\u00e1nica. Al convertirte en distribuidor, te beneficias de condiciones flexibles, apoyo personalizado y mayor visibilidad gracias a nuestra notoriedad. Pero, sobre todo, te comprometes a favor de la diversidad en el sector n\u00e1utico.   <\/span><\/p><p><span style=\"text-decoration: underline;\">Nuestra gama para 2026:<\/span><\/p><ul><li><strong>Gama Offshore<\/strong>: Impermeable, transpirable y ecorresponsable para las regatas oce\u00e1nicas y la navegaci\u00f3n de altura. Chaqueta y peto offshore. <\/li><li><strong>Gama Inshore<\/strong>: Comodidad, protecci\u00f3n y libertad de movimiento para la navegaci\u00f3n costera. Peto inshore y short t\u00e9cnico. <\/li><li><strong>Capas base t\u00e9rmicas<\/strong>: Made in France, merino.<\/li><li><strong>Accesorios ecorresponsables<\/strong>: Gorros, sudaderas y otros, respetuosos con el medio ambiente.<\/li><\/ul><p> <\/p><p>\u00danete a nosotras para promover productos de calidad, innovadores y duraderos. Cont\u00e1ctanos a trav\u00e9s de nuestro formulario online o por email en <a href=\"mailto:solene@sailiz.com\">solene@sailiz.com<\/a> <\/p>\t\t\t\t\t\t\t\t<\/div>\n\t\t\t\t<div class=\"elementor-element elementor-element-0800adb elementor-widget elementor-widget-image\" data-id=\"0800adb\" data-element_type=\"widget\" data-e-type=\"widget\" data-widget_type=\"image.default\">\n\t\t\t\t\t\t\t\t\t\t\t\t\t\t\t<img loading=\"lazy\" decoding=\"async\" width=\"768\" height=\"1152\" src=\"https:\/\/sailiz.fr\/wp-content\/uploads\/2024\/12\/F31A6416-scaled-768x1152.jpg\" class=\"attachment-medium_large size-medium_large wp-image-10174\" alt=\"\" srcset=\"https:\/\/sailiz.fr\/wp-content\/uploads\/2024\/12\/F31A6416-scaled-768x1152.jpg 768w, https:\/\/sailiz.fr\/wp-content\/uploads\/2024\/12\/F31A6416-scaled-200x300.jpg 200w, https:\/\/sailiz.fr\/wp-content\/uploads\/2024\/12\/F31A6416-scaled-683x1024.jpg 683w, https:\/\/sailiz.fr\/wp-content\/uploads\/2024\/12\/F31A6416-scaled-1024x1536.jpg 1024w, https:\/\/sailiz.fr\/wp-content\/uploads\/2024\/12\/F31A6416-scaled-1366x2048.jpg 1366w, https:\/\/sailiz.fr\/wp-content\/uploads\/2024\/12\/F31A6416-scaled-595xh.jpg 595w, https:\/\/sailiz.fr\/wp-content\/uploads\/2024\/12\/F31A6416-scaled-600x900.jpg 600w, https:\/\/sailiz.fr\/wp-content\/uploads\/2024\/12\/F31A6416-scaled.jpg 1707w\" sizes=\"auto, (max-width: 768px) 100vw, 768px\" \/>\t\t\t\t\t\t\t\t\t\t\t\t\t\t\t<\/div>\n\t\t\t\t<div class=\"elementor-element elementor-element-e477ea7 elementor-widget elementor-widget-heading\" data-id=\"e477ea7\" data-element_type=\"widget\" data-e-type=\"widget\" data-widget_type=\"heading.default\">\n\t\t\t\t\t<h3 class=\"elementor-heading-title elementor-size-default\">\u00bfC\u00f3mo convertirse en distribuidor de Sailiz?<\/h3>\t\t\t\t<\/div>\n\t\t\t\t<div class=\"elementor-element elementor-element-4f494f8 elementor-widget elementor-widget-text-editor\" data-id=\"4f494f8\" data-element_type=\"widget\" data-e-type=\"widget\" data-widget_type=\"text-editor.default\">\n\t\t\t\t\t\t\t\t\t<p>Si quieres convertirte en distribuidor de nuestros productos, cont\u00e1ctanos a trav\u00e9s de nuestro formulario online o por email a <a href=\"mailto:solene@sailiz.com\">solene@sailiz.com<\/a>. Estaremos encantadas de hablar contigo sobre las posibilidades de distribuci\u00f3n y responder a todas tus preguntas. <\/p>\t\t\t\t\t\t\t\t<\/div>\n\t\t\t\t<div class=\"elementor-element elementor-element-dcff11c elementor-align-center elementor-widget elementor-widget-button\" data-id=\"dcff11c\" data-element_type=\"widget\" data-e-type=\"widget\" data-widget_type=\"button.default\">\n\t\t\t\t\t\t\t\t\t\t<a class=\"elementor-button elementor-button-link elementor-size-sm\" href=\"https:\/\/sailiz.fr\/es\/nuestros-distribuidores\/\">\n\t\t\t\t\t\t<span class=\"elementor-button-content-wrapper\">\n\t\t\t\t\t\t\t\t\t<span class=\"elementor-button-text\">Ver nuestros distribuidores<\/span>\n\t\t\t\t\t<\/span>\n\t\t\t\t\t<\/a>\n\t\t\t\t\t\t\t\t<\/div>\n\t\t\t\t<\/div>\n\t\t\t\t\t<\/div>\n\t\t<\/div>\n\t\t\t\t\t\t<\/div>\n\t\t\t\t\t<\/div>\n\t\t\t\t<\/div>\n\t\t\t\t<\/div>\n\t\t","protected":false},"excerpt":{"rendered":"<p>Profesionales del sector n\u00e1utico Profesionales Distribuidores Profesionales Nos alegra poder ofrecerte tarifas profesionales exclusivas para nuestros productos t\u00e9cnicos. Nuestras ventajas para profesionales incluyen: Tarifas reducidas: Disfruta de descuentos especiales en nuestra ropa y accesorios. Acompa\u00f1amiento: Disfruta de un acompa\u00f1amiento personalizado seg\u00fan tus necesidades y de formaciones de producto para optimizar tu experiencia con Sailiz. \u00a1Personalizamos [&hellip;]<\/p>\n","protected":false},"author":24,"featured_media":0,"parent":0,"menu_order":0,"comment_status":"closed","ping_status":"closed","template":"","meta":{"_acf_changed":false,"footnotes":""},"class_list":["post-10173","page","type-page","status-publish","hentry"],"acf":[],"_links":{"self":[{"href":"https:\/\/sailiz.fr\/es\/wp-json\/wp\/v2\/pages\/10173","targetHints":{"allow":["GET"]}}],"collection":[{"href":"https:\/\/sailiz.fr\/es\/wp-json\/wp\/v2\/pages"}],"about":[{"href":"https:\/\/sailiz.fr\/es\/wp-json\/wp\/v2\/types\/page"}],"author":[{"embeddable":true,"href":"https:\/\/sailiz.fr\/es\/wp-json\/wp\/v2\/users\/24"}],"replies":[{"embeddable":true,"href":"https:\/\/sailiz.fr\/es\/wp-json\/wp\/v2\/comments?post=10173"}],"version-history":[{"count":0,"href":"https:\/\/sailiz.fr\/es\/wp-json\/wp\/v2\/pages\/10173\/revisions"}],"wp:attachment":[{"href":"https:\/\/sailiz.fr\/es\/wp-json\/wp\/v2\/media?parent=10173"}],"curies":[{"name":"wp","href":"https:\/\/api.w.org\/{rel}","templated":true}]}}