{"id":10001,"date":"2025-11-29T18:25:44","date_gmt":"2025-11-29T17:25:44","guid":{"rendered":"https:\/\/sailiz.fr\/profesionales\/"},"modified":"2026-03-10T06:02:05","modified_gmt":"2026-03-10T05:02:05","slug":"profesionales","status":"publish","type":"page","link":"https:\/\/sailiz.fr\/es\/profesionales\/","title":{"rendered":"Profesionales"},"content":{"rendered":"\t\t<div data-elementor-type=\"wp-page\" data-elementor-id=\"10001\" class=\"elementor elementor-10001 elementor-6638\" data-elementor-post-type=\"page\">\n\t\t\t\t<div class=\"elementor-element elementor-element-84192bc e-flex e-con-boxed e-con e-parent\" data-id=\"84192bc\" data-element_type=\"container\" data-e-type=\"container\">\n\t\t\t\t\t<div class=\"e-con-inner\">\n\t\t<div class=\"elementor-element elementor-element-ca57556 e-con-full e-flex e-con e-child\" data-id=\"ca57556\" data-element_type=\"container\" data-e-type=\"container\">\n\t\t<div class=\"elementor-element elementor-element-8516cba e-con-full e-flex e-con e-child\" data-id=\"8516cba\" data-element_type=\"container\" data-e-type=\"container\">\n\t\t\t\t<div class=\"elementor-element elementor-element-fdc4452 elementor-widget elementor-widget-heading\" data-id=\"fdc4452\" data-element_type=\"widget\" data-e-type=\"widget\" data-widget_type=\"heading.default\">\n\t\t\t\t\t<h1 class=\"elementor-heading-title elementor-size-default\">Profesionales del mar: equipa a tus equipos con Sailiz<\/h1>\t\t\t\t<\/div>\n\t\t\t\t<div class=\"elementor-element elementor-element-11114e1 elementor-widget__width-initial elementor-widget elementor-widget-text-editor\" data-id=\"11114e1\" data-element_type=\"widget\" data-e-type=\"widget\" data-widget_type=\"text-editor.default\">\n\t\t\t\t\t\t\t\t\t<p>\u00bfEres una escuela de vela, un club n\u00e1utico, una empresa mar\u00edtima o del sector offshore? Descubre c\u00f3mo acceder a nuestro equipamiento t\u00e9cnico dise\u00f1ado para mujeres navegantes. <\/p>\t\t\t\t\t\t\t\t<\/div>\n\t\t\t\t<\/div>\n\t\t<div class=\"elementor-element elementor-element-80c7c2a e-con-full e-flex e-con e-child\" data-id=\"80c7c2a\" data-element_type=\"container\" data-e-type=\"container\">\n\t\t<div class=\"elementor-element elementor-element-041655a e-con-full e-flex e-con e-child\" data-id=\"041655a\" data-element_type=\"container\" data-e-type=\"container\">\n\t\t\t\t<div class=\"elementor-element elementor-element-92b8e98 elementor-widget elementor-widget-heading\" data-id=\"92b8e98\" data-element_type=\"widget\" data-e-type=\"widget\" data-widget_type=\"heading.default\">\n\t\t\t\t\t<h2 class=\"elementor-heading-title elementor-size-default\">Tus opciones de compra<\/h2>\t\t\t\t<\/div>\n\t\t\t\t<div class=\"elementor-element elementor-element-eb5c16f elementor-widget elementor-widget-text-editor\" data-id=\"eb5c16f\" data-element_type=\"widget\" data-e-type=\"widget\" data-widget_type=\"text-editor.default\">\n\t\t\t\t\t\t\t\t\t<strong>\u00bfEst\u00e1s en Breta\u00f1a o eres miembro de Sextant Centrale?<\/strong>\n\t\t\t\t\t\t\t\t<\/div>\n\t\t\t\t<div class=\"elementor-element elementor-element-65e27e3 elementor-widget elementor-widget-text-editor\" data-id=\"65e27e3\" data-element_type=\"widget\" data-e-type=\"widget\" data-widget_type=\"text-editor.default\">\n\t\t\t\t\t\t\t\t\tContacta directamente con tu representante para conocer las condiciones reservadas a los profesionales de la regi\u00f3n y a los miembros de la red.\t\t\t\t\t\t\t\t<\/div>\n\t\t\t\t<div class=\"elementor-element elementor-element-0f401d0 elementor-widget elementor-widget-text-editor\" data-id=\"0f401d0\" data-element_type=\"widget\" data-e-type=\"widget\" data-widget_type=\"text-editor.default\">\n\t\t\t\t\t\t\t\t\t<p><strong><span class=\"notion-enable-hover\" data-token-index=\"0\">\u00bfEst\u00e1s cerca de uno de nuestros distribuidores?<\/span><\/strong><\/p>\t\t\t\t\t\t\t\t<\/div>\n\t\t\t\t<div class=\"elementor-element elementor-element-2a46008 elementor-widget elementor-widget-text-editor\" data-id=\"2a46008\" data-element_type=\"widget\" data-e-type=\"widget\" data-widget_type=\"text-editor.default\">\n\t\t\t\t\t\t\t\t\t<p>Ac\u00e9rcate a tu punto de venta habitual. Nuestros socios distribuidores pueden ayudarte con tus pedidos profesionales y ofrecerte condiciones adaptadas. <\/p><p> <\/p><p><strong>\u00bfNecesitas un acompa\u00f1amiento a medida?<\/strong><\/p><p> <\/p><p>Env\u00edanos tu solicitud con:<\/p><ul><li>El tipo de estructura (escuela de vela, club, empresa mar\u00edtima&#8230;)<\/li><li>Los productos que te interesan<\/li><li>Las cantidades previstas<\/li><li>Tus requisitos espec\u00edficos<\/li><\/ul><p><br><\/p>\t\t\t\t\t\t\t\t<\/div>\n\t\t\t\t<div class=\"elementor-element elementor-element-ebcee99 elementor-widget elementor-widget-text-editor\" data-id=\"ebcee99\" data-element_type=\"widget\" data-e-type=\"widget\" data-widget_type=\"text-editor.default\">\n\t\t\t\t\t\t\t\t\t<p>Elaboraremos un presupuesto personalizado y adaptado a tus necesidades.<\/p>\t\t\t\t\t\t\t\t<\/div>\n\t\t\t\t<div class=\"elementor-element elementor-element-cb9b1c1 elementor-align-left elementor-widget elementor-widget-button\" data-id=\"cb9b1c1\" data-element_type=\"widget\" data-e-type=\"widget\" data-widget_type=\"button.default\">\n\t\t\t\t\t\t\t\t\t\t<a class=\"elementor-button elementor-button-link elementor-size-sm\" href=\"https:\/\/sailiz.fr\/es\/contacto\/\">\n\t\t\t\t\t\t<span class=\"elementor-button-content-wrapper\">\n\t\t\t\t\t\t\t\t\t<span class=\"elementor-button-text\">Contactar con nosotros<\/span>\n\t\t\t\t\t<\/span>\n\t\t\t\t\t<\/a>\n\t\t\t\t\t\t\t\t<\/div>\n\t\t\t\t<\/div>\n\t\t<div class=\"elementor-element elementor-element-1c5efed e-con-full e-flex e-con e-child\" data-id=\"1c5efed\" data-element_type=\"container\" data-e-type=\"container\" data-settings=\"{&quot;background_background&quot;:&quot;classic&quot;}\">\n\t\t\t\t<\/div>\n\t\t\t\t<\/div>\n\t\t\t\t<\/div>\n\t\t\t\t\t<\/div>\n\t\t\t\t<\/div>\n\t\t\t\t<\/div>\n\t\t","protected":false},"excerpt":{"rendered":"<p>Profesionales del mar: equipa a tus equipos con Sailiz \u00bfEres una escuela de vela, un club n\u00e1utico, una empresa mar\u00edtima o del sector offshore? Descubre c\u00f3mo acceder a nuestro equipamiento t\u00e9cnico dise\u00f1ado para mujeres navegantes. Tus opciones de compra \u00bfEst\u00e1s en Breta\u00f1a o eres miembro de Sextant Centrale? Contacta directamente con tu representante para conocer [&hellip;]<\/p>\n","protected":false},"author":55,"featured_media":0,"parent":0,"menu_order":0,"comment_status":"closed","ping_status":"closed","template":"elementor_header_footer","meta":{"_acf_changed":false,"footnotes":""},"class_list":["post-10001","page","type-page","status-publish","hentry"],"acf":[],"_links":{"self":[{"href":"https:\/\/sailiz.fr\/es\/wp-json\/wp\/v2\/pages\/10001","targetHints":{"allow":["GET"]}}],"collection":[{"href":"https:\/\/sailiz.fr\/es\/wp-json\/wp\/v2\/pages"}],"about":[{"href":"https:\/\/sailiz.fr\/es\/wp-json\/wp\/v2\/types\/page"}],"author":[{"embeddable":true,"href":"https:\/\/sailiz.fr\/es\/wp-json\/wp\/v2\/users\/55"}],"replies":[{"embeddable":true,"href":"https:\/\/sailiz.fr\/es\/wp-json\/wp\/v2\/comments?post=10001"}],"version-history":[{"count":0,"href":"https:\/\/sailiz.fr\/es\/wp-json\/wp\/v2\/pages\/10001\/revisions"}],"wp:attachment":[{"href":"https:\/\/sailiz.fr\/es\/wp-json\/wp\/v2\/media?parent=10001"}],"curies":[{"name":"wp","href":"https:\/\/api.w.org\/{rel}","templated":true}]}}